{"id":382,"date":"2022-10-16T04:31:29","date_gmt":"2022-10-16T06:31:29","guid":{"rendered":"https:\/\/pruebas.michollo.to\/producto\/antminer-e7-800mhs\/"},"modified":"2025-09-04T10:28:54","modified_gmt":"2025-09-04T08:28:54","slug":"antminer-e7-800mhs","status":"publish","type":"product","link":"https:\/\/pruebas.michollo.to\/en\/product\/antminer-e7-800mhs\/","title":{"rendered":"Antminer E7 800Mhs"},"content":{"rendered":"<h4><b>Antminer<\/b> E7 800Mhs<\/h4>\n<div>The <b>Antminer<\/b> E7 800Mhs of <b>Bitmain<\/b>which specialises in mining Ethereum Classic, has a higher performance than any other <a href=\"https:\/\/www.minandovoy.com\/categoria\/rigs-de-gpu\/\">GPU<\/a>.\u00a0<b>\u00a0<\/b>This ASIC dedicated to the mining of <a href=\"https:\/\/www.minandovoy.com\/categoria\/mineros\/?algoritmos=ethash\">Ethash<\/a>has a mining power of 800MHs and a power consumption of 1,300w\/h.<\/div>\n<div>\n<div class=\"jnews_inline_related_post_wrapper right\">\n<div class=\"jnews_inline_related_post\">\n<div class=\"jeg_postblock_21 jeg_postblock jeg_module_hook jeg_pagination_disable jeg_col_2o3 jnews_module_337080_0_6385e584c0f23\" data-unique=\"jnews_module_337080_0_6385e584c0f23\">\n<div class=\"jeg_block_heading jeg_block_heading_5 jeg_subcat_right\"><\/div>\n<\/div>\n<\/div>\n<\/div>\n<h3><b>What is Bitmain?<\/b><\/h3>\n<p><em>Bitmain<\/em> is a company based in Beijing, China. It is considered one of the most important companies in the cryptocurrency industry for producing high-quality mining hardware with enormous mining capabilities and for its technological advances. It is the world's largest designer of cryptocurrency mining equipment.\u00a0<em>ASIC<\/em>\u00a0for mining\u00a0<em>Bitcoin<\/em>.<\/p>\n<p>Bitmain is mostly known for its Bitcoin hardware, although it is interested in projects that bring solidity to its business, such as Ethereum\/Ethereum Classic.<\/p>\n<p>In April 2021, the large manufacturer announced the launch of a machine for Ethreum mining whose name would be, Antminer E7 800M. This real beast has the equivalent power of 8 Nvidia RTX 3080 GPUs.<\/p>\n<h2><b>Coins that can be mined with Antminer E7 800Mhs<\/b><\/h2>\n<p>We put it in a clear way so that you can understand it without complications. Below you can see the most important coins for the EtHash algorithm of the Antminer E7 800mhs miner.<\/p>\n<ul>\n<li>Ethereum Classic (ETC)<\/li>\n<li>Musicoin (MUSIC)<\/li>\n<li>Ubiq (UBQ)<\/li>\n<\/ul>\n<h3><strong><a href=\"https:\/\/coinmarketcap.com\/es\/currencies\/ethereum-classic\/\">Ethereum classic<\/a> vs Ethereum:<\/strong><\/h3>\n<p>This cryptocurrency was launched in July 2016, and its main function is to serve as a network for<br \/>\nsmart contracts, with the ability to store and support Dapps.<br \/>\nSince the launch of this crypto, it has tried to differentiate itself from its big brother, as it has<br \/>\nthat it set out to preserve the integrity of the existing ETH blockchain.<\/p>\n<p>&nbsp;<\/p>\n<p>Click here <a href=\"https:\/\/www.youtube.com\/watch?v=BtF49i6Glnc\">here<\/a> to know the difference between an ASIC and a RIG.<\/p>\n<\/div>","protected":false},"excerpt":{"rendered":"<p>Antminer E7 800Mhs El Antminer E7 800Mhs de Bitmain, especializado en minar Ethereum Classic, tiene un rendimiento mayor que cualquier GPU.\u00a0\u00a0Este ASIC dedicado a la miner\u00eda de Ethash, tiene una potencia de minado de 800MHs y un consumo de 1.300w\/h. \u00bfQu\u00e9 es Bitmain? Bitmain es una compa\u00f1\u00eda con sede en Beijing, China. Es considerada una [&hellip;]<\/p>\n","protected":false},"featured_media":383,"comment_status":"open","ping_status":"closed","template":"","meta":[],"product_brand":[],"product_cat":[19],"product_tag":[52],"class_list":{"0":"post-382","1":"product","2":"type-product","3":"status-publish","4":"has-post-thumbnail","6":"product_cat-mineros","7":"product_tag-asic","9":"first","10":"outofstock","11":"taxable","12":"shipping-taxable","13":"purchasable","14":"product-type-simple"},"_links":{"self":[{"href":"https:\/\/pruebas.michollo.to\/en\/wp-json\/wp\/v2\/product\/382","targetHints":{"allow":["GET"]}}],"collection":[{"href":"https:\/\/pruebas.michollo.to\/en\/wp-json\/wp\/v2\/product"}],"about":[{"href":"https:\/\/pruebas.michollo.to\/en\/wp-json\/wp\/v2\/types\/product"}],"replies":[{"embeddable":true,"href":"https:\/\/pruebas.michollo.to\/en\/wp-json\/wp\/v2\/comments?post=382"}],"wp:featuredmedia":[{"embeddable":true,"href":"https:\/\/pruebas.michollo.to\/en\/wp-json\/wp\/v2\/media\/383"}],"wp:attachment":[{"href":"https:\/\/pruebas.michollo.to\/en\/wp-json\/wp\/v2\/media?parent=382"}],"wp:term":[{"taxonomy":"product_brand","embeddable":true,"href":"https:\/\/pruebas.michollo.to\/en\/wp-json\/wp\/v2\/product_brand?post=382"},{"taxonomy":"product_cat","embeddable":true,"href":"https:\/\/pruebas.michollo.to\/en\/wp-json\/wp\/v2\/product_cat?post=382"},{"taxonomy":"product_tag","embeddable":true,"href":"https:\/\/pruebas.michollo.to\/en\/wp-json\/wp\/v2\/product_tag?post=382"}],"curies":[{"name":"wp","href":"https:\/\/api.w.org\/{rel}","templated":true}]}}