{"id":3921,"date":"2024-03-15T13:44:01","date_gmt":"2024-03-15T15:44:01","guid":{"rendered":"https:\/\/www.minandovoy.com\/?post_type=product&#038;p=3921"},"modified":"2025-05-09T14:47:05","modified_gmt":"2025-05-09T12:47:05","slug":"goldshell-ka-box-kaspa-miner-1-18-th400-w-y-35-db","status":"publish","type":"product","link":"https:\/\/pruebas.michollo.to\/en\/product\/goldshell-ka-box-kaspa-miner-1-18-th400-w-y-35-db\/","title":{"rendered":"Goldshell KA Box Kaspa Miner 1.18 Th,400 W and 35 Db"},"content":{"rendered":"<p>The <strong>Goldshell KA BOX<\/strong> is the pinnacle of domestic mining for KASPA.<\/p>\n<p>This is an advanced solution for Kaspa cryptocurrency enthusiasts. With its impressive efficiency and quiet operation, this miner is an excellent addition to any home mining setup. Experience the power of<strong> 1.18 TH\/s<\/strong> with only<strong> 400 W<\/strong>all housed in a compact and elegant format.<\/p>\n<p>&nbsp;<\/p>\n<p>It only produces a noise of 35 Db, this box comes out in March and is the perfect middle ground between the ks0 and the ks3m.<\/p>","protected":false},"excerpt":{"rendered":"<p>El Goldshell KA BOX es la c\u00faspide de la miner\u00eda dom\u00e9stica para KASPA. Se trata de una soluci\u00f3n avanzada para los entusiastas de las criptomonedas de Kaspa. Con su impresionante eficiencia y funcionamiento silencioso, este minero es un complemento excelente para cualquier configuraci\u00f3n de miner\u00eda dom\u00e9stica. Experimenta la potencia de 1.18 TH\/s con tan solo [&hellip;]<\/p>\n","protected":false},"featured_media":3936,"comment_status":"open","ping_status":"closed","template":"","meta":[],"product_brand":[],"product_cat":[19],"product_tag":[138,137],"class_list":{"0":"post-3921","1":"product","2":"type-product","3":"status-publish","4":"has-post-thumbnail","6":"product_cat-mineros","7":"product_tag-mineros-para-avanzados","8":"product_tag-mineros-para-principiantes","10":"first","11":"outofstock","12":"taxable","13":"shipping-taxable","14":"purchasable","15":"product-type-simple"},"_links":{"self":[{"href":"https:\/\/pruebas.michollo.to\/en\/wp-json\/wp\/v2\/product\/3921","targetHints":{"allow":["GET"]}}],"collection":[{"href":"https:\/\/pruebas.michollo.to\/en\/wp-json\/wp\/v2\/product"}],"about":[{"href":"https:\/\/pruebas.michollo.to\/en\/wp-json\/wp\/v2\/types\/product"}],"replies":[{"embeddable":true,"href":"https:\/\/pruebas.michollo.to\/en\/wp-json\/wp\/v2\/comments?post=3921"}],"wp:featuredmedia":[{"embeddable":true,"href":"https:\/\/pruebas.michollo.to\/en\/wp-json\/wp\/v2\/media\/3936"}],"wp:attachment":[{"href":"https:\/\/pruebas.michollo.to\/en\/wp-json\/wp\/v2\/media?parent=3921"}],"wp:term":[{"taxonomy":"product_brand","embeddable":true,"href":"https:\/\/pruebas.michollo.to\/en\/wp-json\/wp\/v2\/product_brand?post=3921"},{"taxonomy":"product_cat","embeddable":true,"href":"https:\/\/pruebas.michollo.to\/en\/wp-json\/wp\/v2\/product_cat?post=3921"},{"taxonomy":"product_tag","embeddable":true,"href":"https:\/\/pruebas.michollo.to\/en\/wp-json\/wp\/v2\/product_tag?post=3921"}],"curies":[{"name":"wp","href":"https:\/\/api.w.org\/{rel}","templated":true}]}}