{"id":416,"date":"2022-10-16T04:37:00","date_gmt":"2022-10-16T06:37:00","guid":{"rendered":"https:\/\/pruebas.michollo.to\/producto\/rig-extreme\/"},"modified":"2025-05-09T14:47:27","modified_gmt":"2025-05-09T12:47:27","slug":"rig-extreme","status":"publish","type":"product","link":"https:\/\/pruebas.michollo.to\/en\/product\/rig-extreme\/","title":{"rendered":"Rig extreme - dual mining ETHF + KAS, NEOXA, ETC, FLUX"},"content":{"rendered":"<p data-sanitized-data-mce-fragment=\"1\"><em>*PRICE WITHOUT VAT, CONSULT CONDITIONS<\/em><\/p>\n<p data-sanitized-data-mce-fragment=\"1\">Our plan is to divide the investment setup among the best algorithms based on their current profitability to shorten the payback time.<\/p>\n<p data-sanitized-data-mce-fragment=\"1\">After the Merge, new mining opportunities emerged such as Ravencoin, Beam, Flux, Ergo, Alephium, Conflux, Neoxa or Kaspa. These cryptocurrencies can be combined in dual mining to maximise the performance of your rig.<\/p>\n<p data-sanitized-data-mce-fragment=\"1\"><img decoding=\"async\" src=\"https:\/\/cdn.shopify.com\/s\/files\/1\/0531\/4877\/8652\/files\/Disenosintitulo_2_1024x1024.png?v=1666164826\" alt=\"\" \/><\/p>\n<p data-sanitized-data-mce-fragment=\"1\"><img loading=\"lazy\" decoding=\"async\" style=\"display: block; margin-left: auto; margin-right: auto;\" src=\"https:\/\/cdn.shopify.com\/s\/files\/1\/0531\/4877\/8652\/files\/Imagen1_480x480.png?v=1645536577\" alt=\"\" width=\"380\" height=\"114\" data-sanitized-data-mce-src=\"https:\/\/cdn.shopify.com\/s\/files\/1\/0531\/4877\/8652\/files\/Imagen1_480x480.png?v=1645536577\" data-sanitized-data-mce-style=\"display: block; margin-left: auto; margin-right: auto;\" \/><\/p>\n<ul>\n<li><strong>Monthly yield 140$-160$ (DUAL MINING, ETHF+KAS, ETC+KAS NEOXA,RVN)<\/strong><\/li>\n<li><em>*Returns based on current market. Considerable upside expected in the medium term.<\/em><\/li>\n<li><em data-sanitized-data-mce-fragment=\"1\">Consumption W\/Hour:<strong data-sanitized-data-mce-fragment=\"1\">\u00a01500w<\/strong><\/em><\/li>\n<li>Mining power in the Ethash algorithm:<strong>\u00a0670 mhs<\/strong><\/li>\n<li data-sanitized-data-mce-fragment=\"1\">Possibility of mounting with: 11 units rx6800\/rtx3060ti\/rtx3070<\/li>\n<\/ul>\n<p data-sanitized-data-mce-fragment=\"1\">The current goal is to accumulate as many cryptocurrencies as possible in order to multiply the current profitability when they rise in value. These emerging cryptocurrencies are very interesting to mine because of their large margin of value increase and very interesting projects with very useful applications for the\u00a0<span data-sanitized-data-mce-fragment=\"1\">Blockchain.<\/span><\/p>\n<p data-sanitized-data-mce-fragment=\"1\">\n<p data-sanitized-data-mce-fragment=\"1\">Included in the price:<\/p>\n<ul>\n<li><strong>Configuration<\/strong>The configuration and assembly of each RIG is included in the price.<\/li>\n<li><strong>Support and follow-up<\/strong>: Includes during\u00a0<strong>six months<\/strong>\u00a0support for any incident caused (EXCEPT what is detailed as out of WARRANTY).<\/li>\n<li><strong>Guarantee<\/strong>: All machines have\u00a0<strong>THREE<\/strong>\u00a0years of warranty.<\/li>\n<\/ul>\n<p data-sanitized-data-mce-fragment=\"1\">\n<p data-sanitized-data-mce-fragment=\"1\"><img decoding=\"async\" src=\"https:\/\/cdn.shopify.com\/s\/files\/1\/0531\/4877\/8652\/files\/extremm_Trim_480x480.gif?v=1644230727\" alt=\"\" \/><\/p>","protected":false},"excerpt":{"rendered":"<p>*PRECIO SIN IVA, CONSULTAR CONDICIONES Nuestro plan consiste en dividir el montaje de la inversi\u00f3n entre los mejores algoritmos bas\u00e1ndonos en su rentabilidad actual para acortar el tiempo de recuperaci\u00f3n de la inversi\u00f3n. Tras el Merge surgieron nuevas oportunidades de minado como: Ravencoin, Beam, Flux, Ergo, Alephium, Conflux, Neoxa o Kaspa. Estas criptomonedas se puede [&hellip;]<\/p>\n","protected":false},"featured_media":417,"comment_status":"open","ping_status":"closed","template":"","meta":[],"product_brand":[],"product_cat":[18],"product_tag":[29,48,73],"class_list":{"0":"post-416","1":"product","2":"type-product","3":"status-publish","4":"has-post-thumbnail","6":"product_cat-rigs-de-gpu","7":"product_tag-ethereum","8":"product_tag-nuevo","9":"product_tag-toncoin","11":"first","12":"instock","13":"taxable","14":"shipping-taxable","15":"purchasable","16":"product-type-simple"},"_links":{"self":[{"href":"https:\/\/pruebas.michollo.to\/en\/wp-json\/wp\/v2\/product\/416","targetHints":{"allow":["GET"]}}],"collection":[{"href":"https:\/\/pruebas.michollo.to\/en\/wp-json\/wp\/v2\/product"}],"about":[{"href":"https:\/\/pruebas.michollo.to\/en\/wp-json\/wp\/v2\/types\/product"}],"replies":[{"embeddable":true,"href":"https:\/\/pruebas.michollo.to\/en\/wp-json\/wp\/v2\/comments?post=416"}],"wp:featuredmedia":[{"embeddable":true,"href":"https:\/\/pruebas.michollo.to\/en\/wp-json\/wp\/v2\/media\/417"}],"wp:attachment":[{"href":"https:\/\/pruebas.michollo.to\/en\/wp-json\/wp\/v2\/media?parent=416"}],"wp:term":[{"taxonomy":"product_brand","embeddable":true,"href":"https:\/\/pruebas.michollo.to\/en\/wp-json\/wp\/v2\/product_brand?post=416"},{"taxonomy":"product_cat","embeddable":true,"href":"https:\/\/pruebas.michollo.to\/en\/wp-json\/wp\/v2\/product_cat?post=416"},{"taxonomy":"product_tag","embeddable":true,"href":"https:\/\/pruebas.michollo.to\/en\/wp-json\/wp\/v2\/product_tag?post=416"}],"curies":[{"name":"wp","href":"https:\/\/api.w.org\/{rel}","templated":true}]}}