{"id":468,"date":"2022-10-16T04:41:07","date_gmt":"2022-10-16T06:41:07","guid":{"rendered":"https:\/\/pruebas.michollo.to\/producto\/antminer-s19-pro-110-th-s\/"},"modified":"2026-02-23T13:31:49","modified_gmt":"2026-02-23T12:31:49","slug":"antminer-s19k-pro-110-120th","status":"publish","type":"product","link":"https:\/\/pruebas.michollo.to\/en\/product\/antminer-s19-pro-110-120th\/","title":{"rendered":"Antminer S19K PRO"},"content":{"rendered":"<h3>ANTMINER S19K PRO<\/h3>\n<h3><b>What is Bitmain?<\/b><\/h3>\n<p><em>Bitmain<\/em>\u00a0is a company based in Beijing, China. It is considered one of the most important companies in the cryptocurrency industry for producing high-quality mining hardware with enormous mining capabilities and for its technological advances. It is the world's largest designer of cryptocurrency mining equipment.\u00a0<em>ASIC<\/em>\u00a0for mining\u00a0<em>Bitcoin<\/em>.<\/p>\n<p>Bitmain, is mostly recognised for Bitcoin hardware.<\/p>\n<div class=\"asicminer-widget-container\" style=\"width: 100%; min-height: 300px;\">\n            <iframe id=\"asicminer-widget-7430\" \n                    src=\"https:\/\/pruebas.michollo.to\/wp-content\/themes\/minandovoy\/proxy-widget.php?miner=bitmain\/antminer-s19k-pro-120th&#038;type=profit&#038;theme=dark\" \n                    width=\"100%\" \n                    height=\"300\" \n                    frameborder=\"0\"\n                    loading=\"lazy\"\n                    style=\"border: none; overflow: hidden;\"\n                    title=\"ASIC Miner Widget\">\n            <\/iframe>\n        <\/div>\n<h3><strong>A BIT ABOUT BITCOIN<\/strong><\/h3>\n<p>It is the first cryptocurrency to be developed and, therefore, the one that has paved the way for all the others that came later using its blockchain technology.<\/p>\n<p>There is an amount of Bitcoins that are issued each year and this amount is determined by their algorithm, every 4 years their production is reduced by two, so that only a total of 21 million Bitcoins are issued.<\/p>\n<p>The big difference with conventional currencies is that the banks change the value. This means that the cryptocurrency, in this case Bitcoin, can offer more stability while conventional currencies depreciate in value.<\/p>\n<p>Today, cryptocurrencies are used as a method of payment on many platforms, the currency of exchange in most cases is Bitcoin, as they are secure and private.<\/p>\n<p>&nbsp;<\/p>\n<h3><strong>MAIN ADVANTAGES OF <a href=\"https:\/\/coinmarketcap.com\/es\/currencies\/bitcoin\/\">BITCOIN<\/a><\/strong><\/h3>\n<ol>\n<li>Speed: Send money to yourself, regardless of the amount and destination, in a matter of minutes.<\/li>\n<li>Inexpensive: When making a transfer through your bank it can cost you a lot of money, through Bitcoin the cost is free or just a few cents.<\/li>\n<li>Global: You can send anywhere in the world, it has no borders.<\/li>\n<li>Decentralised: No government\/bank can control it, neither in its creation nor in its distribution.<\/li>\n<li>Ownership: The money belongs to you 100%, it cannot be tapped by anyone, you are your own bank.<\/li>\n<li>Transparent:  All transactions are public, but always under pseudonyms.<\/li>\n<li>Limited issuance: No one can generate thousands of Bitcoins just because they feel like it, they appear thanks to mining.<\/li>\n<li>Private: Bitcoin tries to preserve privacy, to a very high degree, although it is not completely anonymous and works to be so.<\/li>\n<\/ol>\n<p>&nbsp;<\/p>\n<p>&nbsp;<\/p>","protected":false},"excerpt":{"rendered":"<p>ANTMINER S19K PRO \u00bfQu\u00e9 es Bitmain? Bitmain\u00a0es una compa\u00f1\u00eda con sede en Beijing, China. Es considerada una de las compa\u00f1\u00edas m\u00e1s importantes en la industria de criptomonedas al generar hardware de miner\u00eda\u00a0de alta calidad, con enormes capacidades mineras y por sus avances tecnol\u00f3gicos. Es la dise\u00f1adora\u00a0m\u00e1s grande del mundo\u00a0de equipos\u00a0ASIC\u00a0para la miner\u00eda\u00a0Bitcoin. Bitmain, es mayormente [&hellip;]<\/p>\n","protected":false},"featured_media":469,"comment_status":"open","ping_status":"closed","template":"","meta":[],"product_brand":[],"product_cat":[19],"product_tag":[52,244,138,137,605],"class_list":{"0":"post-468","1":"product","2":"type-product","3":"status-publish","4":"has-post-thumbnail","6":"product_cat-mineros","7":"product_tag-asic","8":"product_tag-gme","9":"product_tag-mineros-para-avanzados","10":"product_tag-mineros-para-principiantes","11":"product_tag-top-ventas","13":"first","14":"instock","15":"taxable","16":"shipping-taxable","17":"purchasable","18":"product-type-variable","19":"has-default-attributes"},"_links":{"self":[{"href":"https:\/\/pruebas.michollo.to\/en\/wp-json\/wp\/v2\/product\/468","targetHints":{"allow":["GET"]}}],"collection":[{"href":"https:\/\/pruebas.michollo.to\/en\/wp-json\/wp\/v2\/product"}],"about":[{"href":"https:\/\/pruebas.michollo.to\/en\/wp-json\/wp\/v2\/types\/product"}],"replies":[{"embeddable":true,"href":"https:\/\/pruebas.michollo.to\/en\/wp-json\/wp\/v2\/comments?post=468"}],"wp:featuredmedia":[{"embeddable":true,"href":"https:\/\/pruebas.michollo.to\/en\/wp-json\/wp\/v2\/media\/469"}],"wp:attachment":[{"href":"https:\/\/pruebas.michollo.to\/en\/wp-json\/wp\/v2\/media?parent=468"}],"wp:term":[{"taxonomy":"product_brand","embeddable":true,"href":"https:\/\/pruebas.michollo.to\/en\/wp-json\/wp\/v2\/product_brand?post=468"},{"taxonomy":"product_cat","embeddable":true,"href":"https:\/\/pruebas.michollo.to\/en\/wp-json\/wp\/v2\/product_cat?post=468"},{"taxonomy":"product_tag","embeddable":true,"href":"https:\/\/pruebas.michollo.to\/en\/wp-json\/wp\/v2\/product_tag?post=468"}],"curies":[{"name":"wp","href":"https:\/\/api.w.org\/{rel}","templated":true}]}}