{"id":5202,"date":"2024-07-03T13:08:46","date_gmt":"2024-07-03T15:08:46","guid":{"rendered":"https:\/\/www.minandovoy.com\/?post_type=product&#038;p=5202"},"modified":"2025-09-04T10:29:05","modified_gmt":"2025-09-04T08:29:05","slug":"antminer-hs3-8-55th","status":"publish","type":"product","link":"https:\/\/pruebas.michollo.to\/en\/product\/antminer-hs3-8-55th\/","title":{"rendered":"Antminer HS3 8.55Th"},"content":{"rendered":"<p>Do you know about HANDSHAKE mining? Surely you have heard of it, the new release, Antminer HS3 8.55Th will convince you to want to mine this cryptocurrency.<\/p>\n<p>For this machine is the most cost-effective for mining the algorithm <a href=\"https:\/\/coinmarketcap.com\/es\/currencies\/handshake\/\"><b>Handshake<\/b><\/a>with a mining power of 8.55Th per second and a power consumption of 2.079W\/Hour.<\/p>\n<p>This is the ANTMINER HS3 8.55Th<\/p>\n<h3><b>What is Bitmain?<\/b><\/h3>\n<p><em>Bitmain<\/em>\u00a0is a company based in Beijing, China. It is considered one of the most important companies in the cryptocurrency industry for producing high-quality mining hardware with enormous mining capabilities and for its technological advances. It is the world's largest designer of\u00a0<a href=\"https:\/\/www.minandovoy.com\/categoria\/mineros\/\">equipment\u00a0<em>ASIC<\/em><\/a>\u00a0for mining\u00a0<em>Bitcoin<\/em>.<\/p>\n<p>Bitmain is mostly known for its Bitcoin hardware, although it is interested in projects that bring solidity to its business, such as Ethereum\/Ethereum Classic.<\/p>\n<p>In April 2021, the large manufacturer announced the launch of an Ethreum mining machine to be named,\u00a0<a href=\"https:\/\/www.asicminervalue.com\/miners\/bitmain\/antminer-e9-2-4gh\" target=\"_blank\" rel=\"noopener\">Antminer E9<\/a>. This true beast has the equivalent power of 25 Nvidia RTX 3080 GPUs.<\/p>\n<p>&nbsp;<\/p>\n<h2>A LITTLE ABOUT <a href=\"https:\/\/www.minandovoy.com\/tienda\/?algoritmos=handshake\">HANDSHAKE<\/a> and mining with the new antminer HS3 9T:<\/h2>\n<p>Handshake is a blockchain project that the team defines as a \"blockchain project\".<strong>decentralised, permissionless naming protocol compatible with DNS<\/strong>\u00a0where each peer is validating and in charge of administering the root zone with the aim of creating an alternative to the existing certification authorities\".<\/p>\n<p>What Handshake aims to do is to <strong>replace the root zone file and the root servers with a public good<\/strong>. In this way, its protocol maintains the root zone file in a decentralised manner.<\/p>\n<p>Handshake aims to <strong>replace the digital entities that currently authenticate web payments<\/strong>. In addition, it aims to reward those who contribute to the essential infrastructure for the Internet.<\/p>\n<p>&nbsp;<\/p>","protected":false},"excerpt":{"rendered":"<p>\u00bfConoces la miner\u00eda de HANDSHAKE? Seguro que alguna vez has escuchado hablar de ella, el nuevo lanzamiento, Antminer HS3 8.55Th te convencer\u00e1 de querer minar esta criptomoneda. Pues esta m\u00e1quina es la m\u00e1s rentable para la miner\u00eda del algoritmo Handshake, con una potencia de minado de 8.55Th por segundo y un consumo de 2.079W\/Hora. Se [&hellip;]<\/p>\n","protected":false},"featured_media":1269,"comment_status":"open","ping_status":"closed","template":"","meta":[],"product_brand":[],"product_cat":[19],"product_tag":[244],"class_list":{"0":"post-5202","1":"product","2":"type-product","3":"status-publish","4":"has-post-thumbnail","6":"product_cat-mineros","7":"product_tag-gme","9":"first","10":"outofstock","11":"taxable","12":"shipping-taxable","13":"purchasable","14":"product-type-simple"},"_links":{"self":[{"href":"https:\/\/pruebas.michollo.to\/en\/wp-json\/wp\/v2\/product\/5202","targetHints":{"allow":["GET"]}}],"collection":[{"href":"https:\/\/pruebas.michollo.to\/en\/wp-json\/wp\/v2\/product"}],"about":[{"href":"https:\/\/pruebas.michollo.to\/en\/wp-json\/wp\/v2\/types\/product"}],"replies":[{"embeddable":true,"href":"https:\/\/pruebas.michollo.to\/en\/wp-json\/wp\/v2\/comments?post=5202"}],"wp:featuredmedia":[{"embeddable":true,"href":"https:\/\/pruebas.michollo.to\/en\/wp-json\/wp\/v2\/media\/1269"}],"wp:attachment":[{"href":"https:\/\/pruebas.michollo.to\/en\/wp-json\/wp\/v2\/media?parent=5202"}],"wp:term":[{"taxonomy":"product_brand","embeddable":true,"href":"https:\/\/pruebas.michollo.to\/en\/wp-json\/wp\/v2\/product_brand?post=5202"},{"taxonomy":"product_cat","embeddable":true,"href":"https:\/\/pruebas.michollo.to\/en\/wp-json\/wp\/v2\/product_cat?post=5202"},{"taxonomy":"product_tag","embeddable":true,"href":"https:\/\/pruebas.michollo.to\/en\/wp-json\/wp\/v2\/product_tag?post=5202"}],"curies":[{"name":"wp","href":"https:\/\/api.w.org\/{rel}","templated":true}]}}