{"id":5205,"date":"2024-07-03T13:20:28","date_gmt":"2024-07-03T15:20:28","guid":{"rendered":"https:\/\/www.minandovoy.com\/?post_type=product&#038;p=5205"},"modified":"2026-02-23T13:18:45","modified_gmt":"2026-02-23T12:18:45","slug":"antminer-s21-xp-hyd-473th","status":"publish","type":"product","link":"https:\/\/pruebas.michollo.to\/en\/product\/antminer-s21-xp-hyd-473th\/","title":{"rendered":"Antminer S21 XP Hyd 473Th"},"content":{"rendered":"<h2>Antminer S21 XP Hyd 473Th<\/h2>\n<p>Antminer S21 XP HYD the new machine for the <a href=\"https:\/\/www.minandovoy.com\/categoria\/mineros\/?algoritmos=sha-256\">Bitcoin mining<\/a> (SHA-256) with a computational power of 473T and a power consumption of 5676W\/Hour.<\/p>\n<p>Este minero se emitir\u00e1 en Octubre de 2024.<\/p>\n<p>It is hydraulically cooled, the great advantage is that you avoid overheating of the machine and the noise it generates is almost nil, as it does not mount high-flow fans.<\/p>\n<div class=\"asicminer-widget-container\" style=\"width: 100%; min-height: 300px;\">\n            <iframe id=\"asicminer-widget-1245\" \n                    src=\"https:\/\/pruebas.michollo.to\/wp-content\/themes\/minandovoy\/proxy-widget.php?miner=bitmain\/antminer-s21-xp-hyd-473th&#038;type=profit&#038;theme=dark\" \n                    width=\"100%\" \n                    height=\"300\" \n                    frameborder=\"0\"\n                    loading=\"lazy\"\n                    style=\"border: none; overflow: hidden;\"\n                    title=\"ASIC Miner Widget\">\n            <\/iframe>\n        <\/div>\n<h3><b>What is Bitmain?<\/b><\/h3>\n<p><em>Bitmain<\/em>\u00a0is a company based in Beijing, China. It is considered one of the most important companies in the cryptocurrency industry for producing high-quality mining hardware with enormous mining capabilities and for its technological advances. It is the world's largest designer of cryptocurrency mining equipment.\u00a0<em>ASIC<\/em>\u00a0for mining\u00a0<em>Bitcoin<\/em>.<\/p>\n<p>Bitmain is mostly known for its Bitcoin hardware, although it is interested in projects that bring solidity to its business, such as Ethereum\/Ethereum Classic.<\/p>\n<p>In April 2021, the large manufacturer announced the launch of an Ethreum mining machine, Antminer E9. This real beast has the equivalent power of 25 Nvidia RTX 3080 GPUs.<\/p>\n<p>&nbsp;<\/p>\n<p><em>Este producto cuenta con 1 a\u00f1o de garant\u00eda desde la fecha de compra. Durante este per\u00edodo, cubrimos cualquier defecto de fabricaci\u00f3n o funcionamiento an\u00f3malo bajo condiciones normales de uso.<\/em><\/p>\n<p><em>Para hacer efectiva la garant\u00eda, simplemente conserva tu comprobante de compra y contacta con nuestro servicio de atenci\u00f3n al cliente.<\/em><\/p>\n<h3><strong>A LITTLE ABOUT <a href=\"https:\/\/coinmarketcap.com\/es\/currencies\/bitcoin\/\">BITCOIN<\/a><\/strong><\/h3>\n<p>It is the first cryptocurrency to be developed and, therefore, the one that has paved the way for all the others that came later using its blockchain technology.<\/p>\n<p>There is an amount of Bitcoins that are issued each year and this amount is determined by their algorithm, every 4 years their production is reduced by two, so that only a total of 21 million Bitcoins are issued.<\/p>\n<p>The big difference with conventional currencies is that the banks change the value. This means that the cryptocurrency, in this case Bitcoin, can offer more stability while conventional currencies depreciate in value.<\/p>\n<p>Today, cryptocurrencies are used as a method of payment on many platforms, the currency of exchange in most cases is Bitcoin, as they are secure and private.<\/p>\n<p>&nbsp;<\/p>\n<h3><strong>MAIN ADVANTAGES OF BITCOIN<\/strong><\/h3>\n<ol>\n<li>Speed: Send money to yourself, regardless of the amount and destination, in a matter of minutes.<\/li>\n<li>Inexpensive: When making a transfer through your bank it can cost you a lot of money, through Bitcoin the cost is free or just a few cents.<\/li>\n<li>Global: You can send anywhere in the world, it has no borders.<\/li>\n<li>Decentralised: No government\/bank can control it, neither in its creation nor in its distribution.<\/li>\n<li>Ownership: The money belongs to you 100%, it cannot be tapped by anyone, you are your own bank.<\/li>\n<li>Transparent:  All transactions are public, but always under pseudonyms.<\/li>\n<li>Limited issuance: No one can generate thousands of Bitcoins just because they feel like it, they appear thanks to mining.<\/li>\n<li>Private: Bitcoin tries to preserve privacy, to a very high degree, although it is not completely anonymous and works to be so.<\/li>\n<\/ol>","protected":false},"excerpt":{"rendered":"<p>Antminer S21 XP Hyd 473Th Antminer S21 XP HYD\u00a0 la nueva m\u00e1quina para la miner\u00eda de Bitcoin (SHA-256) con un poder computacional de 473T y un consumo el\u00e9ctrico de\u00a0 5676W\/Hora. Este minero se emitir\u00e1 en Octubre de 2024. Tiene refrigeraci\u00f3n hidr\u00e1ulica, la gran ventaja es que evitas el sobrecalentamiento de la m\u00e1quina y el ruido [&hellip;]<\/p>\n","protected":false},"featured_media":2680,"comment_status":"open","ping_status":"closed","template":"","meta":[],"product_brand":[],"product_cat":[19,15],"product_tag":[52,244,138,139,137],"class_list":{"0":"post-5205","1":"product","2":"type-product","3":"status-publish","4":"has-post-thumbnail","6":"product_cat-mineros","7":"product_cat-sin-categorizar","8":"product_tag-asic","9":"product_tag-gme","10":"product_tag-mineros-para-avanzados","11":"product_tag-mineros-para-expertos","12":"product_tag-mineros-para-principiantes","14":"first","15":"instock","16":"taxable","17":"shipping-taxable","18":"purchasable","19":"product-type-simple"},"_links":{"self":[{"href":"https:\/\/pruebas.michollo.to\/en\/wp-json\/wp\/v2\/product\/5205","targetHints":{"allow":["GET"]}}],"collection":[{"href":"https:\/\/pruebas.michollo.to\/en\/wp-json\/wp\/v2\/product"}],"about":[{"href":"https:\/\/pruebas.michollo.to\/en\/wp-json\/wp\/v2\/types\/product"}],"replies":[{"embeddable":true,"href":"https:\/\/pruebas.michollo.to\/en\/wp-json\/wp\/v2\/comments?post=5205"}],"wp:featuredmedia":[{"embeddable":true,"href":"https:\/\/pruebas.michollo.to\/en\/wp-json\/wp\/v2\/media\/2680"}],"wp:attachment":[{"href":"https:\/\/pruebas.michollo.to\/en\/wp-json\/wp\/v2\/media?parent=5205"}],"wp:term":[{"taxonomy":"product_brand","embeddable":true,"href":"https:\/\/pruebas.michollo.to\/en\/wp-json\/wp\/v2\/product_brand?post=5205"},{"taxonomy":"product_cat","embeddable":true,"href":"https:\/\/pruebas.michollo.to\/en\/wp-json\/wp\/v2\/product_cat?post=5205"},{"taxonomy":"product_tag","embeddable":true,"href":"https:\/\/pruebas.michollo.to\/en\/wp-json\/wp\/v2\/product_tag?post=5205"}],"curies":[{"name":"wp","href":"https:\/\/api.w.org\/{rel}","templated":true}]}}