{"id":5361,"date":"2024-07-17T10:15:39","date_gmt":"2024-07-17T08:15:39","guid":{"rendered":"https:\/\/www.minandovoy.com\/?post_type=product&#038;p=5361"},"modified":"2025-05-09T14:47:00","modified_gmt":"2025-05-09T12:47:00","slug":"goldshell-ka-box-pro-alph-miner2-720","status":"publish","type":"product","link":"https:\/\/pruebas.michollo.to\/en\/product\/goldshell-ka-box-pro-alph-miner2-720\/","title":{"rendered":"Goldshell AL BOX II 720GH\/S 360W Alephium Miner ALPH Mining"},"content":{"rendered":"<p>The<strong> Goldshell AL BOX II<\/strong> represents an update of its predecessor, the <strong>Goldshell AL BOX<\/strong>which has double the hashrate and, consequently, doubles the profits. Designed for coin mining<strong> ALPH<\/strong>the Goldshell AL Box ASIC miner <strong>720G 360W<\/strong> stands out for its efficiency for domestic mining operations. Its combination of powerful performance and energy efficiency makes it an excellent choice for those looking to improve profitability while reducing operating costs.<\/p>\n<p>Specifications<br \/>\nManufacturer: Goldshell<br \/>\nModel: AL-BOX II<br \/>\nAlso known as: Goldshell AL-BOX ALPH (Alephium) Miner 720Gh<br \/>\nLaunch date: August 2024<br \/>\nSize: 198 x 150 x 95 mm<br \/>\nWeight: 2300 g<br \/>\nNoise level: 35 db<br \/>\nFans: 2<br \/>\nHash rate: 720 GH<br \/>\nPower consumption: 360 W<br \/>\nConnection: Ethernet<br \/>\nOperating temperature: 5 - 35 \u00b0C<br \/>\nHumidity: 5 - 65%<\/p>","protected":false},"excerpt":{"rendered":"<p>El Goldshell AL BOX II representa una actualizaci\u00f3n de su predecesor, el Goldshell AL BOX, que cuenta con el doble de hashrate y, en consecuencia, duplica las ganancias. Dise\u00f1ado para la miner\u00eda de monedas ALPH, el minero ASIC Goldshell AL Box 720G 360W destaca por su eficiencia para las operaciones mineras dom\u00e9sticas. Su combinaci\u00f3n de [&hellip;]<\/p>\n","protected":false},"featured_media":3936,"comment_status":"open","ping_status":"closed","template":"","meta":[],"product_brand":[],"product_cat":[19],"product_tag":[53,138,137],"class_list":{"0":"post-5361","1":"product","2":"type-product","3":"status-publish","4":"has-post-thumbnail","6":"product_cat-mineros","7":"product_tag-goldshell-miner","8":"product_tag-mineros-para-avanzados","9":"product_tag-mineros-para-principiantes","11":"first","12":"outofstock","13":"taxable","14":"shipping-taxable","15":"purchasable","16":"product-type-simple"},"_links":{"self":[{"href":"https:\/\/pruebas.michollo.to\/en\/wp-json\/wp\/v2\/product\/5361","targetHints":{"allow":["GET"]}}],"collection":[{"href":"https:\/\/pruebas.michollo.to\/en\/wp-json\/wp\/v2\/product"}],"about":[{"href":"https:\/\/pruebas.michollo.to\/en\/wp-json\/wp\/v2\/types\/product"}],"replies":[{"embeddable":true,"href":"https:\/\/pruebas.michollo.to\/en\/wp-json\/wp\/v2\/comments?post=5361"}],"wp:featuredmedia":[{"embeddable":true,"href":"https:\/\/pruebas.michollo.to\/en\/wp-json\/wp\/v2\/media\/3936"}],"wp:attachment":[{"href":"https:\/\/pruebas.michollo.to\/en\/wp-json\/wp\/v2\/media?parent=5361"}],"wp:term":[{"taxonomy":"product_brand","embeddable":true,"href":"https:\/\/pruebas.michollo.to\/en\/wp-json\/wp\/v2\/product_brand?post=5361"},{"taxonomy":"product_cat","embeddable":true,"href":"https:\/\/pruebas.michollo.to\/en\/wp-json\/wp\/v2\/product_cat?post=5361"},{"taxonomy":"product_tag","embeddable":true,"href":"https:\/\/pruebas.michollo.to\/en\/wp-json\/wp\/v2\/product_tag?post=5361"}],"curies":[{"name":"wp","href":"https:\/\/api.w.org\/{rel}","templated":true}]}}