{"id":6081,"date":"2024-09-10T13:55:48","date_gmt":"2024-09-10T11:55:48","guid":{"rendered":"https:\/\/www.minandovoy.com\/?post_type=product&#038;p=6081"},"modified":"2025-08-06T17:55:16","modified_gmt":"2025-08-06T15:55:16","slug":"goldshell-e-al1m","status":"publish","type":"product","link":"https:\/\/pruebas.michollo.to\/en\/product\/goldshell-e-al1m\/","title":{"rendered":"Goldshell E-AL1M"},"content":{"rendered":"<p>The<strong> Goldshell E-AL1M<\/strong> has a hashrate of 4.4Th. Designed for coin mining.<strong> ALPH<\/strong>the ASIC miner Goldshell E-AL1M <strong>4.4Th\/s 1.100W<\/strong> stands out for its efficiency for domestic mining operations. Its combination of powerful performance and energy efficiency makes it an excellent choice for those looking to improve profitability while reducing operating costs.<\/p>\n<div class=\"asicminer-widget-container\" style=\"width: 100%; min-height: 300px;\">\n            <iframe id=\"asicminer-widget-1930\" \n                    src=\"https:\/\/pruebas.michollo.to\/wp-content\/themes\/minandovoy\/proxy-widget.php?miner=goldshell\/e-al1m&#038;type=profit&#038;theme=dark\" \n                    width=\"100%\" \n                    height=\"300\" \n                    frameborder=\"0\"\n                    loading=\"lazy\"\n                    style=\"border: none; overflow: hidden;\"\n                    title=\"ASIC Miner Widget\">\n            <\/iframe>\n        <\/div>\n<p>Specifications<br \/>\nManufacturer: Goldshell<br \/>\nModel: E-AL1M<br \/>\nAlso known as: Goldshell E-AL1M - ALPH (Alephium) Miner<br \/>\nLaunch date: September 2024<br \/>\nSize: 443 x 360 x 135 mm<br \/>\nWeight: 18.5 kg<br \/>\nNoise level:45 db<br \/>\nHash rate: 4.4 TH<br \/>\nPower consumption: 1,100 W<br \/>\nConnection: Ethernet<br \/>\nOperating temperature: 0 - 35 \u00b0C<\/p>","protected":false},"excerpt":{"rendered":"<p>El Goldshell E-AL1M cuenta con un hashrate de 4.4Th. Dise\u00f1ado para la miner\u00eda de monedas ALPH, el minero ASIC Goldshell E-AL1M 4.4Th\/s 1.100W destaca por su eficiencia para las operaciones mineras dom\u00e9sticas. Su combinaci\u00f3n de rendimiento potente y eficiencia energ\u00e9tica lo convierte en una opci\u00f3n excelente para quienes buscan mejorar la rentabilidad y al mismo [&hellip;]<\/p>\n","protected":false},"featured_media":16205,"comment_status":"open","ping_status":"closed","template":"","meta":[],"product_brand":[],"product_cat":[19],"product_tag":[244,53,138,137],"class_list":{"0":"post-6081","1":"product","2":"type-product","3":"status-publish","4":"has-post-thumbnail","6":"product_cat-mineros","7":"product_tag-gme","8":"product_tag-goldshell-miner","9":"product_tag-mineros-para-avanzados","10":"product_tag-mineros-para-principiantes","12":"first","13":"outofstock","14":"featured","15":"taxable","16":"shipping-taxable","17":"purchasable","18":"product-type-simple"},"_links":{"self":[{"href":"https:\/\/pruebas.michollo.to\/en\/wp-json\/wp\/v2\/product\/6081","targetHints":{"allow":["GET"]}}],"collection":[{"href":"https:\/\/pruebas.michollo.to\/en\/wp-json\/wp\/v2\/product"}],"about":[{"href":"https:\/\/pruebas.michollo.to\/en\/wp-json\/wp\/v2\/types\/product"}],"replies":[{"embeddable":true,"href":"https:\/\/pruebas.michollo.to\/en\/wp-json\/wp\/v2\/comments?post=6081"}],"wp:featuredmedia":[{"embeddable":true,"href":"https:\/\/pruebas.michollo.to\/en\/wp-json\/wp\/v2\/media\/16205"}],"wp:attachment":[{"href":"https:\/\/pruebas.michollo.to\/en\/wp-json\/wp\/v2\/media?parent=6081"}],"wp:term":[{"taxonomy":"product_brand","embeddable":true,"href":"https:\/\/pruebas.michollo.to\/en\/wp-json\/wp\/v2\/product_brand?post=6081"},{"taxonomy":"product_cat","embeddable":true,"href":"https:\/\/pruebas.michollo.to\/en\/wp-json\/wp\/v2\/product_cat?post=6081"},{"taxonomy":"product_tag","embeddable":true,"href":"https:\/\/pruebas.michollo.to\/en\/wp-json\/wp\/v2\/product_tag?post=6081"}],"curies":[{"name":"wp","href":"https:\/\/api.w.org\/{rel}","templated":true}]}}