{"id":638,"date":"2022-10-25T10:27:46","date_gmt":"2022-10-25T12:27:46","guid":{"rendered":"https:\/\/pruebas.michollo.to\/?post_type=product&#038;p=638"},"modified":"2025-05-09T14:47:24","modified_gmt":"2025-05-09T12:47:24","slug":"sistema-de-refrigeracion-c1-1-asic","status":"publish","type":"product","link":"https:\/\/pruebas.michollo.to\/en\/product\/cooling-system-c1-1-asic\/","title":{"rendered":"Cooling system C1 (1 ASIC)"},"content":{"rendered":"<p>Want to reduce the noise and heat generated by your ASIC mining equipment? No problem... Solution in sight!<\/p>\n<p>Not only will it reduce noise and heat, but it will also increase the mining power, but only in the models below:<\/p>\n<p><img loading=\"lazy\" decoding=\"async\" class=\"size-medium wp-image-640 alignnone\" src=\"https:\/\/pruebas.michollo.to\/wp-content\/uploads\/2022\/10\/C1-COMPATIBLES-300x176.png\" alt=\"\" width=\"300\" height=\"176\" srcset=\"https:\/\/pruebas.michollo.to\/wp-content\/uploads\/2022\/10\/C1-COMPATIBLES-300x176.png 300w, https:\/\/pruebas.michollo.to\/wp-content\/uploads\/2022\/10\/C1-COMPATIBLES-20x12.png 20w, https:\/\/pruebas.michollo.to\/wp-content\/uploads\/2022\/10\/C1-COMPATIBLES-56x33.png 56w, https:\/\/pruebas.michollo.to\/wp-content\/uploads\/2022\/10\/C1-COMPATIBLES-28x16.png 28w, https:\/\/pruebas.michollo.to\/wp-content\/uploads\/2022\/10\/C1-COMPATIBLES-73x43.png 73w, https:\/\/pruebas.michollo.to\/wp-content\/uploads\/2022\/10\/C1-COMPATIBLES-170x100.png 170w, https:\/\/pruebas.michollo.to\/wp-content\/uploads\/2022\/10\/C1-COMPATIBLES-65x38.png 65w, https:\/\/pruebas.michollo.to\/wp-content\/uploads\/2022\/10\/C1-COMPATIBLES-118x69.png 118w, https:\/\/pruebas.michollo.to\/wp-content\/uploads\/2022\/10\/C1-COMPATIBLES-50x29.png 50w, https:\/\/pruebas.michollo.to\/wp-content\/uploads\/2022\/10\/C1-COMPATIBLES-247x145.png 247w, https:\/\/pruebas.michollo.to\/wp-content\/uploads\/2022\/10\/C1-COMPATIBLES-19x11.png 19w, https:\/\/pruebas.michollo.to\/wp-content\/uploads\/2022\/10\/C1-COMPATIBLES-284x166.png 284w, https:\/\/pruebas.michollo.to\/wp-content\/uploads\/2022\/10\/C1-COMPATIBLES.png 461w\" sizes=\"auto, (max-width: 300px) 100vw, 300px\" \/><\/p>\n<p>We also comment on the characteristics of this system:<\/p>\n<ul>\n<li>Outer chassis size: 410mm(L)*400mm(W)*475mm(H)<\/li>\n<li>Inside chassis size: 340mm(L)*210mm(W)*320mm(H)<\/li>\n<li>Weight: 20kg<\/li>\n<li>Input voltage: 200-240V 50\/60Hz (single-phase)<\/li>\n<li>Maximum power load: 4.5kW@30\u00b0C<\/li>\n<li>Power supply interface: 2 x C14 (10A each)<\/li>\n<li>Coolant volume: 26L<\/li>\n<li>Capacity of miners: 1 Unit<\/li>\n<li>Display screen: 1.32-inch OLED screen<\/li>\n<\/ul>\n<p>This system comes with EVERYTHING<\/p>","protected":false},"excerpt":{"rendered":"<p>\u00bfQuieres reducir el ruido y el calor que genera tu equipo de miner\u00eda ASIC? No hay problema\u2026 \u00a1Soluci\u00f3n a la vista! No solo reducirlas ruido y calor, si no que tambi\u00e9n aumentar\u00e1 la potencia de minado, pero solo en los modelos que te dejo a continuaci\u00f3n: Os comentamos, adem\u00e1s, caracter\u00edsticas sobre este sistema: Tama\u00f1o exterior [&hellip;]<\/p>\n","protected":false},"featured_media":639,"comment_status":"open","ping_status":"closed","template":"","meta":[],"product_brand":[],"product_cat":[133],"product_tag":[],"class_list":{"0":"post-638","1":"product","2":"type-product","3":"status-publish","4":"has-post-thumbnail","6":"product_cat-accesorios","8":"first","9":"instock","10":"taxable","11":"shipping-taxable","12":"purchasable","13":"product-type-simple"},"_links":{"self":[{"href":"https:\/\/pruebas.michollo.to\/en\/wp-json\/wp\/v2\/product\/638","targetHints":{"allow":["GET"]}}],"collection":[{"href":"https:\/\/pruebas.michollo.to\/en\/wp-json\/wp\/v2\/product"}],"about":[{"href":"https:\/\/pruebas.michollo.to\/en\/wp-json\/wp\/v2\/types\/product"}],"replies":[{"embeddable":true,"href":"https:\/\/pruebas.michollo.to\/en\/wp-json\/wp\/v2\/comments?post=638"}],"wp:featuredmedia":[{"embeddable":true,"href":"https:\/\/pruebas.michollo.to\/en\/wp-json\/wp\/v2\/media\/639"}],"wp:attachment":[{"href":"https:\/\/pruebas.michollo.to\/en\/wp-json\/wp\/v2\/media?parent=638"}],"wp:term":[{"taxonomy":"product_brand","embeddable":true,"href":"https:\/\/pruebas.michollo.to\/en\/wp-json\/wp\/v2\/product_brand?post=638"},{"taxonomy":"product_cat","embeddable":true,"href":"https:\/\/pruebas.michollo.to\/en\/wp-json\/wp\/v2\/product_cat?post=638"},{"taxonomy":"product_tag","embeddable":true,"href":"https:\/\/pruebas.michollo.to\/en\/wp-json\/wp\/v2\/product_tag?post=638"}],"curies":[{"name":"wp","href":"https:\/\/api.w.org\/{rel}","templated":true}]}}