{"id":728,"date":"2022-10-27T12:44:56","date_gmt":"2022-10-27T14:44:56","guid":{"rendered":"https:\/\/pruebas.michollo.to\/?post_type=product&#038;p=728"},"modified":"2025-05-09T14:47:21","modified_gmt":"2025-05-09T12:47:21","slug":"sudadera-de-minando-voy","status":"publish","type":"product","link":"https:\/\/pruebas.michollo.to\/en\/product\/minando-voy-sweatshirt\/","title":{"rendered":"Minando Voy sweatshirt"},"content":{"rendered":"<p>Think your wardrobe is missing something? Maybe a stylish sweatshirt is what you're looking for... Minando Voy brings it to you!<\/p>\n<p>With this sweatshirt, you'll not only be protected from the cold, but you'll also look like a big winner.<\/p>\n<p>This Minando Voy coloured garment will make you look like a successful person, and of course with a great passion for cryptocurrencies.<\/p>\n<p>This comfortable, yet stylish sweatshirt features a 100% Cotton composition, which helps insulate you from the cold and moisture, is hypoallergenic, comfortable and durable.<\/p>\n<p>&nbsp;<\/p>\n<p>Want to know which size is right for you? Take a look below:<\/p>\n<p><img loading=\"lazy\" decoding=\"async\" class=\"alignnone size-medium wp-image-729\" src=\"https:\/\/pruebas.michollo.to\/wp-content\/uploads\/2022\/10\/A__1_-removebg-preview-300x300.png\" alt=\"sudadera minando voy\" width=\"300\" height=\"300\" srcset=\"https:\/\/pruebas.michollo.to\/wp-content\/uploads\/2022\/10\/A__1_-removebg-preview-300x300.png 300w, https:\/\/pruebas.michollo.to\/wp-content\/uploads\/2022\/10\/A__1_-removebg-preview-150x150.png 150w, https:\/\/pruebas.michollo.to\/wp-content\/uploads\/2022\/10\/A__1_-removebg-preview-100x100.png 100w, https:\/\/pruebas.michollo.to\/wp-content\/uploads\/2022\/10\/A__1_-removebg-preview-20x20.png 20w, https:\/\/pruebas.michollo.to\/wp-content\/uploads\/2022\/10\/A__1_-removebg-preview-56x56.png 56w, https:\/\/pruebas.michollo.to\/wp-content\/uploads\/2022\/10\/A__1_-removebg-preview-28x28.png 28w, https:\/\/pruebas.michollo.to\/wp-content\/uploads\/2022\/10\/A__1_-removebg-preview-73x73.png 73w, https:\/\/pruebas.michollo.to\/wp-content\/uploads\/2022\/10\/A__1_-removebg-preview-170x170.png 170w, https:\/\/pruebas.michollo.to\/wp-content\/uploads\/2022\/10\/A__1_-removebg-preview-65x65.png 65w, https:\/\/pruebas.michollo.to\/wp-content\/uploads\/2022\/10\/A__1_-removebg-preview-69x69.png 69w, https:\/\/pruebas.michollo.to\/wp-content\/uploads\/2022\/10\/A__1_-removebg-preview-50x50.png 50w, https:\/\/pruebas.michollo.to\/wp-content\/uploads\/2022\/10\/A__1_-removebg-preview-247x247.png 247w, https:\/\/pruebas.michollo.to\/wp-content\/uploads\/2022\/10\/A__1_-removebg-preview-19x19.png 19w, https:\/\/pruebas.michollo.to\/wp-content\/uploads\/2022\/10\/A__1_-removebg-preview-284x284.png 284w, https:\/\/pruebas.michollo.to\/wp-content\/uploads\/2022\/10\/A__1_-removebg-preview.png 500w\" sizes=\"auto, (max-width: 300px) 100vw, 300px\" data-no-translation=\"\" \/><\/p>\n<table>\n<tbody>\n<tr>\n<td width=\"142\"><strong>SIZE<\/strong><\/td>\n<td width=\"142\"><strong>LENGTH IN CM (A)<\/strong><\/td>\n<td width=\"142\"><strong>WIDTH IN CM (B)<\/strong><\/td>\n<\/tr>\n<tr>\n<td width=\"142\">S<\/td>\n<td width=\"142\">89-94<\/td>\n<td width=\"142\">81<\/td>\n<\/tr>\n<tr>\n<td width=\"142\">M<\/td>\n<td width=\"142\">96.5-101.5<\/td>\n<td width=\"142\">86<\/td>\n<\/tr>\n<tr>\n<td width=\"142\">L<\/td>\n<td width=\"142\">104-109<\/td>\n<td width=\"142\">91.5<\/td>\n<\/tr>\n<tr>\n<td width=\"142\">XL<\/td>\n<td width=\"142\">112-117<\/td>\n<td width=\"142\">96.5<\/td>\n<\/tr>\n<tr>\n<td width=\"142\">XXL<\/td>\n<td width=\"142\">119.5-124.5<\/td>\n<td width=\"142\">101.5<\/td>\n<\/tr>\n<tr>\n<td width=\"142\"><\/td>\n<td width=\"142\"><\/td>\n<td width=\"142\"><\/td>\n<\/tr>\n<\/tbody>\n<\/table>\n<p>&nbsp;<\/p>\n<p><strong>T-SHIRT WASHING DETAILS<\/strong><\/p>\n<ul>\n<li>Maximum wash at 40\u00baC<\/li>\n<li>Do not use Bleach<\/li>\n<li>Do not tumble dry<\/li>\n<li>Iron at maximum 150\u00baC<\/li>\n<li>Do not dry clean<\/li>\n<\/ul>\n<p>&nbsp;<\/p>","protected":false},"excerpt":{"rendered":"<p>\u00bfCrees que le falta algo a tu armario? \u00a1Quiz\u00e1s una sudadera con estilo sea lo que est\u00e1s buscando\u2026 Minando Voy te lo trae! Con esta sudadera, no solo estar\u00e1s resguardado del fr\u00edo, si no que tambi\u00e9n lucir\u00e1s como un gran triunfador. Esta prenda con los colores de Minando Voy te har\u00e1 ver como una persona [&hellip;]<\/p>\n","protected":false},"featured_media":730,"comment_status":"open","ping_status":"closed","template":"","meta":[],"product_brand":[],"product_cat":[133],"product_tag":[],"class_list":{"0":"post-728","1":"product","2":"type-product","3":"status-publish","4":"has-post-thumbnail","6":"product_cat-accesorios","8":"first","9":"onbackorder","10":"taxable","11":"shipping-taxable","12":"purchasable","13":"product-type-simple"},"_links":{"self":[{"href":"https:\/\/pruebas.michollo.to\/en\/wp-json\/wp\/v2\/product\/728","targetHints":{"allow":["GET"]}}],"collection":[{"href":"https:\/\/pruebas.michollo.to\/en\/wp-json\/wp\/v2\/product"}],"about":[{"href":"https:\/\/pruebas.michollo.to\/en\/wp-json\/wp\/v2\/types\/product"}],"replies":[{"embeddable":true,"href":"https:\/\/pruebas.michollo.to\/en\/wp-json\/wp\/v2\/comments?post=728"}],"wp:featuredmedia":[{"embeddable":true,"href":"https:\/\/pruebas.michollo.to\/en\/wp-json\/wp\/v2\/media\/730"}],"wp:attachment":[{"href":"https:\/\/pruebas.michollo.to\/en\/wp-json\/wp\/v2\/media?parent=728"}],"wp:term":[{"taxonomy":"product_brand","embeddable":true,"href":"https:\/\/pruebas.michollo.to\/en\/wp-json\/wp\/v2\/product_brand?post=728"},{"taxonomy":"product_cat","embeddable":true,"href":"https:\/\/pruebas.michollo.to\/en\/wp-json\/wp\/v2\/product_cat?post=728"},{"taxonomy":"product_tag","embeddable":true,"href":"https:\/\/pruebas.michollo.to\/en\/wp-json\/wp\/v2\/product_tag?post=728"}],"curies":[{"name":"wp","href":"https:\/\/api.w.org\/{rel}","templated":true}]}}