{"id":8614,"date":"2024-09-30T16:00:25","date_gmt":"2024-09-30T14:00:25","guid":{"rendered":"https:\/\/www.minandovoy.com\/?post_type=product&#038;p=8614"},"modified":"2025-08-06T18:16:46","modified_gmt":"2025-08-06T16:16:46","slug":"asic-iceriver-alph-al2-lite-alephium-2-th-s","status":"publish","type":"product","link":"https:\/\/pruebas.michollo.to\/en\/product\/asic-iceriver-alph-al2-lite-alephium-2-th-s\/","title":{"rendered":"ASIC ICERIVER ALPH AL2 LITE (ALEPHIUM) - 2 TH\/s"},"content":{"rendered":"<p>The <strong>Iceriver Al2 Lite(2Th) by Iceriver\u00a0 <\/strong>is a high-end ASIC miner, designed specifically for the algorithm <strong>Blake3<\/strong>. With a maximum hashrate of <strong>2 Th\/s<\/strong> and an energy consumption of <strong>500w<\/strong>This machine is positioned as one of the most efficient and profitable on the market. Ideal for those looking to maximise their income from cryptocurrency mining. This model will be available for the first time in<strong> October 2024.<\/strong><\/p>\n<div class=\"asicminer-widget-container\" style=\"width: 100%; min-height: 300px;\">\n            <iframe id=\"asicminer-widget-9518\" \n                    src=\"https:\/\/pruebas.michollo.to\/wp-content\/themes\/minandovoy\/proxy-widget.php?miner=iceriver\/al2-lite&#038;type=profit&#038;theme=dark\" \n                    width=\"100%\" \n                    height=\"300\" \n                    frameborder=\"0\"\n                    loading=\"lazy\"\n                    style=\"border: none; overflow: hidden;\"\n                    title=\"ASIC Miner Widget\">\n            <\/iframe>\n        <\/div>\n<h4>Specifications<\/h4>\n<ul>\n<li><strong>Manufacturer:<\/strong> Iceriver<\/li>\n<li><strong>Model:<\/strong> IceRiver AL2 Lite Alephium Miner (2Th\/s)<\/li>\n<li><strong>Also known as:<\/strong> IceRiver AL2 Lite<\/li>\n<li><strong>Launch:<\/strong> October2024<\/li>\n<li><strong>Size:<\/strong> 198 x 201 x 110 (mm)<\/li>\n<li><strong>Weight:<\/strong> 5000g<\/li>\n<li><strong>Noise level:<\/strong> 75 db<\/li>\n<li><strong>Refrigeration:<\/strong> Air<\/li>\n<li><strong>Fans:<\/strong> 4<\/li>\n<li><strong>Energy consumption:<\/strong> 500W<\/li>\n<li><strong>Interface:<\/strong> Ethernet<\/li>\n<li><strong>Operating temperature:<\/strong> 5 - 45 \u00b0C<\/li>\n<li><strong>Humidity:<\/strong> 5 &#8211; 95%<\/li>\n<\/ul>\n<h4>Mineable coins<\/h4>\n<p><strong>ALPH (Alephium)<\/strong><\/p>\n<p><strong>DCR (Decred)<\/strong><\/p>\n<p>Optimise your mining operations with the <strong>Iceriver Al2 Lite(2Th) <\/strong> and make the most of its power and efficiency!<\/p>","protected":false},"excerpt":{"rendered":"<p>El Iceriver Al2 Lite(2Th) de Iceriver\u00a0 es un minero ASIC de alta gama, dise\u00f1ado espec\u00edficamente para el algoritmo Blake3. Con un hashrate m\u00e1ximo de 2 Th\/s y un consumo de energ\u00eda de 500w, esta m\u00e1quina se posiciona como una de las m\u00e1s eficientes y rentables del mercado. Ideal para quienes buscan maximizar sus ingresos en [&hellip;]<\/p>\n","protected":false},"featured_media":8616,"comment_status":"open","ping_status":"closed","template":"","meta":[],"product_brand":[],"product_cat":[19],"product_tag":[244,138,137],"class_list":{"0":"post-8614","1":"product","2":"type-product","3":"status-publish","4":"has-post-thumbnail","6":"product_cat-mineros","7":"product_tag-gme","8":"product_tag-mineros-para-avanzados","9":"product_tag-mineros-para-principiantes","10":"product_shipping_class-internacional","12":"first","13":"instock","14":"featured","15":"taxable","16":"shipping-taxable","17":"purchasable","18":"product-type-simple"},"_links":{"self":[{"href":"https:\/\/pruebas.michollo.to\/en\/wp-json\/wp\/v2\/product\/8614","targetHints":{"allow":["GET"]}}],"collection":[{"href":"https:\/\/pruebas.michollo.to\/en\/wp-json\/wp\/v2\/product"}],"about":[{"href":"https:\/\/pruebas.michollo.to\/en\/wp-json\/wp\/v2\/types\/product"}],"replies":[{"embeddable":true,"href":"https:\/\/pruebas.michollo.to\/en\/wp-json\/wp\/v2\/comments?post=8614"}],"wp:featuredmedia":[{"embeddable":true,"href":"https:\/\/pruebas.michollo.to\/en\/wp-json\/wp\/v2\/media\/8616"}],"wp:attachment":[{"href":"https:\/\/pruebas.michollo.to\/en\/wp-json\/wp\/v2\/media?parent=8614"}],"wp:term":[{"taxonomy":"product_brand","embeddable":true,"href":"https:\/\/pruebas.michollo.to\/en\/wp-json\/wp\/v2\/product_brand?post=8614"},{"taxonomy":"product_cat","embeddable":true,"href":"https:\/\/pruebas.michollo.to\/en\/wp-json\/wp\/v2\/product_cat?post=8614"},{"taxonomy":"product_tag","embeddable":true,"href":"https:\/\/pruebas.michollo.to\/en\/wp-json\/wp\/v2\/product_tag?post=8614"}],"curies":[{"name":"wp","href":"https:\/\/api.w.org\/{rel}","templated":true}]}}