{"id":938,"date":"2022-11-15T09:32:09","date_gmt":"2022-11-15T11:32:09","guid":{"rendered":"https:\/\/www.minandovoy.com\/?post_type=product&#038;p=938"},"modified":"2025-05-09T14:47:21","modified_gmt":"2025-05-09T12:47:21","slug":"blackminer-l1","status":"publish","type":"product","link":"https:\/\/pruebas.michollo.to\/en\/product\/blackminer-l1\/","title":{"rendered":"Bluestar Blackminer L1"},"content":{"rendered":"<p>This machine is located within the <a href=\"https:\/\/www.asicminervalue.com\/\">TOP 10<\/a> of more cost-effective machines, occupying<br \/>\nthe 9th place being the 4.3 Gh Blackminer L1. Above it is the Antminer S19 Pro Hyd 177Th Bitcoin, so we can say that<br \/>\nThis machine is in the TOP 10.<br \/>\nLet's talk in general about the features of the Blackminer L1.<br \/>\nFor the time being, it is one of the most powerful combined mining ASICs on the market, we are talking about<br \/>\nLITECOIN + DOGECOIN.<\/p>\n<h4><em><strong>We all know Bitcoin, don't we? Well, you might be interested in this.<\/strong><\/em><\/h4>\n<p>LiteCoin was originally a fork of Bitcoin, and is one of the most widely used forks of Bitcoin.<br \/>\ncryptocurrencies which, through mining with ASICs, can guarantee profitability to the<br \/>\noperator.<\/p>\n<h3><strong>SCRYPT MINING:<\/strong><\/h3>\n<p><a href=\"https:\/\/www.minandovoy.com\/categoria\/mineros\/?algoritmos=scrypt\">Scrypt<\/a> performs a hash using a key and a series of dots marked in the algorithm,<br \/>\nadding a lot of noise. The noise is random numbers generated by the<br \/>\nalgorithm and stored in memory.<br \/>\nThe purpose of these numbers is to camouflage key data in order to make it more difficult to break down<br \/>\nhash blocks. Ultimately, it is a protective measure that prevents individuals from<br \/>\nmalicious attackers can access the data protected with Scrypt.<\/p>\n<h3><strong>LITECOIN:<\/strong><\/h3>\n<p>LiteCoin is a crypto created to provide secure, cheap and fast payments,<br \/>\nthanks to blockchain technology.<br \/>\nWhen we say it's a fork of Bitcoin, it's literally meant to be, like this<br \/>\nas a small \"lite\" version of the big cryptocurrency.<br \/>\nThis network was launched on 13 October 2011.<br \/>\nWith 11 years of experience, it has managed to gain acceptance among traders and<br \/>\nhas been listed among the top ten cryptocurrencies by market capitalisation<br \/>\nfor most of its existence.<\/p>\n<h3><strong>DOGECOIN:<\/strong><\/h3>\n<p>This cryptocurrency was born into the market as part of a meme in 2013, but more<br \/>\nlater his community took the decision to change the network to AUXPOW, thus merging the AUXPOW network with the AUXPOW network.<br \/>\nwith the LTC network in September 2014. This measure meant that the value of Dogecoin<br \/>\nThe number of new jobs will increase by more than 180% in just a few weeks.<br \/>\nLiteCoin is the 7th most widely used cryptocurrency by market capitalisation,<br \/>\nThis has enabled Doge to significantly improve its security, as it has a<br \/>\nmuch higher computational power.<\/p>\n<p>BLACKMINER L1 4.3GH:<br \/>\nThe 4.3GH model mines the Scrypt algorithm, with a power consumption of 3,450W\/Hour.<br \/>\nIn addition, it is considered to be of industrial category due to its noise level exceeding 70 db.<br \/>\n18\/10\/22 Currently generating per day: 0.06443292 LTC + 112.6541 DOGE<\/p>\n<p><iframe loading=\"lazy\" title=\"YouTube video player\" src=\"https:\/\/www.youtube.com\/embed\/RbVABNdXT1c\" width=\"560\" height=\"315\" frameborder=\"0\" allowfullscreen=\"allowfullscreen\"><\/iframe><\/p>","protected":false},"excerpt":{"rendered":"<p>Esta m\u00e1quina, se encuentra dentro del TOP 10 de m\u00e1quinas m\u00e1s rentables, ocupando de el puesto n\u00famero 9 siendo este puesto correspondiente a la Blackminer L1\u00a0 de 4.3 Gh Por encima est\u00e1 la Antminer S19 Pro Hyd\u00a0 177Th de Bitcoin, por lo que podemos decir que dentro del TOP 10 se encuentra esta m\u00e1quina. Vamos [&hellip;]<\/p>\n","protected":false},"featured_media":939,"comment_status":"open","ping_status":"closed","template":"","meta":[],"product_brand":[],"product_cat":[19],"product_tag":[138],"class_list":{"0":"post-938","1":"product","2":"type-product","3":"status-publish","4":"has-post-thumbnail","6":"product_cat-mineros","7":"product_tag-mineros-para-avanzados","9":"first","10":"outofstock","11":"sold-individually","12":"taxable","13":"shipping-taxable","14":"purchasable","15":"product-type-simple"},"_links":{"self":[{"href":"https:\/\/pruebas.michollo.to\/en\/wp-json\/wp\/v2\/product\/938","targetHints":{"allow":["GET"]}}],"collection":[{"href":"https:\/\/pruebas.michollo.to\/en\/wp-json\/wp\/v2\/product"}],"about":[{"href":"https:\/\/pruebas.michollo.to\/en\/wp-json\/wp\/v2\/types\/product"}],"replies":[{"embeddable":true,"href":"https:\/\/pruebas.michollo.to\/en\/wp-json\/wp\/v2\/comments?post=938"}],"wp:featuredmedia":[{"embeddable":true,"href":"https:\/\/pruebas.michollo.to\/en\/wp-json\/wp\/v2\/media\/939"}],"wp:attachment":[{"href":"https:\/\/pruebas.michollo.to\/en\/wp-json\/wp\/v2\/media?parent=938"}],"wp:term":[{"taxonomy":"product_brand","embeddable":true,"href":"https:\/\/pruebas.michollo.to\/en\/wp-json\/wp\/v2\/product_brand?post=938"},{"taxonomy":"product_cat","embeddable":true,"href":"https:\/\/pruebas.michollo.to\/en\/wp-json\/wp\/v2\/product_cat?post=938"},{"taxonomy":"product_tag","embeddable":true,"href":"https:\/\/pruebas.michollo.to\/en\/wp-json\/wp\/v2\/product_tag?post=938"}],"curies":[{"name":"wp","href":"https:\/\/api.w.org\/{rel}","templated":true}]}}