{"id":143,"date":"2022-10-14T05:26:00","date_gmt":"2022-10-14T07:26:00","guid":{"rendered":"https:\/\/pruebas.michollo.to\/?page_id=143"},"modified":"2026-02-18T13:20:31","modified_gmt":"2026-02-18T12:20:31","slug":"terminos-de-servicio","status":"publish","type":"page","link":"https:\/\/pruebas.michollo.to\/es_es\/terminos-de-servicio\/","title":{"rendered":"T\u00e9rminos de servicio"},"content":{"rendered":"\n<p>Este sitio web es operado por MinandoVoy.\u00a0En todo el sitio, los t\u00e9rminos &#8220;nosotros&#8221;, &#8220;nos&#8221; y &#8220;nuestro&#8221; se refieren a Minando Voy. MinandoVoy\u00a0ofrece este sitio web, que incluye toda la informaci\u00f3n, herramientas y servicios disponibles en este sitio para usted, el usuario, condicionado a la aceptaci\u00f3n de todos los t\u00e9rminos, condiciones, pol\u00edticas y notificaciones aqu\u00ed establecidos.<\/p>\n\n\n\n<p><br>Al visitar nuestro sitio y \/ o comprar algo de nosotros, participa en nuestro &#8220;Servicio&#8221; y acepta estar sujeto a los siguientes t\u00e9rminos y condiciones (&#8220;T\u00e9rminos de servicio&#8221;, &#8220;T\u00e9rminos&#8221;), incluidos los t\u00e9rminos y condiciones y pol\u00edticas adicionales. mencionado en este documento y \/ o disponible por hiperv\u00ednculo.\u00a0Estos T\u00e9rminos de servicio se aplican a todos los usuarios del sitio, incluidos, entre otros, los usuarios que son navegadores, proveedores, clientes, comerciantes y \/ o contribuyentes de contenido.<\/p>\n\n\n\n<p><br>Lea estos T\u00e9rminos de servicio detenidamente antes de acceder o utilizar nuestro sitio web.\u00a0Al acceder o usar cualquier parte del sitio, acepta estar sujeto a estos T\u00e9rminos de servicio.\u00a0Si no est\u00e1 de acuerdo con todos los t\u00e9rminos y condiciones de este acuerdo, no podr\u00e1 acceder al sitio web ni utilizar ning\u00fan servicio.\u00a0Si estos T\u00e9rminos de servicio se consideran una oferta, la aceptaci\u00f3n se limita expresamente a estos T\u00e9rminos de servicio.<br>Cualquier nueva funci\u00f3n o herramienta que se agregue a la tienda actual tambi\u00e9n estar\u00e1 sujeta a los T\u00e9rminos de servicio.\u00a0Puede revisar la versi\u00f3n m\u00e1s actualizada de los T\u00e9rminos de servicio en cualquier momento en esta p\u00e1gina.\u00a0Nos reservamos el derecho de actualizar, cambiar o reemplazar cualquier parte de estos T\u00e9rminos de servicio mediante la publicaci\u00f3n de actualizaciones y \/ o cambios en nuestro sitio web.\u00a0Es su responsabilidad revisar esta p\u00e1gina peri\u00f3dicamente para ver si hay cambios.\u00a0Su uso continuo o acceso al sitio web despu\u00e9s de la publicaci\u00f3n de cualquier cambio constituye la aceptaci\u00f3n de dichos cambios.<\/p>\n\n\n\n<p><br>Nuestra tienda est\u00e1 alojada en Shopify Inc. Ellos nos brindan la plataforma de comercio electr\u00f3nico en l\u00ednea que nos permite venderle nuestros productos y servicios.<\/p>\n\n\n\n<p><br>SECCI\u00d3N 1 &#8211; T\u00c9RMINOS DE LA TIENDA\u00a0ONLINE<br><\/p>\n\n\n\n<p>Al aceptar estos T\u00e9rminos de servicio, usted declara que tiene al menos la mayor\u00eda de edad en su estado o provincia de residencia, o que tiene la mayor\u00eda de edad en su estado o provincia de residencia y nos ha dado su consentimiento para Permita que cualquiera de sus dependientes menores use este sitio.<br>No puede usar nuestros productos para ning\u00fan prop\u00f3sito ilegal o no autorizado ni puede, en el uso del Servicio, violar las leyes de su jurisdicci\u00f3n (incluidas, entre otras, las leyes de derechos de autor).<br>No debe transmitir gusanos o virus ni ning\u00fan c\u00f3digo de naturaleza destructiva.<br>Un incumplimiento o violaci\u00f3n de cualquiera de los T\u00e9rminos resultar\u00e1 en la terminaci\u00f3n inmediata de sus Servicios.<\/p>\n\n\n\n<p><br>SECCI\u00d3N 2 &#8211; CONDICIONES GENERALES<\/p>\n\n\n\n<p><br>Nos reservamos el derecho de rechazar el servicio a cualquier persona por cualquier motivo y en cualquier momento.<br>Usted comprende que su contenido (sin incluir la informaci\u00f3n de la tarjeta de cr\u00e9dito) puede transferirse sin cifrar e implicar (a) transmisiones a trav\u00e9s de varias redes;\u00a0y (b) cambios para ajustarse y adaptarse a los requisitos t\u00e9cnicos de conexi\u00f3n de redes o dispositivos.\u00a0La informaci\u00f3n de la tarjeta de cr\u00e9dito siempre se cifra durante la transferencia a trav\u00e9s de redes.<br>Usted acepta no reproducir, duplicar, copiar, vender, revender o explotar ninguna parte del Servicio, el uso del Servicio o el acceso al Servicio o cualquier contacto en el sitio web a trav\u00e9s del cual se brinda el servicio, sin nuestro permiso expreso por escrito. .<br>Los t\u00edtulos utilizados en este acuerdo se incluyen solo por conveniencia y no limitar\u00e1n ni afectar\u00e1n estos T\u00e9rminos.<\/p>\n\n\n\n<p><br>SECCI\u00d3N 3 &#8211; EXACTITUD, INTEGRIDAD Y PUNTUALIDAD DE LA INFORMACI\u00d3N<\/p>\n\n\n\n<p><br>No somos responsables si la informaci\u00f3n disponible en este sitio no es precisa, completa o actual.\u00a0El material de este sitio se proporciona solo para informaci\u00f3n general y no debe confiarse en \u00e9l ni utilizarse como la \u00fanica base para tomar decisiones sin consultar fuentes de informaci\u00f3n primarias, m\u00e1s precisas, m\u00e1s completas o m\u00e1s oportunas.\u00a0Cualquier confianza en el material de este sitio es bajo su propio riesgo.<br>Este sitio puede contener cierta informaci\u00f3n hist\u00f3rica.\u00a0La informaci\u00f3n hist\u00f3rica, necesariamente, no es actual y se proporciona solo para su referencia.\u00a0Nos reservamos el derecho de modificar el contenido de este sitio en cualquier momento, pero no tenemos la obligaci\u00f3n de actualizar ninguna informaci\u00f3n en nuestro sitio.\u00a0Acepta que es su responsabilidad monitorear los cambios en nuestro sitio.<\/p>\n\n\n\n<p><br>SECCI\u00d3N 4 &#8211; MODIFICACIONES AL SERVICIO Y PRECIOS<\/p>\n\n\n\n<p><br>Los precios de nuestros productos est\u00e1n sujetos a cambios sin previo aviso.<br>Nos reservamos el derecho en cualquier momento de modificar o interrumpir el Servicio (o cualquier parte o contenido del mismo) sin previo aviso en cualquier momento.<br>No seremos responsables ante usted ni ante ning\u00fan tercero por ninguna modificaci\u00f3n, cambio de precio, suspensi\u00f3n o interrupci\u00f3n del Servicio.<\/p>\n\n\n\n<p><br>SECCI\u00d3N 5 &#8211; PRODUCTOS O SERVICIOS (si corresponde)<\/p>\n\n\n\n<p><br>Ciertos productos o servicios pueden estar disponibles exclusivamente en l\u00ednea a trav\u00e9s del sitio web.\u00a0Estos productos o servicios pueden tener cantidades limitadas y est\u00e1n sujetos a devoluci\u00f3n o cambio solo de acuerdo con nuestra Pol\u00edtica de devoluci\u00f3n.<br>Hemos hecho todo lo posible para mostrar con la mayor precisi\u00f3n posible los colores e im\u00e1genes de nuestros productos que aparecen en la tienda.\u00a0No podemos garantizar que la visualizaci\u00f3n de cualquier color del monitor de su computadora sea precisa.<br>Nos reservamos el derecho, pero no estamos obligados, a limitar las ventas de nuestros productos o servicios a cualquier persona, regi\u00f3n geogr\u00e1fica o jurisdicci\u00f3n.\u00a0Podemos ejercer este derecho caso por caso.\u00a0Nos reservamos el derecho de limitar las cantidades de cualquier producto o servicio que ofrecemos.\u00a0Todas las descripciones de productos o precios de productos est\u00e1n sujetos a cambios en cualquier momento sin previo aviso, a nuestra entera discreci\u00f3n.\u00a0Nos reservamos el derecho de descontinuar cualquier producto en cualquier momento.\u00a0Cualquier oferta de cualquier producto o servicio realizada en este sitio es nula donde est\u00e9 prohibida.<br>No garantizamos que la calidad de cualquier producto, servicio, informaci\u00f3n u otro material comprado u obtenido por usted cumpla con sus expectativas, o que cualquier error en el Servicio ser\u00e1 corregido.<\/p>\n\n\n\n<p><br>SECCI\u00d3N 6 &#8211; PRECISI\u00d3N DE LA FACTURACI\u00d3N Y LA INFORMACI\u00d3N DE LA CUENTA<\/p>\n\n\n\n<p><br>Nos reservamos el derecho a rechazar cualquier pedido que realice con nosotros.\u00a0Podemos, a nuestro exclusivo criterio, limitar o cancelar las cantidades compradas por persona, por hogar o por pedido.\u00a0Estas restricciones pueden incluir pedidos realizados por o bajo la misma cuenta de cliente, la misma tarjeta de cr\u00e9dito y \/ o pedidos que utilizan la misma direcci\u00f3n de facturaci\u00f3n y \/ o env\u00edo.\u00a0En caso de que hagamos un cambio o cancelemos un pedido, podemos intentar notificarlo poni\u00e9ndonos en contacto con el correo electr\u00f3nico y \/ o la direcci\u00f3n de facturaci\u00f3n \/ n\u00famero de tel\u00e9fono proporcionado en el momento en que se realiz\u00f3 el pedido.\u00a0Nos reservamos el derecho de limitar o prohibir los pedidos que, a nuestro exclusivo criterio, parecen ser realizados por concesionarios, revendedores o distribuidores.<br>Usted acepta proporcionar informaci\u00f3n de compra y cuenta actual, completa y precisa para todas las compras realizadas en nuestra tienda.\u00a0Usted acepta actualizar de inmediato su cuenta y otra informaci\u00f3n, incluida su direcci\u00f3n de correo electr\u00f3nico, n\u00fameros de tarjeta de cr\u00e9dito y fechas de vencimiento, para que podamos completar sus transacciones y comunicarnos con usted seg\u00fan sea necesario.<br>Para obtener m\u00e1s detalles, consulte nuestra Pol\u00edtica de devoluciones.<\/p>\n\n\n\n<p><br>SECCI\u00d3N 7 &#8211; HERRAMIENTAS OPCIONALES<\/p>\n\n\n\n<p><br>Es posible que le proporcionemos acceso a herramientas de terceros sobre las cuales no monitoreamos ni tenemos ning\u00fan control o entrada.<br>Usted reconoce y acepta que proporcionamos acceso a dichas herramientas &#8220;tal cual&#8221; y &#8220;seg\u00fan est\u00e9n disponibles&#8221; sin garant\u00edas, representaciones o condiciones de ning\u00fan tipo y sin ning\u00fan respaldo.\u00a0No tendremos ninguna responsabilidad derivada o relacionada con su uso de herramientas opcionales de terceros.<br>Cualquier uso que haga de las herramientas opcionales que se ofrecen a trav\u00e9s del sitio es bajo su propio riesgo y discreci\u00f3n, y debe asegurarse de estar familiarizado y aprobar los t\u00e9rminos en los que las herramientas son proporcionadas por los proveedores externos relevantes.<br>Tambi\u00e9n podemos, en el futuro, ofrecer nuevos servicios y \/ o caracter\u00edsticas a trav\u00e9s del sitio web (incluido el lanzamiento de nuevas herramientas y recursos).\u00a0Tales nuevas caracter\u00edsticas y \/ o servicios tambi\u00e9n estar\u00e1n sujetos a estos T\u00e9rminos de Servicio.<\/p>\n\n\n\n<p><br>SECCI\u00d3N 8 &#8211; ENLACES DE TERCEROS<\/p>\n\n\n\n<p><br>Cierto contenido, productos y servicios disponibles a trav\u00e9s de nuestro Servicio pueden incluir materiales de terceros.<br>Los enlaces de terceros en este sitio pueden dirigirlo a sitios web de terceros que no est\u00e1n afiliados a nosotros.\u00a0No somos responsables de examinar o evaluar el contenido o la precisi\u00f3n y no garantizamos ni tendremos ninguna obligaci\u00f3n o responsabilidad por los materiales o sitios web de terceros, o por cualquier otro material, producto o servicio de terceros.<br>No somos responsables de ning\u00fan da\u00f1o o perjuicio relacionado con la compra o uso de bienes, servicios, recursos, contenido o cualquier otra transacci\u00f3n realizada en relaci\u00f3n con sitios web de terceros.\u00a0Revise detenidamente las pol\u00edticas y pr\u00e1cticas de terceros y aseg\u00farese de comprenderlas antes de realizar cualquier transacci\u00f3n.\u00a0Las quejas, reclamos, inquietudes o preguntas sobre productos de terceros deben dirigirse al tercero.<\/p>\n\n\n\n<p><br>SECCI\u00d3N 9 &#8211; COMENTARIOS, OPINIONES Y OTROS ENVIOS DEL USUARIO<\/p>\n\n\n\n<p><br>Si, a nuestra solicitud, env\u00eda ciertas presentaciones espec\u00edficas (por ejemplo, participaciones en un concurso) o sin una solicitud nuestra, env\u00eda ideas creativas, sugerencias, propuestas, planes u otros materiales, ya sea en l\u00ednea, por correo electr\u00f3nico, por correo postal o de otro modo. (colectivamente, &#8216;comentarios&#8217;), usted acepta que podemos, en cualquier momento, sin restricciones, editar, copiar, publicar, distribuir, traducir y utilizar en cualquier medio cualquier comentario que nos env\u00ede.\u00a0No tenemos ni tendremos ninguna obligaci\u00f3n (1) de mantener la confidencialidad de los comentarios;\u00a0(2) pagar una compensaci\u00f3n por cualquier comentario;\u00a0o (3) para responder a cualquier comentario.<br>Podemos, pero no tenemos la obligaci\u00f3n de, monitorear, editar o eliminar contenido que determinemos, a nuestro exclusivo criterio, que es ilegal, ofensivo, amenazante, calumnioso, difamatorio, pornogr\u00e1fico, obsceno o de otra manera objetable o que viole la propiedad intelectual de cualquier parte o estos T\u00e9rminos de servicio. .<br>Usted acepta que sus comentarios no violar\u00e1n ning\u00fan derecho de terceros, incluidos los derechos de autor, marca registrada, privacidad, personalidad u otro derecho personal o de propiedad.\u00a0Adem\u00e1s, acepta que sus comentarios no contendr\u00e1n material difamatorio o ilegal, abusivo u obsceno, ni contendr\u00e1n ning\u00fan virus inform\u00e1tico u otro malware que pueda afectar de alguna manera el funcionamiento del Servicio o cualquier sitio web relacionado.\u00a0No puede utilizar una direcci\u00f3n de correo electr\u00f3nico falsa, pretender ser otra persona que no sea usted mismo o enga\u00f1arnos a nosotros o a terceros en cuanto al origen de los comentarios.\u00a0Usted es el \u00fanico responsable de los comentarios que haga y de su precisi\u00f3n.\u00a0No asumimos ninguna responsabilidad y no asumimos ninguna responsabilidad por los comentarios publicados por usted o un tercero.<\/p>\n\n\n\n<p><br>SECCI\u00d3N 10 &#8211; INFORMACI\u00d3N PERSONAL<\/p>\n\n\n\n<p><br>Su env\u00edo de informaci\u00f3n personal a trav\u00e9s de la tienda se rige por nuestra Pol\u00edtica de privacidad.\u00a0Para ver nuestra Pol\u00edtica de privacidad.<\/p>\n\n\n\n<p><br>SECCI\u00d3N 11 &#8211; ERRORES, INEXACTITUDES Y OMISIONES<\/p>\n\n\n\n<p><br>Ocasionalmente puede haber informaci\u00f3n en nuestro sitio o en el Servicio que contiene errores tipogr\u00e1ficos, inexactitudes u omisiones que pueden estar relacionadas con descripciones de productos, precios, promociones, ofertas, cargos de env\u00edo de productos, tiempos de tr\u00e1nsito y disponibilidad.\u00a0Nos reservamos el derecho de corregir cualquier error, inexactitud u omisi\u00f3n, y de cambiar o actualizar la informaci\u00f3n o cancelar pedidos si alguna informaci\u00f3n en el Servicio o en cualquier sitio web relacionado es inexacta en cualquier momento sin previo aviso (incluso despu\u00e9s de que haya enviado su pedido). .<br>No asumimos ninguna obligaci\u00f3n de actualizar, enmendar o aclarar la informaci\u00f3n en el Servicio o en cualquier sitio web relacionado, incluida, entre otros, la informaci\u00f3n de precios, excepto seg\u00fan lo requiera la ley.\u00a0No se debe tomar ninguna actualizaci\u00f3n espec\u00edfica o fecha de actualizaci\u00f3n aplicada en el Servicio o en cualquier sitio web relacionado para indicar que toda la informaci\u00f3n en el Servicio o en cualquier sitio web relacionado se ha modificado o actualizado.<\/p>\n\n\n\n<p><br>SECCI\u00d3N 12 &#8211; USOS PROHIBIDOS<\/p>\n\n\n\n<p><br>Adem\u00e1s de otras prohibiciones establecidas en los T\u00e9rminos de servicio, se le proh\u00edbe utilizar el sitio o su contenido: (a) para cualquier prop\u00f3sito ilegal;\u00a0(b) solicitar a otros que realicen o participen en actos il\u00edcitos;\u00a0(c) violar cualquier reglamento, regla, ley u ordenanza local internacional, federal, provincial o estatal;\u00a0(d) infringir o violar nuestros derechos de propiedad intelectual o los derechos de propiedad intelectual de terceros;\u00a0(e) acosar, abusar, insultar, da\u00f1ar, difamar, calumniar, menospreciar, intimidar o discriminar por motivos de g\u00e9nero, orientaci\u00f3n sexual, religi\u00f3n, etnia, raza, edad, nacionalidad o discapacidad;\u00a0(f) enviar informaci\u00f3n falsa o enga\u00f1osa;\u00a0(g) cargar o transmitir virus o cualquier otro tipo de c\u00f3digo malintencionado que se utilizar\u00e1 o se podr\u00e1 utilizar de cualquier forma que afecte la funcionalidad o el funcionamiento del Servicio o de cualquier sitio web relacionado, otros sitios web o Internet;\u00a0(h) para recopilar o rastrear la informaci\u00f3n personal de otros;\u00a0(i) enviar spam, phishing, pharm, pretext, spider, crawl o scrape;\u00a0(j) para cualquier prop\u00f3sito obsceno o inmoral;\u00a0o (k) interferir o eludir las funciones de seguridad del Servicio o cualquier sitio web relacionado, otros sitios web o Internet.\u00a0Nos reservamos el derecho de terminar su uso del Servicio o cualquier sitio web relacionado por violar cualquiera de los usos prohibidos.\u00a0(j) para cualquier prop\u00f3sito obsceno o inmoral;\u00a0o (k) interferir o eludir las funciones de seguridad del Servicio o cualquier sitio web relacionado, otros sitios web o Internet.\u00a0Nos reservamos el derecho de terminar su uso del Servicio o cualquier sitio web relacionado por violar cualquiera de los usos prohibidos.\u00a0(j) para cualquier prop\u00f3sito obsceno o inmoral;\u00a0o (k) interferir o eludir las funciones de seguridad del Servicio o cualquier sitio web relacionado, otros sitios web o Internet.\u00a0Nos reservamos el derecho de terminar su uso del Servicio o cualquier sitio web relacionado por violar cualquiera de los usos prohibidos.<\/p>\n\n\n\n<p><br>SECCI\u00d3N 13 &#8211; RENUNCIA DE GARANT\u00cdAS;\u00a0LIMITACI\u00d3N DE RESPONSABILIDAD<\/p>\n\n\n\n<p><br>No garantizamos, representamos ni garantizamos que el uso de nuestro servicio sea ininterrumpido, oportuno, seguro o libre de errores.<br>No garantizamos que los resultados que puedan obtenerse del uso del servicio sean precisos o confiables.<br>Usted acepta que de vez en cuando podemos eliminar el servicio por per\u00edodos de tiempo indefinidos o cancelar el servicio en cualquier momento, sin previo aviso.<br>Usted acepta expresamente que el uso o la imposibilidad de usar el servicio es bajo su propio riesgo.\u00a0El servicio y todos los productos y servicios que se le brindan a trav\u00e9s del servicio se brindan (excepto cuando lo indiquemos expresamente) &#8216;tal como est\u00e1n&#8217; y &#8216;seg\u00fan est\u00e9n disponibles&#8217; para su uso, sin ninguna representaci\u00f3n, garant\u00eda o condici\u00f3n de ning\u00fan tipo, ya sea expresa o impl\u00edcito, incluidas todas las garant\u00edas o condiciones impl\u00edcitas de comerciabilidad, calidad comercial, idoneidad para un prop\u00f3sito particular, durabilidad, t\u00edtulo y no infracci\u00f3n.<br>En ning\u00fan caso Minando Voy\u00a0puesto a disposici\u00f3n a trav\u00e9s del servicio, incluso si se le advierte de su posibilidad.\u00a0Debido a que algunos estados o jurisdicciones no permiten la exclusi\u00f3n o la limitaci\u00f3n de responsabilidad por da\u00f1os consecuentes o incidentales, en dichos estados o jurisdicciones, nuestra responsabilidad se limitar\u00e1 al m\u00e1ximo permitido por la ley.<\/p>\n\n\n\n<p><br>SECCI\u00d3N 14 &#8211; INDEMNIZACI\u00d3N<\/p>\n\n\n\n<p><br>Usted acepta indemnizar, defender y\u00a0eximir de\u00a0responsabilidad a Minando Voy\u00a0y a nuestra matriz, subsidiarias, afiliadas, socios, funcionarios, directores, agentes, contratistas, otorgantes de licencias, proveedores de servicios, subcontratistas, proveedores, pasantes y empleados, indemnes de cualquier reclamo o demanda, incluidos los honorarios razonables de los abogados, realizada por cualquier tercero debido a su incumplimiento de estos T\u00e9rminos de servicio o los documentos que incorporan por referencia o como consecuencia de su incumplimiento de cualquier ley o los derechos de un tercero.<\/p>\n\n\n\n<p><br>SECCI\u00d3N 15 &#8211; DIVISIBILIDAD<\/p>\n\n\n\n<p><br>En el caso de que se determine que alguna disposici\u00f3n de estos T\u00e9rminos de servicio es ilegal, nula o inaplicable, dicha disposici\u00f3n ser\u00e1, no obstante, ejecutable en la mayor medida permitida por la ley aplicable, y la parte inaplicable se considerar\u00e1 separada de estos T\u00e9rminos de Servicio, tal determinaci\u00f3n no afectar\u00e1 la validez y aplicabilidad de cualquier otra disposici\u00f3n restante.<\/p>\n\n\n\n<p><br>SECCI\u00d3N 16 &#8211; TERMINACI\u00d3N<\/p>\n\n\n\n<p><br>Las obligaciones y responsabilidades de las partes incurridas antes de la fecha de terminaci\u00f3n sobrevivir\u00e1n a la terminaci\u00f3n de este acuerdo para todos los prop\u00f3sitos.<br>Estos T\u00e9rminos de servicio son efectivos a menos que usted o nosotros los rescindamos.\u00a0Puede rescindir estos T\u00e9rminos de servicio en cualquier momento notific\u00e1ndonos que ya no desea utilizar nuestros Servicios o cuando deje de utilizar nuestro sitio.<br>Si, a nuestro exclusivo criterio, usted no cumple, o sospechamos que no ha cumplido con cualquier t\u00e9rmino o disposici\u00f3n de estos T\u00e9rminos de servicio, tambi\u00e9n podemos rescindir este acuerdo en cualquier momento sin previo aviso y usted seguir\u00e1 siendo responsable de todos los montos adeudados. hasta e incluyendo la fecha de terminaci\u00f3n;\u00a0y \/ o, en consecuencia, puede negarle el acceso a nuestros Servicios (o cualquier parte de los mismos).<\/p>\n\n\n\n<p><br>SECCI\u00d3N 17 &#8211; ACUERDO COMPLETO<\/p>\n\n\n\n<p><br>El hecho de que no ejerzamos o hagamos cumplir cualquier derecho o disposici\u00f3n de estos T\u00e9rminos de servicio no constituir\u00e1 una renuncia a dicho derecho o disposici\u00f3n.<br>Estos T\u00e9rminos de servicio y cualquier pol\u00edtica o regla operativa publicada por nosotros en este sitio o con respecto al Servicio constituye el acuerdo completo y el entendimiento entre usted y nosotros y rigen su uso del Servicio, reemplazando cualquier acuerdo, comunicaciones y propuestas anteriores o contempor\u00e1neos. , ya sea oral o escrito, entre usted y nosotros (incluidas, entre otras, las versiones anteriores de los T\u00e9rminos de servicio).<br>Cualquier ambig\u00fcedad en la interpretaci\u00f3n de estos T\u00e9rminos de servicio no se interpretar\u00e1 en contra del grupo de redacci\u00f3n.<\/p>\n\n\n\n<p><br>SECCI\u00d3N 18 &#8211; LEY APLICABLE<\/p>\n\n\n\n<p><br>Estos T\u00e9rminos de servicio y cualquier acuerdo separado por el cual le proporcionamos Servicios se regir\u00e1n e interpretar\u00e1n de acuerdo con las leyes de Espa\u00f1a.<\/p>\n\n\n\n<p><br>SECCI\u00d3N 19 &#8211; CAMBIOS EN LOS T\u00c9RMINOS DE SERVICIO<\/p>\n\n\n\n<p><br>Puede revisar la versi\u00f3n m\u00e1s actualizada de los T\u00e9rminos de servicio en cualquier momento en esta p\u00e1gina.<br>Nos reservamos el derecho, a nuestro exclusivo criterio, de actualizar, cambiar o reemplazar cualquier parte de estos T\u00e9rminos de servicio mediante la publicaci\u00f3n de actualizaciones y cambios en nuestro sitio web.\u00a0Es su responsabilidad revisar nuestro sitio web peri\u00f3dicamente para ver si hay cambios.\u00a0Su uso continuo o acceso a nuestro sitio web o al Servicio despu\u00e9s de la publicaci\u00f3n de cualquier cambio en estos T\u00e9rminos de servicio constituye la aceptaci\u00f3n de dichos cambios.<\/p>\n","protected":false},"excerpt":{"rendered":"<p>Este sitio web es operado por MinandoVoy.\u00a0En todo el sitio, los t\u00e9rminos &#8220;nosotros&#8221;, &#8220;nos&#8221; y &#8220;nuestro&#8221; se refieren a Minando Voy. MinandoVoy\u00a0ofrece este sitio web, que incluye toda la informaci\u00f3n, herramientas y servicios disponibles en este sitio para usted, el usuario, condicionado a la aceptaci\u00f3n de todos los t\u00e9rminos, condiciones, pol\u00edticas y notificaciones aqu\u00ed establecidos. [&hellip;]<\/p>\n","protected":false},"author":1,"featured_media":0,"parent":0,"menu_order":0,"comment_status":"closed","ping_status":"closed","template":"","meta":{"footnotes":""},"class_list":["post-143","page","type-page","status-publish","hentry"],"_links":{"self":[{"href":"https:\/\/pruebas.michollo.to\/es_es\/wp-json\/wp\/v2\/pages\/143","targetHints":{"allow":["GET"]}}],"collection":[{"href":"https:\/\/pruebas.michollo.to\/es_es\/wp-json\/wp\/v2\/pages"}],"about":[{"href":"https:\/\/pruebas.michollo.to\/es_es\/wp-json\/wp\/v2\/types\/page"}],"author":[{"embeddable":true,"href":"https:\/\/pruebas.michollo.to\/es_es\/wp-json\/wp\/v2\/users\/1"}],"replies":[{"embeddable":true,"href":"https:\/\/pruebas.michollo.to\/es_es\/wp-json\/wp\/v2\/comments?post=143"}],"version-history":[{"count":1,"href":"https:\/\/pruebas.michollo.to\/es_es\/wp-json\/wp\/v2\/pages\/143\/revisions"}],"predecessor-version":[{"id":20442,"href":"https:\/\/pruebas.michollo.to\/es_es\/wp-json\/wp\/v2\/pages\/143\/revisions\/20442"}],"wp:attachment":[{"href":"https:\/\/pruebas.michollo.to\/es_es\/wp-json\/wp\/v2\/media?parent=143"}],"curies":[{"name":"wp","href":"https:\/\/api.w.org\/{rel}","templated":true}]}}