{"id":176,"date":"2022-10-14T06:26:27","date_gmt":"2022-10-14T10:26:27","guid":{"rendered":"https:\/\/pruebas.michollo.to\/?page_id=176"},"modified":"2022-10-14T06:29:34","modified_gmt":"2022-10-14T10:29:34","slug":"preguntas-frecuentes","status":"publish","type":"page","link":"https:\/\/pruebas.michollo.to\/es_es\/preguntas-frecuentes\/","title":{"rendered":"Preguntas frecuentes"},"content":{"rendered":"\n<h2 class=\"wp-block-heading\"><strong>\u00bfQu\u00e9 es un rig de miner\u00eda?<\/strong><\/h2>\n\n\n\n<p>Esencialmente un rig de miner\u00eda es un ordenador compuesto por varias tarjetas gr\u00e1ficas ( GPU\u00b4s) que trabajan en conjunto utilizando su memoria VRAM y CPU para validar las transferencias dentro de la red de una criptomoneda y obtener as\u00ed una recompensa.<\/p>\n\n\n\n<p>La cantidad de tarjetas gr\u00e1ficas y su potencia se ven limitadas por el resto de componentes del rig: Placa base, fuentes de alimentaci\u00f3n. Permitiendo hacer Rigs de hasta 13 tarjetas gr\u00e1ficas.<\/p>\n\n\n\n<p>Sus principales ventajas frente a los ASIC son: el menor consumo el\u00e9ctrico, menor nivel de ruido lo que permite tenerlos instalados en casa y la posibilidad de minar una variedad de criptomonedas.<\/p>\n\n\n\n<h2 class=\"wp-block-heading\"><strong>\u00bfD\u00f3nde y en qu\u00e9 condiciones instalar un rig de miner\u00eda?<\/strong><\/h2>\n\n\n\n<p>Antes de instalar un rig debemos tener en cuenta en qu\u00e9 condiciones debe estar. Un rig de miner\u00eda se basa en varias tarjetas gr\u00e1ficas y otros componentes inform\u00e1ticos que generan calor, cuantas m\u00e1s tarjetas gr\u00e1ficas instalemos, mayor ser\u00e1 la generaci\u00f3n de calor.<\/p>\n\n\n\n<p>Es necesario tener en cuenta que un rig si est\u00e1 en un piso o casa debe estar en una habitaci\u00f3n a una temperatura de entre 9\u00ba y 27\u00ba adem\u00e1s de tener un cable de internet con una conexi\u00f3n estable directamente al router o un switch.<\/p>\n\n\n\n<p>El calor desprendido por el rig puede aprovecharse en parte para calentar un piso o casa ya que es una fuente de calor equivalente a una estufa de entre 1500W a 2500w.<\/p>\n\n\n\n<h2 class=\"wp-block-heading\">\u00bfQu\u00e9 criptomonedas y algoritmos puedo minar con los rigs de Minando Voy?<\/h2>\n\n\n\n<p>Puedes minar estas criptomonedas entre otras:<\/p>\n\n\n\n<ul class=\"wp-block-list\"><li>RVN \u2013 RavenCOIN<\/li><li>ERGO<\/li><li>Bitcoin Gold.<\/li><li>Ethereum y Ethereum Classic.<\/li><li>Zcash<\/li><li>Monero<\/li><li>ZenClass y ZClassic<\/li><li>Pascal Coin.<\/li><li>Decred<\/li><li>Pirl<\/li><li>Ellaism<\/li><li>Ubiq<\/li><li>Expanse<\/li><li>Musicoin<\/li><li>Metaverse<\/li><li>Zencash<\/li><li>Electroneum<\/li><li>Bytecoin<\/li><li>Siacoin<\/li><li>LBRY<\/li><\/ul>\n\n\n\n<p><\/p>\n\n\n\n<p>Y los algoritmos:<\/p>\n\n\n\n<ul class=\"wp-block-list\"><li>NeoScrypt<\/li><li>CryptoNight<\/li><li>Equihash<\/li><li>Ethash<\/li><li>Pascal<\/li><li>Lyra2REv2<\/li><li>Blake<\/li><\/ul>\n\n\n\n<h2 class=\"wp-block-heading\">\u00bfDebo hacerme aut\u00f3nomo para minar criptomonedas?<\/h2>\n\n\n\n<p><strong>La compra de criptomonedas no implica la obligaci\u00f3n de declararlas\u00a0<\/strong>en la renta. Solamente se deben declarar cuando se venden, por lo que si no se realiza ning\u00fan movimiento con las divisas adquiridas, no hay que tributar, ya que no hay ganancias ni p\u00e9rdidas.<\/p>\n\n\n\n<p>Las operaciones con criptomonedas se deben incluir en la&nbsp;<strong>casilla 389<\/strong>&nbsp;de la declaraci\u00f3n de la renta.<\/p>\n\n\n\n<p>Las&nbsp;<strong>p\u00e9rdidas<\/strong>&nbsp;en la venta de criptomonedas podr\u00e1n&nbsp;<strong>compensarse hasta el 25%<\/strong>. Si la venta de criptomonedas supone una p\u00e9rdida, estas se compensan con las ganancias derivadas de otras transmisiones, y si el resultado global es de p\u00e9rdida,podr\u00e1 compensarse hasta el 25% con las ganancias de los rendimientos del capital (si no hubiera ganancias no se podr\u00eda compensar).<\/p>\n\n\n\n<p>El&nbsp;<strong>minado de criptomonedas no implica darse de alta como aut\u00f3nomo<\/strong>. Minar criptomonedas es aportar la potencia de procesamiento del ordenador, ayudando a realizar c\u00e1lculos y verificando las transacciones de monedas digitales. Al tratarse de una actividad econ\u00f3mica que se asimila a cualquier otro trabajo por cuenta ajena, aunque sea pagado en criptomonedas, es obligatorio cumplir con las obligaciones que se aplican a este tipo de trabajadores y declarar las ganancias presentando el modelo 720.<\/p>\n\n\n\n<p><strong>Se recomienda presentar el modelo 720<\/strong>&nbsp;en el caso de que el valor de las criptomonedas (o la suma de criptomonedas con fondos o valores depositados en entidades financieras situadas en el extranjero) supere los 50.000 euros.<\/p>\n\n\n\n<p>En el caso de estar obligado a declarar el impuesto del patrimonio, se deber\u00e1 incluir el valor de las criptomonedas en el momento de la declaraci\u00f3n del impuesto y pagar seg\u00fan el tipo aplicable. Este impuesto tiene un m\u00ednimo exento a partir de 500.000 euros (cambia por comunidad aut\u00f3noma), lo que significa que no hay que presentarlo salvo que se tenga un patrimonio superior.\u00bfQu\u00e9 hay despu\u00e9s de la entrada de Etherum 2.0 ?<\/p>\n\n\n\n<p>Cuando Etherum realice el cambio de proof of work&nbsp;(PoW)&nbsp;a proof of stake&nbsp;(PoS),<\/p>\n\n\n\n<p>no tendr\u00e1 m\u00e1s consecuencia que un simple cambio en la configuraci\u00f3n de los rigs.<\/p>\n\n\n\n<p>Ya que el funcionamiento de minado de otras cryptos es id\u00e9ntico y su rendimiento incluso a veces superior.<\/p>\n\n\n\n<p>Hay muchas alternativas a la miner\u00eda de Etherum y su fin no debe afectarnos al ver un rig como una inversi\u00f3n a largo plazo.<\/p>\n\n\n\n<p>Algunos de los ejemplos son minar: TonCoin, Alephium, Ergo, Ravencoin, Flux etc<\/p>\n\n\n\n<p>Adem\u00e1s de la opciones de Dual Mining.<\/p>\n\n\n\n<h2 class=\"wp-block-heading\">\u00bfQu\u00e9 es el Dual Mining?<\/h2>\n\n\n\n<p>El nombre de miner\u00eda dual habla por s\u00ed mismo: es una forma de miner\u00eda paralela de dos criptomonedas diferentes. Un minero tiene que elegir la primera, la moneda principal y una secundaria. El aumento de la carga hace que la carga de trabajo para las GPU\u00b4s sea mayor, pero las ganancias aumentan muy notablemente entre un 25% y un 40%. Lo que disminuye mucho el tiempo de amortizaci\u00f3n (ROI) del Rig adem\u00e1s de diversificar nuestra apuesta en el mundo de las cryptos.<\/p>\n\n\n\n<p>Existe la posibilidad de obtener dos monedas diferentes al mismo tiempo utilizando un solo Rig, y es la principal ventaja de este m\u00e9todo lo que lo hace muy atractivo para maximizar el rendimiento de los Rigs.<\/p>\n\n\n\n<p>Las combinaciones mas rentables actualmente son la mineria dual de Etherum+Toncoin y de Etherum+Alephium.<br>\u00a0<\/p>\n","protected":false},"excerpt":{"rendered":"<p>\u00bfQu\u00e9 es un rig de miner\u00eda? Esencialmente un rig de miner\u00eda es un ordenador compuesto por varias tarjetas gr\u00e1ficas ( GPU\u00b4s) que trabajan en conjunto utilizando su memoria VRAM y CPU para validar las transferencias dentro de la red de una criptomoneda y obtener as\u00ed una recompensa. La cantidad de tarjetas gr\u00e1ficas y su potencia [&hellip;]<\/p>\n","protected":false},"author":1,"featured_media":0,"parent":0,"menu_order":0,"comment_status":"closed","ping_status":"closed","template":"page-faq.php","meta":{"footnotes":""},"class_list":["post-176","page","type-page","status-publish","hentry"],"_links":{"self":[{"href":"https:\/\/pruebas.michollo.to\/es_es\/wp-json\/wp\/v2\/pages\/176","targetHints":{"allow":["GET"]}}],"collection":[{"href":"https:\/\/pruebas.michollo.to\/es_es\/wp-json\/wp\/v2\/pages"}],"about":[{"href":"https:\/\/pruebas.michollo.to\/es_es\/wp-json\/wp\/v2\/types\/page"}],"author":[{"embeddable":true,"href":"https:\/\/pruebas.michollo.to\/es_es\/wp-json\/wp\/v2\/users\/1"}],"replies":[{"embeddable":true,"href":"https:\/\/pruebas.michollo.to\/es_es\/wp-json\/wp\/v2\/comments?post=176"}],"version-history":[{"count":0,"href":"https:\/\/pruebas.michollo.to\/es_es\/wp-json\/wp\/v2\/pages\/176\/revisions"}],"wp:attachment":[{"href":"https:\/\/pruebas.michollo.to\/es_es\/wp-json\/wp\/v2\/media?parent=176"}],"curies":[{"name":"wp","href":"https:\/\/api.w.org\/{rel}","templated":true}]}}