{"id":1263,"date":"2023-02-01T07:56:48","date_gmt":"2023-02-01T09:56:48","guid":{"rendered":"https:\/\/www.minandovoy.com\/?post_type=product&#038;p=1263"},"modified":"2025-07-15T12:05:14","modified_gmt":"2025-07-15T10:05:14","slug":"ibelink-bm-k3","status":"publish","type":"product","link":"https:\/\/pruebas.michollo.to\/es_es\/producto\/ibelink-bm-k3\/","title":{"rendered":"Ibelink BM-K3"},"content":{"rendered":"<p>La nueva IBELINK BM-K3, el nuevo ASIC que se posiciona en el <a href=\"https:\/\/www.asicminervalue.com\/\">TOP 10 de ASIC<\/a> con mayor rentabilidad.<\/p>\n<p>&nbsp;<\/p>\n<p>Ibelink anunci\u00f3 el pasado Diciembre un nuevo dispositivo de miner\u00eda para la criptomoneda Kadena con una potencia de minado de 70Th y con un consumo de 3.300w\/hora.<\/p>\n<p>Se ha posicionado en el TOP 10 de m\u00e1quinas rentables (IBELINK BM.K3), por debajo de la Antminer L7 , K7 y su principal competencia la <a href=\"https:\/\/www.minandovoy.com\/producto\/antminer-ka3\/\">KA3<\/a>.<\/p>\n<p>&nbsp;<\/p>\n<p>Debemos resaltar tambi\u00e9n, que el minero del algoritmo Blake-2s Kadena se considera una m\u00e1quina industrial, no solo por su consumo el\u00e9ctrico si no tambi\u00e9n por su alto nivel de ruido, entre 70-80db, factores que debes tener en cuenta si te quieres hacer con una de ellas.<\/p>\n<h2><strong> CONOZCAMOS UN POCO M\u00c1S A IBELINK BM-K3<\/strong><\/h2>\n<p><strong><br \/>\n<\/strong>El fabricante Ibelink nace en Abril de 2018 con el objetivo de profesionalizarse m\u00e1s que cualquier otro de su competencia, comercializando hardware y software de ordenadores y otros equipos.<br \/>\nIbelink se centra tambi\u00e9n de lleno en los chips ASIC y en el desarrollo y despliegue de sistemas especializados en mercados mundiales.<\/p>\n<h2><strong>\u00bfQu\u00e9 es KDA?<\/strong><\/h2>\n<p>KDA es el token de la plataforma Kadena. Se emplea para pagar la ejecuci\u00f3n de los smart contracts y las transacciones en la blockchain. Adem\u00e1s, se utiliza para remunerar a los mineros de la red por minar el siguiente bloque v\u00e1lido.<\/p>\n<p>Esta recompensa va disminuyendo con el tiempo. Es decir, sigue un procedimiento parecido a Bitcoin. El suministro total de KDA es de mil millones de tokens, los cuales est\u00e1n programados para extraerse en un tiempo estimado de\u00a0<strong>120 a\u00f1os.<\/strong><strong>\u00a0<\/strong><\/p>\n","protected":false},"excerpt":{"rendered":"<p>La nueva IBELINK BM-K3, el nuevo ASIC que se posiciona en el TOP 10 de ASIC con mayor rentabilidad. &nbsp; Ibelink anunci\u00f3 el pasado Diciembre un nuevo dispositivo de miner\u00eda para la criptomoneda Kadena con una potencia de minado de 70Th y con un consumo de 3.300w\/hora. Se ha posicionado en el TOP 10 de [&hellip;]<\/p>\n","protected":false},"featured_media":1264,"comment_status":"open","ping_status":"closed","template":"","meta":[],"product_brand":[],"product_cat":[19],"product_tag":[138],"class_list":{"0":"post-1263","1":"product","2":"type-product","3":"status-publish","4":"has-post-thumbnail","6":"product_cat-mineros","7":"product_tag-mineros-para-avanzados","9":"first","10":"outofstock","11":"taxable","12":"shipping-taxable","13":"purchasable","14":"product-type-simple"},"_links":{"self":[{"href":"https:\/\/pruebas.michollo.to\/es_es\/wp-json\/wp\/v2\/product\/1263","targetHints":{"allow":["GET"]}}],"collection":[{"href":"https:\/\/pruebas.michollo.to\/es_es\/wp-json\/wp\/v2\/product"}],"about":[{"href":"https:\/\/pruebas.michollo.to\/es_es\/wp-json\/wp\/v2\/types\/product"}],"replies":[{"embeddable":true,"href":"https:\/\/pruebas.michollo.to\/es_es\/wp-json\/wp\/v2\/comments?post=1263"}],"wp:featuredmedia":[{"embeddable":true,"href":"https:\/\/pruebas.michollo.to\/es_es\/wp-json\/wp\/v2\/media\/1264"}],"wp:attachment":[{"href":"https:\/\/pruebas.michollo.to\/es_es\/wp-json\/wp\/v2\/media?parent=1263"}],"wp:term":[{"taxonomy":"product_brand","embeddable":true,"href":"https:\/\/pruebas.michollo.to\/es_es\/wp-json\/wp\/v2\/product_brand?post=1263"},{"taxonomy":"product_cat","embeddable":true,"href":"https:\/\/pruebas.michollo.to\/es_es\/wp-json\/wp\/v2\/product_cat?post=1263"},{"taxonomy":"product_tag","embeddable":true,"href":"https:\/\/pruebas.michollo.to\/es_es\/wp-json\/wp\/v2\/product_tag?post=1263"}],"curies":[{"name":"wp","href":"https:\/\/api.w.org\/{rel}","templated":true}]}}