{"id":1375,"date":"2023-02-17T10:40:00","date_gmt":"2023-02-17T12:40:00","guid":{"rendered":"https:\/\/www.minandovoy.com\/?post_type=product&#038;p=1375"},"modified":"2025-05-09T14:47:17","modified_gmt":"2025-05-09T12:47:17","slug":"nvidia-rtx-3090-ti-founders-edition","status":"publish","type":"product","link":"https:\/\/pruebas.michollo.to\/es_es\/producto\/nvidia-rtx-3090-ti-founders-edition\/","title":{"rendered":"Nvidia &#8211; RTX 3090 TI Founders Edition"},"content":{"rendered":"<div class=\"col-md-5\">\n<p>Las GeForce RTX\u2122 3090 Ti son GPU (BFGPU) con un rendimiento de clase TITAN. Con tecnolog\u00eda Ampere, la arquitectura RTX de segunda generaci\u00f3n de NVIDIA, duplican el trazado de rayos y el rendimiento de la IA con n\u00facleos de trazado de rayos mejorados, n\u00facleos Tensor y nuevos multiprocesadores de streaming. Adem\u00e1s, presenta unos asombrosos 24 GB de memoria G6X para ofrecer la experiencia de gaming definitiva a jugadores y creadores.<\/p>\n<p>&nbsp;<\/p>\n<\/div>\n<h2>NVIDIA GeForce RTX 3090 Ti: especificaciones t\u00e9cnicas<\/h2>\n<div>\n<div class=\"sc-lolKjB kRHEfD\">\n<p>Lo primero que muchos gamers se preguntan es c\u00f3mo NVIDIA ha mejorado la\u00a0<a href=\"https:\/\/www.pccomponentes.com\/tarjetas-graficas\/geforce-rtx-3090-series\">RTX 3090 Ti<\/a>\u00a0para ser el modelo m\u00e1s potente de toda la generaci\u00f3n Ampere RTX 30. Su GPU est\u00e1 basada en la\u00a0<b>misma<\/b>\u00a0<b>GA102<\/b>, pero se denomina diferente: GA102-350.<\/p>\n<\/div>\n<\/div>\n<div>\n<div class=\"sc-lolKjB kRHEfD\">\n<p>Mismo proceso de fabricaci\u00f3n, tama\u00f1o de die, memoria VRAM, bus\u2026 pero, hay 2 toques fundamentales: una memoria\u00a0<b>GDRR6X a 21 Gbps<\/b>\u00a0y\u00a0<b>m\u00e1s CUDA Cores<\/b>, aunque se hayan incrementado muy levemente los Tensor Cores y RT Cores.<\/p>\n<p>Eso s\u00ed, la evoluci\u00f3n a nivel potencia que m\u00e1s se remarca est\u00e1 en\u00a0<b>los Streaming Multiprocessors<\/b>: de 82 a 84, los cuales suman 7 Cl\u00fasteres de procesamiento gr\u00e1fico y 42 cl\u00fasteres de procesamiento de texturas adicionales, \u00a1estamos ante la GPU m\u00e1s potente de la historia de esta plataforma!<\/p>\n<p>Otra de las grandes mejoras es la\u00a0<b>frecuencia<\/b>:<\/p>\n<ul>\n<li aria-level=\"1\"><b>Base<\/b>:\u00a0<b>1560<\/b>\u00a0<b>MHz<\/b>\u00a0frente a los 1395 MHz de la RTX 3090.<\/li>\n<li aria-level=\"1\"><b>Turbo<\/b>:\u00a0<b>1860<\/b>\u00a0<b>MHz<\/b>\u00a0frente a los 1695 MHz.<\/li>\n<\/ul>\n<p>Dicho esto, ver\u00e9is que los\u00a0<b>modelos<\/b>\u00a0<b>custom<\/b>\u00a0tienen frecuencias mucho m\u00e1s elevadas, especialmente la turbo: llegan a los\u00a0<b>1950 MHz<\/b>\u00a0sin problemas.<\/p>\n<p>Toda esta fiesta de mejoras se paga con una moneda llamada consumo: el\u00a0<b>TDP<\/b>\u00a0de se\u00a0<b>incrementa 100W<\/b>. Esto ha obligado a NVIDIA a recomendarnos una fuente de alimentaci\u00f3n de 850 W para evitar cuellos de botella indeseables por suministro de energ\u00eda.<\/p>\n<p>Y es que ver\u00e9is que la conexi\u00f3n PCIe ha cambiado porque viene con solo un puerto de\u00a0<b>12 pines<\/b>. No os preocup\u00e9is por esto porque\u00a0los fabricantes han incluido un adaptador\u00a0de 3 cabeceras dentro de la caja.<\/p>\n<p>No solo eso, es una GPU m\u00e1s grande (a\u00fan):\u00a0<b>70 mm de grosor<\/b>\u00a0que la convierten en una GPU de\u00a0<b>3.5 slots<\/b>. As\u00ed que, tenedlo en cuenta a la hora de comprarla porque no cabr\u00e1 en muchas cajas PC.<\/p>\n<p>Para terminar, hay que hablar de la gran diferencia de precio:\u00a0<b>500 d\u00f3lares de diferencia<\/b>\u00a0($1499 vs $1999) respecto a la RTX 3090. Sin embargo, debemos decir que las NVIDIA RTX 3090 Ti no sufren el sobreprecio que s\u00ed han sufrido las RTX 3090, por lo que os encontrar\u00e9is modelos originales m\u00e1s caros que los vitaminados.<\/p>\n<p>&nbsp;<\/p>\n<\/div>\n<\/div>\n<div class=\"article-asset-table article-asset-normal m-hr-scroll\">\n<div class=\"asset-content\">\n<h6>*Producto reacondicionado<\/h6>\n<\/div>\n<\/div>\n","protected":false},"excerpt":{"rendered":"<p>Las GeForce RTX\u2122 3090 Ti son GPU (BFGPU) con un rendimiento de clase TITAN. Con tecnolog\u00eda Ampere, la arquitectura RTX de segunda generaci\u00f3n de NVIDIA, duplican el trazado de rayos y el rendimiento de la IA con n\u00facleos de trazado de rayos mejorados, n\u00facleos Tensor y nuevos multiprocesadores de streaming. Adem\u00e1s, presenta unos asombrosos 24 [&hellip;]<\/p>\n","protected":false},"featured_media":1379,"comment_status":"open","ping_status":"closed","template":"","meta":[],"product_brand":[],"product_cat":[20],"product_tag":[],"class_list":{"0":"post-1375","1":"product","2":"type-product","3":"status-publish","4":"has-post-thumbnail","6":"product_cat-componentes","8":"first","9":"outofstock","10":"taxable","11":"shipping-taxable","12":"purchasable","13":"product-type-simple"},"_links":{"self":[{"href":"https:\/\/pruebas.michollo.to\/es_es\/wp-json\/wp\/v2\/product\/1375","targetHints":{"allow":["GET"]}}],"collection":[{"href":"https:\/\/pruebas.michollo.to\/es_es\/wp-json\/wp\/v2\/product"}],"about":[{"href":"https:\/\/pruebas.michollo.to\/es_es\/wp-json\/wp\/v2\/types\/product"}],"replies":[{"embeddable":true,"href":"https:\/\/pruebas.michollo.to\/es_es\/wp-json\/wp\/v2\/comments?post=1375"}],"wp:featuredmedia":[{"embeddable":true,"href":"https:\/\/pruebas.michollo.to\/es_es\/wp-json\/wp\/v2\/media\/1379"}],"wp:attachment":[{"href":"https:\/\/pruebas.michollo.to\/es_es\/wp-json\/wp\/v2\/media?parent=1375"}],"wp:term":[{"taxonomy":"product_brand","embeddable":true,"href":"https:\/\/pruebas.michollo.to\/es_es\/wp-json\/wp\/v2\/product_brand?post=1375"},{"taxonomy":"product_cat","embeddable":true,"href":"https:\/\/pruebas.michollo.to\/es_es\/wp-json\/wp\/v2\/product_cat?post=1375"},{"taxonomy":"product_tag","embeddable":true,"href":"https:\/\/pruebas.michollo.to\/es_es\/wp-json\/wp\/v2\/product_tag?post=1375"}],"curies":[{"name":"wp","href":"https:\/\/api.w.org\/{rel}","templated":true}]}}