{"id":1406,"date":"2023-02-20T13:41:52","date_gmt":"2023-02-20T15:41:52","guid":{"rendered":"https:\/\/www.minandovoy.com\/?post_type=product&#038;p=1406"},"modified":"2026-02-23T13:21:50","modified_gmt":"2026-02-23T12:21:50","slug":"antminer-k7-58th","status":"publish","type":"product","link":"https:\/\/pruebas.michollo.to\/es_es\/producto\/antminer-k7-58th\/","title":{"rendered":"Maximiza tu Potencial Minero con el Antminer K7 58T de Bitmain"},"content":{"rendered":"<h2 id=\"h-consecuencias-del-merge-de-ethereum\">ANTMINER K7 58T EL NUEVO LANZAMIENTO DE BITMAIN<\/h2>\n<p>\u00bfCrees que no podemos sorprenderte? \u00a1Espera, qu\u00e9date a leer todo sobre esta<br \/>\nnueva m\u00e1quina de <a href=\"https:\/\/www.minandovoy.com\/antminer-k7-nuevo-lanzamiento-de-bitmain\/\">Bitmain ANTMINER K7 63.5T<\/a>!<\/p>\n<p>Cuentan con un consumo de 3080W a la hora,\u00a0 est\u00e1 generando 35<strong>$<\/strong> al d\u00eda.<br \/>\nEste ASIC mina el algoritmo EAGLESONG, cuya \u00fanica moneda es la conocida Nervos.<br \/>\nOs contamos un poco m\u00e1s sobre ella:<\/p>\n<p><strong>NERVOS NETWORK Y SU TOKEN CKB<\/strong><br \/>\nNervos es una plataforma blockchain, contiene una \u201ccolecci\u00f3n de protocolos\u201d que<br \/>\nsupera a otras blockchains como Bitcoin y Ethereum.<\/p>\n<p>Las capas de la red est\u00e1n divididas en:<\/p>\n<p>Capa 1. Nervos CKB (Common Knowledge Base). Esta act\u00faa como la cadena de bloques<br \/>\nde prueba de trabajo dentro del ecosistema.<\/p>\n<p>Capa 2. Existen m\u00faltiples capas 2 en esta red, que proporcionan soluciones \u00fatiles como<br \/>\ncontratos inteligentes para desarrolladores y usuarios.<\/p>\n<p>Gracias a las soluciones de capa 2 la red consigue ofrecer transacciones casi ilimitadas a<br \/>\nun coste m\u00ednimo.<\/p>\n<p><strong>Token CKB<\/strong><br \/>\nCKB es el token de la red, en el momento de su lanzamiento su precio fue de 0.01123$.<br \/>\nOcupa en el ranking de capitalizaci\u00f3n de mercado seg\u00fan <a href=\"https:\/\/coinmarketcap.com\/es\/currencies\/nervos-network\/\">coinmarketcap.com<\/a> el puesto<br \/>\n157.<\/p>\n<p>Su emisi\u00f3n total es de 36,680,680,992CKB de los cuales 33.34B CKB ya est\u00e1n en<br \/>\ncirculaci\u00f3n.<\/p>\n<p><b>\u00bfQu\u00e9 es Bitmain?<\/b><\/p>\n<p><em>Bitmain<\/em>\u00a0es una compa\u00f1\u00eda con sede en Beijing, China. Es considerada una de las compa\u00f1\u00edas m\u00e1s importantes en la industria de criptomonedas al generar hardware de miner\u00eda\u00a0de alta calidad, con enormes capacidades mineras y por sus avances tecnol\u00f3gicos. Es la dise\u00f1adora\u00a0m\u00e1s grande del mundo\u00a0de\u00a0<a href=\"https:\/\/www.minandovoy.com\/categoria\/mineros\/\">equipos\u00a0<em>ASIC<\/em><\/a>\u00a0para la miner\u00eda\u00a0<em>Bitcoin<\/em>.<\/p>\n<p>Bitmain, es mayormente reconocido por el hardware de Bitcoin, aunque se interesa por aquellos proyectos que le aportan solidez a su empresa, como es en este caso Ethereum\/Ethereum Classic.<\/p>\n<p>En abril del 2021, el gran fabricante anunci\u00f3 el lanzamiento de una m\u00e1quina para la miner\u00eda de Ethreum cuyo nombre ser\u00eda,\u00a0<a href=\"https:\/\/www.asicminervalue.com\/miners\/bitmain\/antminer-e9-2-4gh\" target=\"_blank\" rel=\"noopener\">Antminer E9<\/a>. Esta verdadera bestia tiene el poder equivalente de 25\u00a0 GPU\u2019s Nvidia RTX 3080.<\/p>\n<p>&nbsp;<\/p>\n","protected":false},"excerpt":{"rendered":"<p>ANTMINER K7 58T EL NUEVO LANZAMIENTO DE BITMAIN \u00bfCrees que no podemos sorprenderte? \u00a1Espera, qu\u00e9date a leer todo sobre esta nueva m\u00e1quina de Bitmain ANTMINER K7 63.5T! Cuentan con un consumo de 3080W a la hora,\u00a0 est\u00e1 generando 35$ al d\u00eda. Este ASIC mina el algoritmo EAGLESONG, cuya \u00fanica moneda es la conocida Nervos. Os [&hellip;]<\/p>\n","protected":false},"featured_media":1269,"comment_status":"open","ping_status":"closed","template":"","meta":[],"product_brand":[],"product_cat":[19],"product_tag":[244,138],"class_list":{"0":"post-1406","1":"product","2":"type-product","3":"status-publish","4":"has-post-thumbnail","6":"product_cat-mineros","7":"product_tag-gme","8":"product_tag-mineros-para-avanzados","10":"first","11":"instock","12":"taxable","13":"shipping-taxable","14":"purchasable","15":"product-type-simple"},"_links":{"self":[{"href":"https:\/\/pruebas.michollo.to\/es_es\/wp-json\/wp\/v2\/product\/1406","targetHints":{"allow":["GET"]}}],"collection":[{"href":"https:\/\/pruebas.michollo.to\/es_es\/wp-json\/wp\/v2\/product"}],"about":[{"href":"https:\/\/pruebas.michollo.to\/es_es\/wp-json\/wp\/v2\/types\/product"}],"replies":[{"embeddable":true,"href":"https:\/\/pruebas.michollo.to\/es_es\/wp-json\/wp\/v2\/comments?post=1406"}],"wp:featuredmedia":[{"embeddable":true,"href":"https:\/\/pruebas.michollo.to\/es_es\/wp-json\/wp\/v2\/media\/1269"}],"wp:attachment":[{"href":"https:\/\/pruebas.michollo.to\/es_es\/wp-json\/wp\/v2\/media?parent=1406"}],"wp:term":[{"taxonomy":"product_brand","embeddable":true,"href":"https:\/\/pruebas.michollo.to\/es_es\/wp-json\/wp\/v2\/product_brand?post=1406"},{"taxonomy":"product_cat","embeddable":true,"href":"https:\/\/pruebas.michollo.to\/es_es\/wp-json\/wp\/v2\/product_cat?post=1406"},{"taxonomy":"product_tag","embeddable":true,"href":"https:\/\/pruebas.michollo.to\/es_es\/wp-json\/wp\/v2\/product_tag?post=1406"}],"curies":[{"name":"wp","href":"https:\/\/api.w.org\/{rel}","templated":true}]}}