{"id":1414,"date":"2023-02-22T09:29:01","date_gmt":"2023-02-22T11:29:01","guid":{"rendered":"https:\/\/www.minandovoy.com\/?post_type=product&#038;p=1414"},"modified":"2026-02-23T13:32:21","modified_gmt":"2026-02-23T12:32:21","slug":"antminer-d9","status":"publish","type":"product","link":"https:\/\/pruebas.michollo.to\/es_es\/producto\/antminer-d9\/","title":{"rendered":"Bitmain Antminer D9 (1770Gh)"},"content":{"rendered":"<p><em><strong>\u00bfConoces alg\u00fan modelo para la miner\u00eda de DASH? \u00a1Aqu\u00ed lo tienes!<\/strong><\/em><br \/>\nEl modelo Antminer D9 de Bitmain cuenta con un hashrate m\u00e1ximo de 1.770GH con un<br \/>\nconsumo de 2.839W\/H.<br \/>\nEsta m\u00e1quina mina el algoritmo X11, cuya moneda que destaca en \u00e9l es DASH, moneda<br \/>\nque nace en 2014.<\/p>\n<p><strong>DASH<\/strong><br \/>\nEs una de las monedas con mayor popularidad en el mercado de Am\u00e9rica Latina, por<br \/>\nproyectos de marketing orientados al mismo p\u00fablico ha podido posicionarse dentro de<br \/>\nese territorio.<br \/>\nEs tambi\u00e9n, una moneda digital que tiene como fundamento la idea de Bitcoin pero<br \/>\naportando elementos propios, como los Nodos Maestros.<br \/>\nTal y como comentamos, tiene una producci\u00f3n similar a la gran moneda \u201cBTC\u201d con un<br \/>\nm\u00e1ximo de 18.900.000 monedas, que se prev\u00e9 que se alcancen en el a\u00f1o 2.150.<br \/>\nDash tambi\u00e9n depende de los mineros para validar las transacciones, despu\u00e9s de lo cual<br \/>\nreciben el token de Blockchain como recompensa.<br \/>\nLos mineros pueden convertirse en Nodos Maestros depositando un m\u00ednimo de 1.000<br \/>\nDash. Esto les otorga un nivel superior que les permite realizar operaciones cr\u00edticas en<br \/>\nla red.<\/p>\n<p><strong>VAMOS A VER C\u00d3MO FUNCIONA DASH<\/strong><\/p>\n<p>Dash posibilita que el efectivo digital sea accesible y f\u00e1cil de usar, incluso para personas<br \/>\nsin conocimientos inform\u00e1ticos. Con Dash cualquiera puede crear una cuenta de<br \/>\nBlockchain, agregar una lista de sus contactos y transferir dinero por su nombre. Ya<br \/>\ncuenta con aceptaci\u00f3n en m\u00faltiples sistemas de pago.<br \/>\nAdem\u00e1s de su descentralizaci\u00f3n Dash garantiza el anonimato de las transacciones<br \/>\ndebido a las medidas de seguridad mejoradas.<\/p>\n<p><b>\u00bfQu\u00e9 es Bitmain?<\/b><\/p>\n<p><em>Bitmain<\/em>\u00a0es una compa\u00f1\u00eda con sede en Beijing, China. Es considerada una de las compa\u00f1\u00edas m\u00e1s importantes en la industria de criptomonedas al generar hardware de miner\u00eda\u00a0de alta calidad, con enormes capacidades mineras y por sus avances tecnol\u00f3gicos. Es la dise\u00f1adora\u00a0m\u00e1s grande del mundo\u00a0de\u00a0<a href=\"https:\/\/www.minandovoy.com\/categoria\/mineros\/\">equipos\u00a0<em>ASIC<\/em><\/a>\u00a0para la miner\u00eda\u00a0<em>Bitcoin<\/em>.<\/p>\n<p>Bitmain, es mayormente reconocido por el hardware de Bitcoin, aunque se interesa por aquellos proyectos que le aportan solidez a su empresa, como es en este caso Ethereum\/Ethereum Classic.<\/p>\n<p>En abril del 2021, el gran fabricante anunci\u00f3 el lanzamiento de una m\u00e1quina para la miner\u00eda de Ethreum cuyo nombre ser\u00eda,\u00a0<a href=\"https:\/\/www.asicminervalue.com\/miners\/bitmain\/antminer-e9-2-4gh\" target=\"_blank\" rel=\"noopener\">Antminer E9<\/a>. Esta verdadera bestia tiene el poder equivalente de 25\u00a0 GPU\u2019s Nvidia RTX 3080.<\/p>\n<p>&nbsp;<\/p>\n","protected":false},"excerpt":{"rendered":"<p>\u00bfConoces alg\u00fan modelo para la miner\u00eda de DASH? \u00a1Aqu\u00ed lo tienes! El modelo Antminer D9 de Bitmain cuenta con un hashrate m\u00e1ximo de 1.770GH con un consumo de 2.839W\/H. Esta m\u00e1quina mina el algoritmo X11, cuya moneda que destaca en \u00e9l es DASH, moneda que nace en 2014. DASH Es una de las monedas con [&hellip;]<\/p>\n","protected":false},"featured_media":1415,"comment_status":"open","ping_status":"closed","template":"","meta":[],"product_brand":[],"product_cat":[19],"product_tag":[244,138],"class_list":{"0":"post-1414","1":"product","2":"type-product","3":"status-publish","4":"has-post-thumbnail","6":"product_cat-mineros","7":"product_tag-gme","8":"product_tag-mineros-para-avanzados","10":"first","11":"instock","12":"taxable","13":"shipping-taxable","14":"purchasable","15":"product-type-simple"},"_links":{"self":[{"href":"https:\/\/pruebas.michollo.to\/es_es\/wp-json\/wp\/v2\/product\/1414","targetHints":{"allow":["GET"]}}],"collection":[{"href":"https:\/\/pruebas.michollo.to\/es_es\/wp-json\/wp\/v2\/product"}],"about":[{"href":"https:\/\/pruebas.michollo.to\/es_es\/wp-json\/wp\/v2\/types\/product"}],"replies":[{"embeddable":true,"href":"https:\/\/pruebas.michollo.to\/es_es\/wp-json\/wp\/v2\/comments?post=1414"}],"wp:featuredmedia":[{"embeddable":true,"href":"https:\/\/pruebas.michollo.to\/es_es\/wp-json\/wp\/v2\/media\/1415"}],"wp:attachment":[{"href":"https:\/\/pruebas.michollo.to\/es_es\/wp-json\/wp\/v2\/media?parent=1414"}],"wp:term":[{"taxonomy":"product_brand","embeddable":true,"href":"https:\/\/pruebas.michollo.to\/es_es\/wp-json\/wp\/v2\/product_brand?post=1414"},{"taxonomy":"product_cat","embeddable":true,"href":"https:\/\/pruebas.michollo.to\/es_es\/wp-json\/wp\/v2\/product_cat?post=1414"},{"taxonomy":"product_tag","embeddable":true,"href":"https:\/\/pruebas.michollo.to\/es_es\/wp-json\/wp\/v2\/product_tag?post=1414"}],"curies":[{"name":"wp","href":"https:\/\/api.w.org\/{rel}","templated":true}]}}