{"id":1585,"date":"2023-03-15T09:37:33","date_gmt":"2023-03-15T11:37:33","guid":{"rendered":"https:\/\/www.minandovoy.com\/?post_type=product&#038;p=1585"},"modified":"2024-12-26T17:43:34","modified_gmt":"2024-12-26T16:43:34","slug":"fuente-de-alimentacion-corsair-1600w-reaconcionada","status":"publish","type":"product","link":"https:\/\/pruebas.michollo.to\/es_es\/producto\/fuente-de-alimentacion-corsair-1600w-reaconcionada\/","title":{"rendered":"Fuente de alimentaci\u00f3n Corsair 1600w Reaconcionada"},"content":{"rendered":"<div id=\"product-description-short-11669\" class=\"rte-content product-description\">\n<p>Dise\u00f1ada con los mejores componentes, la fuente de alimentaci\u00f3n <strong>Corsair AX1600i<\/strong>\u00a0ofrece una eficiencia de m\u00e1s de 94% en un formato m\u00e1s peque\u00f1o. Cuenta con certificaci\u00f3n 80 PLUS Titanium y proporciona una potencia de 1600W, garantizando un funcionamiento estable en todo momento. Adem\u00e1s, ha sido provista de un ventilador de 140 mm con modo cero RPM, por lo que funciona casi en silencio con cargas bajas y medias. Corsair AX1600i es la fuente de alimentaci\u00f3n definitiva.<\/p>\n<\/div>\n<div class=\"product-description \">\n<div class=\"rte-content\">\n<p><b>Caracter\u00edsticas<\/b><\/p>\n<ul>\n<li>Formato: ATX<\/li>\n<li>Potencia 1600 W<\/li>\n<li>Eficiencia 80 PLUS Titanium<\/li>\n<li>Completamente modular<\/li>\n<li>Adjustable Single\/Multi 12V Rail: S\u00ed<\/li>\n<li>Versi\u00f3n ATX12V: v2.4<\/li>\n<li>Continuous output rated temperature C 50\u00b0C<\/li>\n<li>Continuous power: 1600 W<\/li>\n<li>Fan bearing technology: Fluid Dynamic Bearing<\/li>\n<li>Tama\u00f1o ventilador: 140mm<\/li>\n<li>MTBF: 100,000 horas<\/li>\n<li>Multi-GPU ready: S\u00ed<\/li>\n<li>Modo Cero RPM: S\u00ed<\/li>\n<li>Compatibilidad iCUE: S\u00ed<\/li>\n<li>Tipo cable: Low-Profile, All Black<\/li>\n<li>Versi\u00f3n EPS12V: v2.92<\/li>\n<li>Compatible Intel C6C7 sleep state<\/li>\n<li>Compatible Modern Standby: No<\/li>\n<li>Special Technology: DSP, GaN Totem Pole PFC<\/li>\n<li>Protection Circuits OVP (Over Voltage): UVP (Under Voltage); SCP (Short Circuit); OTP (Over Temp); OPP (Over Power)<\/li>\n<li>Dimensiones 150mm x 86mm x 200mm<\/li>\n<\/ul>\n<\/div>\n<\/div>\n<p>&nbsp;<\/p>\n<p>*Incluye cables, caja no incluida, cable de alimentaci\u00f3n no incluido. Producto reacondicionado.<\/p>\n","protected":false},"excerpt":{"rendered":"<p>Dise\u00f1ada con los mejores componentes, la fuente de alimentaci\u00f3n Corsair AX1600i\u00a0ofrece una eficiencia de m\u00e1s de 94% en un formato m\u00e1s peque\u00f1o. Cuenta con certificaci\u00f3n 80 PLUS Titanium y proporciona una potencia de 1600W, garantizando un funcionamiento estable en todo momento. Adem\u00e1s, ha sido provista de un ventilador de 140 mm con modo cero RPM, [&hellip;]<\/p>\n","protected":false},"featured_media":1586,"comment_status":"open","ping_status":"closed","template":"","meta":[],"product_brand":[],"product_cat":[20],"product_tag":[],"class_list":{"0":"post-1585","1":"product","2":"type-product","3":"status-publish","4":"has-post-thumbnail","6":"product_cat-componentes","8":"first","9":"outofstock","10":"sale","11":"taxable","12":"shipping-taxable","13":"purchasable","14":"product-type-simple"},"_links":{"self":[{"href":"https:\/\/pruebas.michollo.to\/es_es\/wp-json\/wp\/v2\/product\/1585","targetHints":{"allow":["GET"]}}],"collection":[{"href":"https:\/\/pruebas.michollo.to\/es_es\/wp-json\/wp\/v2\/product"}],"about":[{"href":"https:\/\/pruebas.michollo.to\/es_es\/wp-json\/wp\/v2\/types\/product"}],"replies":[{"embeddable":true,"href":"https:\/\/pruebas.michollo.to\/es_es\/wp-json\/wp\/v2\/comments?post=1585"}],"wp:featuredmedia":[{"embeddable":true,"href":"https:\/\/pruebas.michollo.to\/es_es\/wp-json\/wp\/v2\/media\/1586"}],"wp:attachment":[{"href":"https:\/\/pruebas.michollo.to\/es_es\/wp-json\/wp\/v2\/media?parent=1585"}],"wp:term":[{"taxonomy":"product_brand","embeddable":true,"href":"https:\/\/pruebas.michollo.to\/es_es\/wp-json\/wp\/v2\/product_brand?post=1585"},{"taxonomy":"product_cat","embeddable":true,"href":"https:\/\/pruebas.michollo.to\/es_es\/wp-json\/wp\/v2\/product_cat?post=1585"},{"taxonomy":"product_tag","embeddable":true,"href":"https:\/\/pruebas.michollo.to\/es_es\/wp-json\/wp\/v2\/product_tag?post=1585"}],"curies":[{"name":"wp","href":"https:\/\/api.w.org\/{rel}","templated":true}]}}