{"id":16856,"date":"2024-12-24T16:19:21","date_gmt":"2024-12-24T15:19:21","guid":{"rendered":"https:\/\/www.minandovoy.com\/?post_type=product&#038;p=16856"},"modified":"2025-08-07T11:30:28","modified_gmt":"2025-08-07T09:30:28","slug":"jasminer-x16-q-1-95gh","status":"publish","type":"product","link":"https:\/\/pruebas.michollo.to\/es_es\/producto\/jasminer-x16-q-1-95gh\/","title":{"rendered":"JASMINER X16-Q 1.95GH"},"content":{"rendered":"<p>JASMINER X16-Q utiliza el algoritmo EtHash para la miner\u00eda, con una tasa de hash m\u00e1xima de 1.95 Gh\/s y un consumo de energ\u00eda de 620W. X16-Q est\u00e1 equipado con un motor inteligente de alto rendimiento desarrollado independientemente por JASMINER basado en el chip aritm\u00e9tico de alto rendimiento de &#8220;almacenamiento e inform\u00e1tica&#8221; l\u00edder en el mundo, especialmente construido para la red blockchain &#8220;Complex Giant&#8221;. Su tasa de hash ultraalta de 1950MH\/s\u00b110% proporciona un nuevo rendimiento en reducci\u00f3n de costos y mejora de la eficiencia para aplicaciones como hogares, salas de computadoras IDC o sitios profesionales. Tiene m\u00faltiples ventajas, como alta eficiencia, bajo consumo, f\u00e1cil implementaci\u00f3n, silencio y protecci\u00f3n ambiental, brindando una experiencia c\u00f3moda a los clientes.<\/p>\n<div class=\"asicminer-widget-container\" style=\"width: 100%; min-height: 300px;\">\n            <iframe id=\"asicminer-widget-4466\" \n                    src=\"https:\/\/pruebas.michollo.to\/wp-content\/themes\/minandovoy\/proxy-widget.php?miner=jasminer\/x16-q&#038;type=profit&#038;theme=dark\" \n                    width=\"100%\" \n                    height=\"300\" \n                    frameborder=\"0\"\n                    loading=\"lazy\"\n                    style=\"border: none; overflow: hidden;\"\n                    title=\"ASIC Miner Widget\">\n            <\/iframe>\n        <\/div>\n<p><strong>Caracter\u00edsticas del producto:<\/strong><\/p>\n<p>1) M\u00e1xima eficiencia, futuro brillante; El rendimiento inform\u00e1tico central recientemente actualizado de 1950MH\/s\u00b110% del JASMINER X16-Q es m\u00e1s potente. La relaci\u00f3n de consumo de energ\u00eda es de 0.32 JMH, lo que proporciona una mejora integral para la b\u00fasqueda del m\u00e1ximo rendimiento, eficiencia energ\u00e9tica y una experiencia inform\u00e1tica extraordinaria.<\/p>\n<p>2) Extremadamente silencioso y c\u00f3modo; JASMINER X16-Q adopta un dise\u00f1o estructural con un rendimiento de disipaci\u00f3n de calor optimizado para crear un sistema de enfriamiento silencioso emblem\u00e1tico con menor ruido y una mayor disipaci\u00f3n de calor. La temperatura de funcionamiento es de 0-40 \u2103, el ruido es \u226440 dB y es adecuado para uso en dormitorios.<\/p>\n<p>3) Gran apariencia y resistencia: el dise\u00f1o art\u00edstico estilo rejilla de disipaci\u00f3n de calor no solo resalta la personalidad sino tambi\u00e9n la belleza de la tecnolog\u00eda. Las orejas de montaje en ambos lados se pueden implementar en salas de computadoras, hogares y otros entornos de IDC, lo que le brinda energ\u00eda estable y en aumento.<\/p>\n","protected":false},"excerpt":{"rendered":"<p>JASMINER X16-Q utiliza el algoritmo EtHash para la miner\u00eda, con una tasa de hash m\u00e1xima de 1.95 Gh\/s y un consumo de energ\u00eda de 620W. X16-Q est\u00e1 equipado con un motor inteligente de alto rendimiento desarrollado independientemente por JASMINER basado en el chip aritm\u00e9tico de alto rendimiento de &#8220;almacenamiento e inform\u00e1tica&#8221; l\u00edder en el mundo, [&hellip;]<\/p>\n","protected":false},"featured_media":16853,"comment_status":"open","ping_status":"closed","template":"","meta":[],"product_brand":[],"product_cat":[19],"product_tag":[244,138,137],"class_list":{"0":"post-16856","1":"product","2":"type-product","3":"status-publish","4":"has-post-thumbnail","6":"product_cat-mineros","7":"product_tag-gme","8":"product_tag-mineros-para-avanzados","9":"product_tag-mineros-para-principiantes","11":"first","12":"outofstock","13":"taxable","14":"shipping-taxable","15":"purchasable","16":"product-type-simple"},"_links":{"self":[{"href":"https:\/\/pruebas.michollo.to\/es_es\/wp-json\/wp\/v2\/product\/16856","targetHints":{"allow":["GET"]}}],"collection":[{"href":"https:\/\/pruebas.michollo.to\/es_es\/wp-json\/wp\/v2\/product"}],"about":[{"href":"https:\/\/pruebas.michollo.to\/es_es\/wp-json\/wp\/v2\/types\/product"}],"replies":[{"embeddable":true,"href":"https:\/\/pruebas.michollo.to\/es_es\/wp-json\/wp\/v2\/comments?post=16856"}],"wp:featuredmedia":[{"embeddable":true,"href":"https:\/\/pruebas.michollo.to\/es_es\/wp-json\/wp\/v2\/media\/16853"}],"wp:attachment":[{"href":"https:\/\/pruebas.michollo.to\/es_es\/wp-json\/wp\/v2\/media?parent=16856"}],"wp:term":[{"taxonomy":"product_brand","embeddable":true,"href":"https:\/\/pruebas.michollo.to\/es_es\/wp-json\/wp\/v2\/product_brand?post=16856"},{"taxonomy":"product_cat","embeddable":true,"href":"https:\/\/pruebas.michollo.to\/es_es\/wp-json\/wp\/v2\/product_cat?post=16856"},{"taxonomy":"product_tag","embeddable":true,"href":"https:\/\/pruebas.michollo.to\/es_es\/wp-json\/wp\/v2\/product_tag?post=16856"}],"curies":[{"name":"wp","href":"https:\/\/api.w.org\/{rel}","templated":true}]}}