{"id":17299,"date":"2025-01-29T12:55:48","date_gmt":"2025-01-29T11:55:48","guid":{"rendered":"https:\/\/www.minandovoy.com\/?post_type=product&#038;p=17299"},"modified":"2026-02-23T13:15:29","modified_gmt":"2026-02-23T12:15:29","slug":"bitmain-antminer-e11-9-5-gh-etc-zil","status":"publish","type":"product","link":"https:\/\/pruebas.michollo.to\/es_es\/producto\/bitmain-antminer-e11-9-5-gh-etc-zil\/","title":{"rendered":"Bitmain Antminer E11 9.5 GH- ETC+ ZIL"},"content":{"rendered":"<p>&#8211; Potente rendimiento de miner\u00eda ETC y ZIL: equipado con la \u00faltima tecnolog\u00eda ASIC (circuito integrado espec\u00edfico de aplicaci\u00f3n), el Antminer E11 9G 2340W est\u00e1 dise\u00f1ado para un rendimiento \u00f3ptimo tanto en miner\u00eda Bitcoin (BTC) como en Ethereum Classic (ETC). Esta tecnolog\u00eda avanzada garantiza un procesamiento m\u00e1s r\u00e1pido y eficiente de las transacciones, maximizando la rentabilidad de la miner\u00eda para ambas criptomonedas.<\/p>\n<p>&#8211; Dise\u00f1o duradero y fiable: construido para durar, el Antminer E11 cuenta con un sistema de refrigeraci\u00f3n de alta calidad que garantiza temperaturas de funcionamiento estables, incluso bajo cargas de trabajo pesadas. Esto mejora la eficiencia operativa a largo plazo para la miner\u00eda de ETC y ZIL. El dise\u00f1o del ventilador reduce el ruido y mejora el flujo de aire, asegurando una mejor refrigeraci\u00f3n y una experiencia de miner\u00eda m\u00e1s silenciosa.<\/p>\n<p>-F\u00e1cil configuraci\u00f3n e interfaz f\u00e1cil de usar: configurar el Antminer E11 9G 2340W es simple, incluso para principiantes en miner\u00eda. Con su interfaz intuitiva, es f\u00e1cil configurar, monitorear y administrar tus actividades mineras para BTC y ETC. Ya sea que est\u00e9s minando solo o uni\u00e9ndote a una piscina, este minero agiliza el proceso, por lo que puedes comenzar a minar de inmediato.<\/p>\n<p>&#8211; Env\u00edo global eficiente: ofrecemos env\u00edo a todo el mundo para Bitmain Antminer E11 9G 2340W, lo que garantiza que pueda comenzar a extraer ETC y ZIL sin importar d\u00f3nde se encuentre. Nuestro servicio de entrega r\u00e1pido y seguro garantiza que tu minero te llegar\u00e1 de manera eficiente y segura, para que puedas empezar a maximizar tu potencial de miner\u00eda.<\/p>\n<p>-M\u00e1xima eficiencia tanto para BTC como para ETC: el Antminer E11 9G 2340W no se limita solo a la miner\u00eda de Bitcoin. Con sus potentes capacidades de procesamiento, este minero tambi\u00e9n es compatible con Ethereum Classic (ETC), ofreciendo versatilidad para los mineros que buscan expandir su cartera de criptomonedas. Disfruta de un rendimiento minero mejorado para ambas criptomonedas l\u00edderes.<\/p>\n","protected":false},"excerpt":{"rendered":"<p>&#8211; Potente rendimiento de miner\u00eda ETC y ZIL: equipado con la \u00faltima tecnolog\u00eda ASIC (circuito integrado espec\u00edfico de aplicaci\u00f3n), el Antminer E11 9G 2340W est\u00e1 dise\u00f1ado para un rendimiento \u00f3ptimo tanto en miner\u00eda Bitcoin (BTC) como en Ethereum Classic (ETC). Esta tecnolog\u00eda avanzada garantiza un procesamiento m\u00e1s r\u00e1pido y eficiente de las transacciones, maximizando la [&hellip;]<\/p>\n","protected":false},"featured_media":17300,"comment_status":"open","ping_status":"closed","template":"","meta":[],"product_brand":[],"product_cat":[15],"product_tag":[],"class_list":{"0":"post-17299","1":"product","2":"type-product","3":"status-publish","4":"has-post-thumbnail","6":"product_cat-sin-categorizar","8":"first","9":"instock","10":"taxable","11":"shipping-taxable","12":"purchasable","13":"product-type-simple"},"_links":{"self":[{"href":"https:\/\/pruebas.michollo.to\/es_es\/wp-json\/wp\/v2\/product\/17299","targetHints":{"allow":["GET"]}}],"collection":[{"href":"https:\/\/pruebas.michollo.to\/es_es\/wp-json\/wp\/v2\/product"}],"about":[{"href":"https:\/\/pruebas.michollo.to\/es_es\/wp-json\/wp\/v2\/types\/product"}],"replies":[{"embeddable":true,"href":"https:\/\/pruebas.michollo.to\/es_es\/wp-json\/wp\/v2\/comments?post=17299"}],"wp:featuredmedia":[{"embeddable":true,"href":"https:\/\/pruebas.michollo.to\/es_es\/wp-json\/wp\/v2\/media\/17300"}],"wp:attachment":[{"href":"https:\/\/pruebas.michollo.to\/es_es\/wp-json\/wp\/v2\/media?parent=17299"}],"wp:term":[{"taxonomy":"product_brand","embeddable":true,"href":"https:\/\/pruebas.michollo.to\/es_es\/wp-json\/wp\/v2\/product_brand?post=17299"},{"taxonomy":"product_cat","embeddable":true,"href":"https:\/\/pruebas.michollo.to\/es_es\/wp-json\/wp\/v2\/product_cat?post=17299"},{"taxonomy":"product_tag","embeddable":true,"href":"https:\/\/pruebas.michollo.to\/es_es\/wp-json\/wp\/v2\/product_tag?post=17299"}],"curies":[{"name":"wp","href":"https:\/\/api.w.org\/{rel}","templated":true}]}}