{"id":17565,"date":"2025-03-13T15:55:58","date_gmt":"2025-03-13T14:55:58","guid":{"rendered":"https:\/\/www.minandovoy.com\/?post_type=product&#038;p=17565"},"modified":"2026-02-23T13:14:56","modified_gmt":"2026-02-23T12:14:56","slug":"iceriver-ks7-30-th-s","status":"publish","type":"product","link":"https:\/\/pruebas.michollo.to\/es_es\/producto\/iceriver-ks7-30-th-s\/","title":{"rendered":"IceRiver KS7 &#8211; 30 TH\/s"},"content":{"rendered":"<p data-start=\"0\" data-end=\"273\">El <strong data-start=\"3\" data-end=\"19\">IceRiver KS7<\/strong> es un minero ASIC de alto rendimiento dise\u00f1ado para la miner\u00eda de Kaspa (KAS) utilizando el algoritmo kHeavyHash. Este dispositivo ofrece una tasa de hash de 30 TH\/s con un consumo energ\u00e9tico de 3500W, lo que se traduce en una eficiencia de 0.117 J\/GH.<\/p>\n<p data-start=\"0\" data-end=\"273\"><div class=\"asicminer-widget-container\" style=\"width: 100%; min-height: 300px;\">\n            <iframe id=\"asicminer-widget-7033\" \n                    src=\"https:\/\/pruebas.michollo.to\/wp-content\/themes\/minandovoy\/proxy-widget.php?miner=iceriver\/kas-ks7&#038;type=profit&#038;theme=dark\" \n                    width=\"100%\" \n                    height=\"300\" \n                    frameborder=\"0\"\n                    loading=\"lazy\"\n                    style=\"border: none; overflow: hidden;\"\n                    title=\"ASIC Miner Widget\">\n            <\/iframe>\n        <\/div><\/p>\n<p data-start=\"275\" data-end=\"307\"><strong data-start=\"275\" data-end=\"307\">Caracter\u00edsticas principales:<\/strong><\/p>\n<ul data-start=\"309\" data-end=\"616\">\n<li data-start=\"309\" data-end=\"336\">\n<p data-start=\"311\" data-end=\"336\"><strong data-start=\"311\" data-end=\"328\">Tasa de hash:<\/strong> 30 TH\/s<\/p>\n<\/li>\n<li data-start=\"338\" data-end=\"369\">\n<p data-start=\"340\" data-end=\"369\"><strong data-start=\"340\" data-end=\"363\">Consumo de energ\u00eda:<\/strong> 3500W<\/p>\n<\/li>\n<li data-start=\"371\" data-end=\"410\">\n<p data-start=\"373\" data-end=\"410\"><strong data-start=\"373\" data-end=\"399\">Eficiencia energ\u00e9tica:<\/strong> 0.117 J\/GH<\/p>\n<\/li>\n<li data-start=\"412\" data-end=\"439\">\n<p data-start=\"414\" data-end=\"439\"><strong data-start=\"414\" data-end=\"428\">Algoritmo:<\/strong> kHeavyHash<\/p>\n<\/li>\n<li data-start=\"441\" data-end=\"477\">\n<p data-start=\"443\" data-end=\"477\"><strong data-start=\"443\" data-end=\"465\">Moneda compatible:<\/strong> Kaspa (KAS)<\/p>\n<\/li>\n<li data-start=\"479\" data-end=\"616\">\n<p data-start=\"481\" data-end=\"616\"><strong data-start=\"481\" data-end=\"517\">Fuente de alimentaci\u00f3n incluida:<\/strong> El dispositivo viene con su propia fuente de alimentaci\u00f3n, facilitando su instalaci\u00f3n y operaci\u00f3n.<\/p>\n<\/li>\n<\/ul>\n<p data-start=\"618\" data-end=\"658\"><strong data-start=\"618\" data-end=\"658\">Disponibilidad y opciones de compra:<\/strong><\/p>\n<p data-start=\"660\" data-end=\"967\">El IceRiver KS7 est\u00e1 disponible para preordenar y se espera que est\u00e9 disponible pr\u00f3ximamente. Adem\u00e1s, la empresa ofrece servicios de hosting en Estados Unidos y Europa, lo que permite a los usuarios alojar sus dispositivos en centros de datos especializados, garantizando un entorno \u00f3ptimo para la miner\u00eda.<\/p>\n<p data-start=\"969\" data-end=\"1135\">Con su alto rendimiento y eficiencia energ\u00e9tica, el IceRiver KS7 se presenta como una opci\u00f3n atractiva para aquellos interesados en la miner\u00eda de Kaspa a gran escala.<\/p>\n","protected":false},"excerpt":{"rendered":"<p>El IceRiver KS7 es un minero ASIC de alto rendimiento dise\u00f1ado para la miner\u00eda de Kaspa (KAS) utilizando el algoritmo kHeavyHash. Este dispositivo ofrece una tasa de hash de 30 TH\/s con un consumo energ\u00e9tico de 3500W, lo que se traduce en una eficiencia de 0.117 J\/GH. Caracter\u00edsticas principales: Tasa de hash: 30 TH\/s Consumo [&hellip;]<\/p>\n","protected":false},"featured_media":6117,"comment_status":"open","ping_status":"closed","template":"","meta":[],"product_brand":[],"product_cat":[19],"product_tag":[244,138,139],"class_list":{"0":"post-17565","1":"product","2":"type-product","3":"status-publish","4":"has-post-thumbnail","6":"product_cat-mineros","7":"product_tag-gme","8":"product_tag-mineros-para-avanzados","9":"product_tag-mineros-para-expertos","11":"first","12":"instock","13":"taxable","14":"shipping-taxable","15":"purchasable","16":"product-type-simple"},"_links":{"self":[{"href":"https:\/\/pruebas.michollo.to\/es_es\/wp-json\/wp\/v2\/product\/17565","targetHints":{"allow":["GET"]}}],"collection":[{"href":"https:\/\/pruebas.michollo.to\/es_es\/wp-json\/wp\/v2\/product"}],"about":[{"href":"https:\/\/pruebas.michollo.to\/es_es\/wp-json\/wp\/v2\/types\/product"}],"replies":[{"embeddable":true,"href":"https:\/\/pruebas.michollo.to\/es_es\/wp-json\/wp\/v2\/comments?post=17565"}],"wp:featuredmedia":[{"embeddable":true,"href":"https:\/\/pruebas.michollo.to\/es_es\/wp-json\/wp\/v2\/media\/6117"}],"wp:attachment":[{"href":"https:\/\/pruebas.michollo.to\/es_es\/wp-json\/wp\/v2\/media?parent=17565"}],"wp:term":[{"taxonomy":"product_brand","embeddable":true,"href":"https:\/\/pruebas.michollo.to\/es_es\/wp-json\/wp\/v2\/product_brand?post=17565"},{"taxonomy":"product_cat","embeddable":true,"href":"https:\/\/pruebas.michollo.to\/es_es\/wp-json\/wp\/v2\/product_cat?post=17565"},{"taxonomy":"product_tag","embeddable":true,"href":"https:\/\/pruebas.michollo.to\/es_es\/wp-json\/wp\/v2\/product_tag?post=17565"}],"curies":[{"name":"wp","href":"https:\/\/api.w.org\/{rel}","templated":true}]}}