{"id":18588,"date":"2025-06-25T12:31:46","date_gmt":"2025-06-25T10:31:46","guid":{"rendered":"https:\/\/www.minandovoy.com\/?post_type=product&#038;p=18588"},"modified":"2026-02-23T13:10:50","modified_gmt":"2026-02-23T12:10:50","slug":"bitmain-antminer-s19-xp-hyd-279th","status":"publish","type":"product","link":"https:\/\/pruebas.michollo.to\/es_es\/producto\/bitmain-antminer-s19-xp-hyd-279th\/","title":{"rendered":"Bitmain Antminer S19 XP+ Hyd 279Th"},"content":{"rendered":"<p>El Bitmain Antminer S19 XP+ Hyd (279Th) es un equipo ASIC desarrollado para la miner\u00eda con el algoritmo SHA-256, enfocado principalmente en Bitcoin (BTC). Alcanza una tasa de hash m\u00e1xima de 279Th\/s con un consumo energ\u00e9tico de 5301W, lo que se traduce en una eficiencia de 19J\/Th.<\/p>\n<p>Garant\u00eda total de 1 a\u00f1o. Protege tanto piezas como mano de obra y te da acceso a nuestro soporte t\u00e9cnico especializado. Ante cualquier incidencia, solo tienes que abrir un ticket en tu \u00e1rea de cliente: nos ocupamos de la reparaci\u00f3n o sustituci\u00f3n sin coste a\u00f1adido.<\/p>\n<div class=\"asicminer-widget-container\" style=\"width: 100%; min-height: 300px;\">\n            <iframe id=\"asicminer-widget-3399\" \n                    src=\"https:\/\/pruebas.michollo.to\/wp-content\/themes\/minandovoy\/proxy-widget.php?miner=bitmain\/antminer-s19-xp-plus-hyd-279th&#038;type=profit&#038;theme=dark\" \n                    width=\"100%\" \n                    height=\"300\" \n                    frameborder=\"0\"\n                    loading=\"lazy\"\n                    style=\"border: none; overflow: hidden;\"\n                    title=\"ASIC Miner Widget\">\n            <\/iframe>\n        <\/div>\n<div class=\"mb-4\">\n<h3 class=\"\" data-start=\"166\" data-end=\"198\">\ud83d\udd27 Especificaciones T\u00e9cnicas<\/h3>\n<\/div>\n<table class=\"w-full\">\n<tbody>\n<tr class=\"odd:bg-transparent even:bg-gray-1 odd:dark:bg-transparent even:dark:bg-black\/80\">\n<td class=\"min-w-40 py-1 pl-2\">Fabricante<\/td>\n<td class=\"pr-2 text-right\">Bitmain<\/td>\n<\/tr>\n<tr class=\"odd:bg-transparent even:bg-gray-1 odd:dark:bg-transparent even:dark:bg-black\/80\">\n<td class=\"min-w-40 py-1 pl-2\">Modelo<\/td>\n<td class=\"pr-2 text-right\">Antminer S19 XP+ Hyd (279Th)<\/td>\n<\/tr>\n<tr class=\"odd:bg-transparent even:bg-gray-1 odd:dark:bg-transparent even:dark:bg-black\/80\">\n<td class=\"min-w-40 py-1 pl-2\">Tambi\u00e9n conocido como<\/td>\n<td class=\"pr-2 text-right\">Antminer S19 XP+ Hydro (279Th)<\/td>\n<\/tr>\n<tr class=\"odd:bg-transparent even:bg-gray-1 odd:dark:bg-transparent even:dark:bg-black\/80\">\n<td class=\"min-w-40 py-1 pl-2\">Lanzamiento<\/td>\n<td class=\"pr-2 text-right\">Jan 2025<\/td>\n<\/tr>\n<tr class=\"odd:bg-transparent even:bg-gray-1 odd:dark:bg-transparent even:dark:bg-black\/80\">\n<td class=\"min-w-40 py-1 pl-2\">Tama\u00f1o<\/td>\n<td class=\"pr-2 text-right\">410 x 170 x 209mm<\/td>\n<\/tr>\n<tr class=\"odd:bg-transparent even:bg-gray-1 odd:dark:bg-transparent even:dark:bg-black\/80\">\n<td class=\"min-w-40 py-1 pl-2\">Peso<\/td>\n<td class=\"pr-2 text-right\">13400g<\/td>\n<\/tr>\n<tr class=\"odd:bg-transparent even:bg-gray-1 odd:dark:bg-transparent even:dark:bg-black\/80\">\n<td class=\"min-w-40 py-1 pl-2\">Nivel de ruido<\/td>\n<td class=\"pr-2 text-right\">50dB<\/td>\n<\/tr>\n<tr class=\"odd:bg-transparent even:bg-gray-1 odd:dark:bg-transparent even:dark:bg-black\/80\">\n<td class=\"min-w-40 py-1 pl-2\">Refrigeraci\u00f3n<\/td>\n<td class=\"pr-2 text-right\">Hydro cooling<\/td>\n<\/tr>\n<tr class=\"odd:bg-transparent even:bg-gray-1 odd:dark:bg-transparent even:dark:bg-black\/80\">\n<td class=\"min-w-40 py-1 pl-2\">Potencia<\/td>\n<td class=\"pr-2 text-right\">5301W<\/td>\n<\/tr>\n<tr class=\"odd:bg-transparent even:bg-gray-1 odd:dark:bg-transparent even:dark:bg-black\/80\">\n<td class=\"min-w-40 py-1 pl-2\">Interfaz<\/td>\n<td class=\"pr-2 text-right\">Ethernet<\/td>\n<\/tr>\n<tr class=\"odd:bg-transparent even:bg-gray-1 odd:dark:bg-transparent even:dark:bg-black\/80\">\n<td class=\"min-w-40 py-1 pl-2\">Temperatura<\/td>\n<td class=\"pr-2 text-right\">5 &#8211; 40 \u00b0C<\/td>\n<\/tr>\n<tr class=\"odd:bg-transparent even:bg-gray-1 odd:dark:bg-transparent even:dark:bg-black\/80\">\n<td class=\"min-w-40 py-1 pl-2\">Humedad<\/td>\n<td class=\"pr-2 text-right\">10 &#8211; 90 %<\/td>\n<\/tr>\n<\/tbody>\n<\/table>\n<p>&nbsp;<\/p>\n<p>&nbsp;<\/p>\n<p>&nbsp;<\/p>\n<p>&nbsp;<\/p>\n<p>&nbsp;<\/p>\n","protected":false},"excerpt":{"rendered":"<p>El Bitmain Antminer S19 XP+ Hyd (279Th) es un equipo ASIC desarrollado para la miner\u00eda con el algoritmo SHA-256, enfocado principalmente en Bitcoin (BTC). Alcanza una tasa de hash m\u00e1xima de 279Th\/s con un consumo energ\u00e9tico de 5301W, lo que se traduce en una eficiencia de 19J\/Th. Garant\u00eda total de 1 a\u00f1o. Protege tanto piezas [&hellip;]<\/p>\n","protected":false},"featured_media":18590,"comment_status":"open","ping_status":"closed","template":"","meta":[],"product_brand":[],"product_cat":[19],"product_tag":[244,139],"class_list":{"0":"post-18588","1":"product","2":"type-product","3":"status-publish","4":"has-post-thumbnail","6":"product_cat-mineros","7":"product_tag-gme","8":"product_tag-mineros-para-expertos","10":"first","11":"instock","12":"taxable","13":"shipping-taxable","14":"purchasable","15":"product-type-simple"},"_links":{"self":[{"href":"https:\/\/pruebas.michollo.to\/es_es\/wp-json\/wp\/v2\/product\/18588","targetHints":{"allow":["GET"]}}],"collection":[{"href":"https:\/\/pruebas.michollo.to\/es_es\/wp-json\/wp\/v2\/product"}],"about":[{"href":"https:\/\/pruebas.michollo.to\/es_es\/wp-json\/wp\/v2\/types\/product"}],"replies":[{"embeddable":true,"href":"https:\/\/pruebas.michollo.to\/es_es\/wp-json\/wp\/v2\/comments?post=18588"}],"wp:featuredmedia":[{"embeddable":true,"href":"https:\/\/pruebas.michollo.to\/es_es\/wp-json\/wp\/v2\/media\/18590"}],"wp:attachment":[{"href":"https:\/\/pruebas.michollo.to\/es_es\/wp-json\/wp\/v2\/media?parent=18588"}],"wp:term":[{"taxonomy":"product_brand","embeddable":true,"href":"https:\/\/pruebas.michollo.to\/es_es\/wp-json\/wp\/v2\/product_brand?post=18588"},{"taxonomy":"product_cat","embeddable":true,"href":"https:\/\/pruebas.michollo.to\/es_es\/wp-json\/wp\/v2\/product_cat?post=18588"},{"taxonomy":"product_tag","embeddable":true,"href":"https:\/\/pruebas.michollo.to\/es_es\/wp-json\/wp\/v2\/product_tag?post=18588"}],"curies":[{"name":"wp","href":"https:\/\/api.w.org\/{rel}","templated":true}]}}