{"id":2620,"date":"2023-09-20T06:21:31","date_gmt":"2023-09-20T08:21:31","guid":{"rendered":"https:\/\/www.minandovoy.com\/?post_type=product&#038;p=2620"},"modified":"2025-05-09T14:47:11","modified_gmt":"2025-05-09T12:47:11","slug":"antminer-e9-pro-3-780gh","status":"publish","type":"product","link":"https:\/\/pruebas.michollo.to\/es_es\/producto\/antminer-e9-pro-3-780gh\/","title":{"rendered":"Antminer E9 PRO 3680Gh"},"content":{"rendered":"<p>El <b>Antminer<\/b> E9 3.78Gh de <b>Bitmain<\/b>, especializado en minar Ethereum Classic, tiene un rendimiento mayor que cualquier <a href=\"https:\/\/www.minandovoy.com\/categoria\/rigs-de-gpu\/\">GPU<\/a>.\u00a0<b>\u00a0<\/b>Este ASIC dedicado a la miner\u00eda de <a href=\"https:\/\/www.minandovoy.com\/categoria\/mineros\/?algoritmos=ethash\">Ethash<\/a>, tiene una potencia de minado de 3780MHs y un consumo de 2200w\/h.<\/p>\n<p>&nbsp;<\/p>\n<div class=\"jnews_inline_related_post_wrapper right\">\n<div class=\"jnews_inline_related_post\">\n<div class=\"jeg_postblock_21 jeg_postblock jeg_module_hook jeg_pagination_disable jeg_col_2o3 jnews_module_337080_0_6385e584c0f23 \" data-unique=\"jnews_module_337080_0_6385e584c0f23\">\n<div class=\"jeg_block_heading jeg_block_heading_5 jeg_subcat_right\"><\/div>\n<\/div>\n<\/div>\n<\/div>\n<h3><b>\u00bfQu\u00e9 es Bitmain?<\/b><\/h3>\n<p><em>Bitmain<\/em> es una compa\u00f1\u00eda con sede en Beijing, China. Se considera una de las compa\u00f1\u00edas m\u00e1s importantes en la industria de criptomonedas al generar hardware de miner\u00eda de alta calidad, con enormes capacidades mineras y por sus avances tecnol\u00f3gicos. Es la dise\u00f1adora m\u00e1s grande del mundo de equipos <em>ASIC<\/em>\u00a0para la miner\u00eda\u00a0<em>Bitcoin<\/em>.<\/p>\n<p>Bitmain, es mayormente reconocido por el hardware de Bitcoin, aunque se interesa por aquellos proyectos que le aportan solidez a su empresa, como es en este caso Ethereum\/Ethereum Classic.<\/p>\n<p>&nbsp;<\/p>\n<p>&nbsp;<\/p>\n<h3><strong><a href=\"https:\/\/coinmarketcap.com\/es\/currencies\/ethereum-classic\/\">Ethereum classic<\/a> vs Ethereum:<\/strong><\/h3>\n<p>Esta criptomoneda se lanz\u00f3 en julio de 2016, cuya funci\u00f3n principal es la de red de<br \/>\ncontratos inteligentes, con capacidad para almacenar y dar soporte a Dapps.<br \/>\nDesde que se lanz\u00f3 esta Cripto, ha intentado diferenciarse de su hermano mayor, ya<br \/>\nque este se propuso preservar la integridad de la cadena de bloques de ETH existente.<\/p>\n<p>&nbsp;<\/p>\n<p>Haz click <a href=\"https:\/\/www.youtube.com\/watch?v=BtF49i6Glnc\">aqu\u00ed<\/a> para conocer la diferencia entre un ASIC y un RIG.<\/p>\n","protected":false},"excerpt":{"rendered":"<p>El Antminer E9 3.78Gh de Bitmain, especializado en minar Ethereum Classic, tiene un rendimiento mayor que cualquier GPU.\u00a0\u00a0Este ASIC dedicado a la miner\u00eda de Ethash, tiene una potencia de minado de 3780MHs y un consumo de 2200w\/h. &nbsp; \u00bfQu\u00e9 es Bitmain? Bitmain es una compa\u00f1\u00eda con sede en Beijing, China. Se considera una de las [&hellip;]<\/p>\n","protected":false},"featured_media":1047,"comment_status":"open","ping_status":"closed","template":"","meta":[],"product_brand":[],"product_cat":[19],"product_tag":[52,29,244,138,48],"class_list":{"0":"post-2620","1":"product","2":"type-product","3":"status-publish","4":"has-post-thumbnail","6":"product_cat-mineros","7":"product_tag-asic","8":"product_tag-ethereum","9":"product_tag-gme","10":"product_tag-mineros-para-avanzados","11":"product_tag-nuevo","13":"first","14":"outofstock","15":"featured","16":"taxable","17":"shipping-taxable","18":"purchasable","19":"product-type-simple"},"_links":{"self":[{"href":"https:\/\/pruebas.michollo.to\/es_es\/wp-json\/wp\/v2\/product\/2620","targetHints":{"allow":["GET"]}}],"collection":[{"href":"https:\/\/pruebas.michollo.to\/es_es\/wp-json\/wp\/v2\/product"}],"about":[{"href":"https:\/\/pruebas.michollo.to\/es_es\/wp-json\/wp\/v2\/types\/product"}],"replies":[{"embeddable":true,"href":"https:\/\/pruebas.michollo.to\/es_es\/wp-json\/wp\/v2\/comments?post=2620"}],"wp:featuredmedia":[{"embeddable":true,"href":"https:\/\/pruebas.michollo.to\/es_es\/wp-json\/wp\/v2\/media\/1047"}],"wp:attachment":[{"href":"https:\/\/pruebas.michollo.to\/es_es\/wp-json\/wp\/v2\/media?parent=2620"}],"wp:term":[{"taxonomy":"product_brand","embeddable":true,"href":"https:\/\/pruebas.michollo.to\/es_es\/wp-json\/wp\/v2\/product_brand?post=2620"},{"taxonomy":"product_cat","embeddable":true,"href":"https:\/\/pruebas.michollo.to\/es_es\/wp-json\/wp\/v2\/product_cat?post=2620"},{"taxonomy":"product_tag","embeddable":true,"href":"https:\/\/pruebas.michollo.to\/es_es\/wp-json\/wp\/v2\/product_tag?post=2620"}],"curies":[{"name":"wp","href":"https:\/\/api.w.org\/{rel}","templated":true}]}}