{"id":2648,"date":"2023-10-04T12:18:29","date_gmt":"2023-10-04T14:18:29","guid":{"rendered":"https:\/\/www.minandovoy.com\/?post_type=product&#038;p=2648"},"modified":"2026-02-23T13:53:29","modified_gmt":"2026-02-23T12:53:29","slug":"hosting-en-abu-dabi","status":"publish","type":"product","link":"https:\/\/pruebas.michollo.to\/es_es\/producto\/hosting-en-abu-dabi\/","title":{"rendered":"Abu Dabi: Tu hosting de miner\u00eda sin preocupaciones (reserva tu slot)"},"content":{"rendered":"<h2 style=\"text-align: left;\">Miner\u00eda sin preocupaciones: Descubre por qu\u00e9 Abu Dabi es la elecci\u00f3n ideal para tu hosting<\/h2>\n<p><iframe loading=\"lazy\" title=\"Es Aburrido, Pero Genera $2,800 Al D\u00eda\" width=\"500\" height=\"281\" src=\"https:\/\/www.youtube.com\/embed\/EXt_I_Xk0bw?feature=oembed\" frameborder=\"0\" allow=\"accelerometer; autoplay; clipboard-write; encrypted-media; gyroscope; picture-in-picture; web-share\" referrerpolicy=\"strict-origin-when-cross-origin\" allowfullscreen><\/iframe><\/p>\n<h2 style=\"text-align: left;\">\u00a1Aprovecha y hazte ahora con un slot en el mejor hosting! Descubre nuestras<br \/>\nexclusivas instalaciones en Abu Dhabi y saca el m\u00e1ximo rendimiento a tu minero.<\/h2>\n<p>En nuestro hosting,\u00a0 las m\u00e1quinas cuentan con supervisi\u00f3n y servicio 24\/7. Contamos con t\u00e9cnicos\u00a0 especializados que realizan todo el mantenimiento de las m\u00e1quinas in situ para evitar tiempos de inactividad en el minado.<br \/>\nAdem\u00e1s, nuestras instalaciones cuentan con seguridad 24h.<\/p>\n<p>Hazte con tu slot y comprueba por ti mismo por qu\u00e9 esta es la opci\u00f3n escogida por los mineros. Instalaciones en uno de los lugares m\u00e1s seguros del planeta donde adem\u00e1s podr\u00e1s disfrutar de una tarifa de luz imbatible de tan solo 0.075$ KWh.<\/p>\n<p><b>Condiciones del hosting en Emiratos \u00c1rabes\/ Abu Dhabi:<\/b><\/p>\n<ul>\n<li><span style=\"color: #0000ff;\">Sobre Gastos de env\u00edo: <\/span>\u00a0el coste de env\u00edo ser\u00e1 de 300\u20ac.<\/li>\n<\/ul>\n<blockquote><p>\u00a0&#8220;\u00bf Y si ya tienes m\u00e1quinas? Entendemos que el proceso de env\u00edo puede ser una preocupaci\u00f3n para muchos clientes, por lo que nos hemos asegurado de simplificarlo al m\u00e1ximo para ti. Todo lo que necesitas hacer es proporcionarnos una direcci\u00f3n de recogida conveniente, \u00a1y nosotros nos encargaremos del resto!&#8221;<\/p><\/blockquote>\n<ul>\n<li><span style=\"color: #0000ff;\">Coste Consumo El\u00e9ctrico:<\/span> 2 meses por adelantado del consumo el\u00e9ctrico. \u00bfQu\u00e9 quiere decir esto? Los dos meses por adelantado se utilizan para pagar el coste de luz a 0,075 kw\/ h de cada m\u00e1quina. Por tanto hasta el tercer mes tendr\u00e1s el coste en\u00e9rgico OK<\/li>\n<li><span style=\"color: #0000ff;\">Fianza con devoluci\u00f3n:<\/span> Adem\u00e1s se abona un mes de fianza el cual se devuelve al cliente cuando finaliza el contrato. Si utilizamos un simil en alquiler de pisos es lo mismo cuando alquilas una vivienda y tienes que dejar un dep\u00f3sito.<\/li>\n<li><span style=\"color: #0000ff;\">Gesti\u00f3n facturas:<\/span> de 60\u20ac por gesti\u00f3n y administraci\u00f3n de los equipo. Este gastos es \u00fanico una vez al a\u00f1o.<\/li>\n<li><span style=\"color: #0000ff;\">Gastos de instalaci\u00f3n:<\/span> Este coste se factura al cliente una sola vez por la instalaci\u00f3n y mantenimiento inicial del ASIC.\u00a0 El coste es de 81,07 \u20ac.<\/li>\n<\/ul>\n<p><em>No olvide que debe formalizar el contrato en los pr\u00f3ximos 15 d\u00edas para asegurar su reserva. Si no lo hace, perder\u00e1 el dinero adelantado.<\/em><\/p>\n<p style=\"text-align: left;\"><strong>Reserva ahora tu slot al mejor precio.<\/strong><\/p>\n<p>Por \u00faltimo, para mostrarte todos los beneficios que ofrecemos, aqu\u00ed tienes una comparativa del costo el\u00e9ctrico en respecto con Espa\u00f1a.<\/p>\n<p>&nbsp;<\/p>\n<table class=\"woocommerce-product-attributes shop_attributes\" style=\"height: 401px;\" width=\"881\">\n<thead>\n<tr>\n<th class=\"woocommerce-product-attributes-item__value\" style=\"text-align: center;\">Modelo<\/th>\n<th class=\"woocommerce-product-attributes-item__value\" style=\"text-align: center;\">Potencia (W)<\/th>\n<th class=\"woocommerce-product-attributes-item__value\" style=\"text-align: center;\">Coste\u00a0Energ\u00e9tico Espa\u00f1a<\/th>\n<th class=\"woocommerce-product-attributes-item__value\" style=\"text-align: center;\">Coste Energ\u00e9tico Hosting<\/th>\n<\/tr>\n<\/thead>\n<tbody>\n<tr>\n<td class=\"woocommerce-product-attributes-item__value\" style=\"text-align: center;\">Bitmain Antminer KS5<\/td>\n<td class=\"woocommerce-product-attributes-item__value\" style=\"text-align: center;\">3000 w<\/td>\n<td class=\"woocommerce-product-attributes-item__value\" style=\"text-align: center;\">258$<\/td>\n<td class=\"woocommerce-product-attributes-item__value\" style=\"text-align: center;\">161$<\/td>\n<\/tr>\n<tr>\n<td class=\"woocommerce-product-attributes-item__value\" style=\"text-align: center;\">Bitmain Antminer KS5 Pro<\/td>\n<td class=\"woocommerce-product-attributes-item__value\" style=\"text-align: center;\">3150 w<\/td>\n<td class=\"woocommerce-product-attributes-item__value\" style=\"text-align: center;\">271$<\/td>\n<td class=\"woocommerce-product-attributes-item__value\" style=\"text-align: center;\">169$<\/td>\n<\/tr>\n<tr>\n<td class=\"woocommerce-product-attributes-item__value\" style=\"text-align: center;\">Bitmain Antminer L7 9.05th<\/td>\n<td class=\"woocommerce-product-attributes-item__value\" style=\"text-align: center;\">3260w<\/td>\n<td class=\"woocommerce-product-attributes-item__value\" style=\"text-align: center;\">282$<\/td>\n<td class=\"woocommerce-product-attributes-item__value\" style=\"text-align: center;\">176$<\/td>\n<\/tr>\n<tr>\n<td class=\"woocommerce-product-attributes-item__value\" style=\"text-align: center;\">Bitmain Antminer s21 200th<\/td>\n<td class=\"woocommerce-product-attributes-item__value\" style=\"text-align: center;\">3550w<\/td>\n<td class=\"woocommerce-product-attributes-item__value\" style=\"text-align: center;\">\u00a0307$<\/td>\n<td class=\"woocommerce-product-attributes-item__value\" style=\"text-align: center;\">192$<\/td>\n<\/tr>\n<\/tbody>\n<\/table>\n<p>&nbsp;<\/p>\n","protected":false},"excerpt":{"rendered":"<p>Miner\u00eda sin preocupaciones: Descubre por qu\u00e9 Abu Dabi es la elecci\u00f3n ideal para tu hosting \u00a1Aprovecha y hazte ahora con un slot en el mejor hosting! Descubre nuestras exclusivas instalaciones en Abu Dhabi y saca el m\u00e1ximo rendimiento a tu minero. En nuestro hosting,\u00a0 las m\u00e1quinas cuentan con supervisi\u00f3n y servicio 24\/7. Contamos con t\u00e9cnicos\u00a0 [&hellip;]<\/p>\n","protected":false},"featured_media":4352,"comment_status":"open","ping_status":"closed","template":"","meta":[],"product_brand":[],"product_cat":[76],"product_tag":[52],"class_list":{"0":"post-2648","1":"product","2":"type-product","3":"status-publish","4":"has-post-thumbnail","6":"product_cat-servicio-tecnico-de-asic","7":"product_tag-asic","9":"first","10":"instock","11":"virtual","12":"purchasable","13":"product-type-simple"},"_links":{"self":[{"href":"https:\/\/pruebas.michollo.to\/es_es\/wp-json\/wp\/v2\/product\/2648","targetHints":{"allow":["GET"]}}],"collection":[{"href":"https:\/\/pruebas.michollo.to\/es_es\/wp-json\/wp\/v2\/product"}],"about":[{"href":"https:\/\/pruebas.michollo.to\/es_es\/wp-json\/wp\/v2\/types\/product"}],"replies":[{"embeddable":true,"href":"https:\/\/pruebas.michollo.to\/es_es\/wp-json\/wp\/v2\/comments?post=2648"}],"wp:featuredmedia":[{"embeddable":true,"href":"https:\/\/pruebas.michollo.to\/es_es\/wp-json\/wp\/v2\/media\/4352"}],"wp:attachment":[{"href":"https:\/\/pruebas.michollo.to\/es_es\/wp-json\/wp\/v2\/media?parent=2648"}],"wp:term":[{"taxonomy":"product_brand","embeddable":true,"href":"https:\/\/pruebas.michollo.to\/es_es\/wp-json\/wp\/v2\/product_brand?post=2648"},{"taxonomy":"product_cat","embeddable":true,"href":"https:\/\/pruebas.michollo.to\/es_es\/wp-json\/wp\/v2\/product_cat?post=2648"},{"taxonomy":"product_tag","embeddable":true,"href":"https:\/\/pruebas.michollo.to\/es_es\/wp-json\/wp\/v2\/product_tag?post=2648"}],"curies":[{"name":"wp","href":"https:\/\/api.w.org\/{rel}","templated":true}]}}