{"id":2666,"date":"2023-10-05T12:45:10","date_gmt":"2023-10-05T14:45:10","guid":{"rendered":"https:\/\/www.minandovoy.com\/?post_type=product&#038;p=2666"},"modified":"2025-05-09T14:47:10","modified_gmt":"2025-05-09T12:47:10","slug":"zotac-gaming-geforce-rtx-3080-trinity-lhr-10gb-gdd","status":"publish","type":"product","link":"https:\/\/pruebas.michollo.to\/es_es\/producto\/zotac-gaming-geforce-rtx-3080-trinity-lhr-10gb-gdd\/","title":{"rendered":"Zotac Gaming GeForce RTX 3080 Trinity LHR 10GB GDD"},"content":{"rendered":"<p><strong>RTX.\u00a0 IT\u2019S ON.\u00a0<\/strong>Disfruta de los mayores \u00e9xitos de ventas de hoy como nunca antes con la fidelidad visual del trazado de rayos en tiempo real y el rendimiento definitivo de DLSS con tecnolog\u00eda de IA.<\/p>\n<p><strong>LA VICTORIA SE MIDE EN MILISEGUNDOS:\u00a0<\/strong>NVIDIA\u00a0Reflex ofrece la m\u00e1xima ventaja competitiva. La latencia m\u00e1s baja. La mejor capacidad de respuesta. Gracias a las GPU GeForce RTX serie 30 y los monitores NVIDIA<br \/>\n<strong>TU JUEGO CREATIVO:\u00a0\u00a0<\/strong>Lleva tus proyectos creativos a un nuevo nivel con las GPU GeForce RTX serie\u00a030. Ofrece aceleraci\u00f3n por IA en las mejores aplicaciones creativas. Con el soporte de la plataforma NVIDIA Studio de controladores dedicados y herramientas exclusivas. Y creado para obtener resultados en un tiempo r\u00e9cord. Tanto si est\u00e1s renderizando escenas en 3D complejas, editando v\u00eddeo de 8K o retransmitiendo con la mejor codificaci\u00f3n y calidad de imagen, las GPU GeForce\u00a0RTX te ofrecen el rendimiento necesario para tus mejores creaciones.<\/p>\n<p><strong>G-SYNC:\u00a0<\/strong>Adquiere objetivos m\u00e1s r\u00e1pido, reacciona con m\u00e1s rapidez y aumenta la precisi\u00f3n del objetivo con un conjunto revolucionario de tecnolog\u00edas para medir y optimizar la latencia del sistema para los juegos competitivos.<\/p>\n<p><strong>CONVI\u00c9RTETE EN EL REY DE LAS TRANSMISIONES:\u00a0<\/strong>Acapara la atenci\u00f3n de todos gracias a unos gr\u00e1ficos incre\u00edbles y a una transmisi\u00f3n en directo fluida y sin cortes. La codificaci\u00f3n y la decodificaci\u00f3n de hardware de \u00faltima generaci\u00f3n se combinan para que presumas de tus mejores momentos con gran detalle. Y la nueva y completa aplicaci\u00f3n NVIDIA Broadcast te ofrece potentes capacidades de IA para mejorar la calidad de audio y v\u00eddeo con efectos como el fondo virtual, el fotograma autom\u00e1tico de la c\u00e1mara web y la eliminaci\u00f3n de ruido del micr\u00f3fono. As\u00ed, siempre podr\u00e1s dar lo mejor de ti a tu audiencia<\/p>\n<p><strong>ARQUITECTURA NVIDIA AMPERE:\u00a0<\/strong>La nueva arquitectura NVIDIA Ampere ofrece el juego definitivo y presenta los n\u00facleos avanzados de trazado de rayos de segunda generaci\u00f3n y los Tensor Cores de tercera generaci\u00f3n con un rendimiento superior.<\/p>\n<p><strong>ACELERACI\u00d3N POR IA DE DLSS:\u00a0<\/strong>NVIDIA DLSS\u00a0es una renderizaci\u00f3n de IA revolucionaria que aumenta las velocidades de fotogramas con una calidad de imagen sin concesiones utilizando Tensor Cores de procesamiento de IA dedicados en GeForce RTX. Dispondr\u00e1s de margen de rendimiento para establecer los ajustes y las resoluciones necesarias a fin de disfrutar de una experiencia visual incre\u00edble. La revoluci\u00f3n de la IA ha llegado al gaming.<\/p>\n<p><strong>DIRECTX 12 ULTIMATE:\u00a0<\/strong>Los desarrolladores pueden ahora a\u00f1adir efectos gr\u00e1ficos a\u00fan m\u00e1s sorprendentes a los juegos para PC (Microsoft Windows). Las tarjetas gr\u00e1ficas GeForce RTX presentan caracter\u00edsticas avanzadas de DX12 como el trazado de rayos y el sombreado de tasa variable, que dan vida a los juegos con efectos visuales muy realistas y velocidades de fotogramas m\u00e1s r\u00e1pidas.<\/p>\n<p>Obtenga amplificaci\u00f3n con la serie ZOTAC GAMING GeForce RTX \u2122 30 basada en la arquitectura NVIDIA Ampere. Construida con RT Cores y Tensor Cores mejorados, nuevos multiprocesadores de transmisi\u00f3n y memoria GDDR6X ultrarr\u00e1pida, la\u00a0<strong>ZOTAC GAMING GeForce RTX 3080 Trinity LHR<\/strong>\u00a0da lugar a juegos amplificados con ultra fidelidad de gr\u00e1ficos.<\/p>\n<h2>Caracter\u00edsticas:<\/h2>\n<ul>\n<li>N\u00facleos de trazado de rayos de segunda generaci\u00f3n<\/li>\n<li>N\u00facleos de tensor de tercera generaci\u00f3n<\/li>\n<li>Iluminaci\u00f3n SPECTRA 2.0 RGB<\/li>\n<li>Refrigeraci\u00f3n avanzada IceStorm 2.0<\/li>\n<li>Control activo del ventilador con parada del ventilador FREEZE<\/li>\n<li>Placa frontal de metal y placa trasera LED RGB<\/li>\n<li>Utilidad FireStorm<\/li>\n<li>Listo para realidad virtual<\/li>\n<li>Tasa de hash LHR 43 MH \/ s ETH (est.)<\/li>\n<\/ul>\n<h2>Especificaciones:<\/h2>\n<ul>\n<li><strong>Procesador<\/strong>\n<ul>\n<li>CUDA: Si<\/li>\n<li>N\u00facleos CUDA: 8704<\/li>\n<li>Familia de procesadores de gr\u00e1ficos: NVIDIA<\/li>\n<li>Procesador gr\u00e1fico: GeForce RTX 3080<\/li>\n<li>Aumento de la velocidad de reloj del procesador: 1710 MHz<\/li>\n<li>M\u00e1xima resoluci\u00f3n: 7680 x 4320 Pixeles<\/li>\n<li>Soporte para proceso paralelo: No compatible<\/li>\n<li>M\u00e1ximas pantallas por tarjeta de video: 4<\/li>\n<\/ul>\n<\/li>\n<\/ul>\n<ul>\n<li><strong>Memoria<\/strong>\n<ul>\n<li>Capacidad memoria de adaptador gr\u00e1fico: 10 GB<\/li>\n<li>Tipo de memoria de adaptador gr\u00e1fico: GDDR6X<\/li>\n<li>Ancho de datos: 320 bit<\/li>\n<li>Velocidad de transferencia de datos: 19 Gbit\/s<\/li>\n<\/ul>\n<\/li>\n<\/ul>\n<ul>\n<li><strong>Puertos e Interfaces<\/strong>\n<ul>\n<li>Tipo de interfaz: PCI Express x16 4.0<\/li>\n<li>N\u00famero de puertos HDMI: 1<\/li>\n<li>Versi\u00f3n HDMI: 2.1<\/li>\n<li>Cantidad de DisplayPorts: 3<\/li>\n<li>Versi\u00f3n de DisplayPort: 1.4a<\/li>\n<\/ul>\n<\/li>\n<\/ul>\n<ul>\n<li><strong>Desempe\u00f1o<\/strong>\n<ul>\n<li>Sintonizador de TV integrado: No<\/li>\n<li>Versi\u00f3n DirectX: 1?2 Ultimate<\/li>\n<li>Versi\u00f3n OpenGL: 4.6<\/li>\n<li>Listo para realidad virtual (RV): Si<\/li>\n<li>HDCP: Si<\/li>\n<li>Dual Link DVI: No<\/li>\n<li>NVIDIA G-SYNC: Si<\/li>\n<\/ul>\n<\/li>\n<\/ul>\n<ul>\n<li><strong>Dise\u00f1o<\/strong>\n<ul>\n<li>Tipo de enfriamiento: Activo<\/li>\n<li>Tecnolog\u00eda de enfriamiento: Zotac IceStorm 2.0<\/li>\n<li>N\u00famero de ventiladores: 3 Ventilador(es)<\/li>\n<li>Factor de forma: Full-Height\/Full-Length (FH\/FL)<\/li>\n<li>Altura del soporte: Full-Height (FH)<\/li>\n<li>N\u00famero de ranuras: 2,5<\/li>\n<li>Iluminaci\u00f3n: Si<\/li>\n<li>Iluminaci\u00f3n de color: Multi<\/li>\n<li>Color del producto: Negro<\/li>\n<\/ul>\n<\/li>\n<\/ul>\n<ul>\n<li><strong>Control de energ\u00eda<\/strong>\n<ul>\n<li>Suministro de energ\u00eda al sistema m\u00ednimo: 750 W<\/li>\n<li>Consumo energ\u00e9tico: 320 W<\/li>\n<li>Conectores de energia suplementario: 2x 8-pin<\/li>\n<\/ul>\n<\/li>\n<\/ul>\n<ul>\n<li><strong>Requisitos del sistema<\/strong>\n<ul>\n<li>Sistema operativo Windows soportado: Windows 10 x64<\/li>\n<\/ul>\n<\/li>\n<\/ul>\n<ul>\n<li><strong>Peso y dimensiones<\/strong>\n<ul>\n<li>Profundidad: 317,8 mm<\/li>\n<li>Altura: 120,7 mm<\/li>\n<li>Ancho: 58 mm<\/li>\n<\/ul>\n<\/li>\n<\/ul>\n<ul>\n<li><strong>Empaquetado<\/strong>\n<ul>\n<li>Manual de usuario: Si<\/li>\n<li>Ancho del paquete: 282 mm<\/li>\n<li>Profundidad del paquete: 99 mm<\/li>\n<li>Altura del paquete: 424 mm<\/li>\n<li>Tipo de embalaje: Caja<\/li>\n<\/ul>\n<\/li>\n<\/ul>\n","protected":false},"excerpt":{"rendered":"<p>RTX.\u00a0 IT\u2019S ON.\u00a0Disfruta de los mayores \u00e9xitos de ventas de hoy como nunca antes con la fidelidad visual del trazado de rayos en tiempo real y el rendimiento definitivo de DLSS con tecnolog\u00eda de IA. LA VICTORIA SE MIDE EN MILISEGUNDOS:\u00a0NVIDIA\u00a0Reflex ofrece la m\u00e1xima ventaja competitiva. La latencia m\u00e1s baja. La mejor capacidad de respuesta. [&hellip;]<\/p>\n","protected":false},"featured_media":2665,"comment_status":"open","ping_status":"closed","template":"","meta":[],"product_brand":[],"product_cat":[15],"product_tag":[],"class_list":{"0":"post-2666","1":"product","2":"type-product","3":"status-publish","4":"has-post-thumbnail","6":"product_cat-sin-categorizar","8":"first","9":"instock","10":"sale","11":"taxable","12":"shipping-taxable","13":"purchasable","14":"product-type-simple"},"_links":{"self":[{"href":"https:\/\/pruebas.michollo.to\/es_es\/wp-json\/wp\/v2\/product\/2666","targetHints":{"allow":["GET"]}}],"collection":[{"href":"https:\/\/pruebas.michollo.to\/es_es\/wp-json\/wp\/v2\/product"}],"about":[{"href":"https:\/\/pruebas.michollo.to\/es_es\/wp-json\/wp\/v2\/types\/product"}],"replies":[{"embeddable":true,"href":"https:\/\/pruebas.michollo.to\/es_es\/wp-json\/wp\/v2\/comments?post=2666"}],"wp:featuredmedia":[{"embeddable":true,"href":"https:\/\/pruebas.michollo.to\/es_es\/wp-json\/wp\/v2\/media\/2665"}],"wp:attachment":[{"href":"https:\/\/pruebas.michollo.to\/es_es\/wp-json\/wp\/v2\/media?parent=2666"}],"wp:term":[{"taxonomy":"product_brand","embeddable":true,"href":"https:\/\/pruebas.michollo.to\/es_es\/wp-json\/wp\/v2\/product_brand?post=2666"},{"taxonomy":"product_cat","embeddable":true,"href":"https:\/\/pruebas.michollo.to\/es_es\/wp-json\/wp\/v2\/product_cat?post=2666"},{"taxonomy":"product_tag","embeddable":true,"href":"https:\/\/pruebas.michollo.to\/es_es\/wp-json\/wp\/v2\/product_tag?post=2666"}],"curies":[{"name":"wp","href":"https:\/\/api.w.org\/{rel}","templated":true}]}}