{"id":2667,"date":"2023-10-05T12:54:10","date_gmt":"2023-10-05T14:54:10","guid":{"rendered":"https:\/\/www.minandovoy.com\/?post_type=product&#038;p=2667"},"modified":"2025-05-09T14:47:10","modified_gmt":"2025-05-09T12:47:10","slug":"msi-geforce-rtx-3070-ti-ventus-3x-oc-8gb-gddr6x","status":"publish","type":"product","link":"https:\/\/pruebas.michollo.to\/es_es\/producto\/msi-geforce-rtx-3070-ti-ventus-3x-oc-8gb-gddr6x\/","title":{"rendered":"MSI GeForce RTX 3070 Ti VENTUS 3X OC 8GB GDDR6X"},"content":{"rendered":"<p><strong>RTX.\u00a0 IT\u2019S ON.\u00a0<\/strong>Disfruta de los mayores \u00e9xitos de ventas de hoy como nunca antes con la fidelidad visual del trazado de rayos en tiempo real y el rendimiento definitivo de DLSS con tecnolog\u00eda de IA.<\/p>\n<p><strong>LA VICTORIA SE MIDE EN MILISEGUNDOS:\u00a0<\/strong>NVIDIA\u00a0Reflex ofrece la m\u00e1xima ventaja competitiva. La latencia m\u00e1s baja. La mejor capacidad de respuesta. Gracias a las GPU GeForce RTX serie 30 y los monitores NVIDIA<br \/>\n<strong>TU JUEGO CREATIVO:\u00a0\u00a0<\/strong>Lleva tus proyectos creativos a un nuevo nivel con las GPU GeForce RTX serie\u00a030. Ofrece aceleraci\u00f3n por IA en las mejores aplicaciones creativas. Con el soporte de la plataforma NVIDIA Studio de controladores dedicados y herramientas exclusivas. Y creado para obtener resultados en un tiempo r\u00e9cord. Tanto si est\u00e1s renderizando escenas en 3D complejas, editando v\u00eddeo de 8K o retransmitiendo con la mejor codificaci\u00f3n y calidad de imagen, las GPU GeForce\u00a0RTX te ofrecen el rendimiento necesario para tus mejores creaciones.<\/p>\n<p><strong>G-SYNC:\u00a0<\/strong>Adquiere objetivos m\u00e1s r\u00e1pido, reacciona con m\u00e1s rapidez y aumenta la precisi\u00f3n del objetivo con un conjunto revolucionario de tecnolog\u00edas para medir y optimizar la latencia del sistema para los juegos competitivos.<\/p>\n<p><strong>CONVI\u00c9RTETE EN EL REY DE LAS TRANSMISIONES:\u00a0<\/strong>Acapara la atenci\u00f3n de todos gracias a unos gr\u00e1ficos incre\u00edbles y a una transmisi\u00f3n en directo fluida y sin cortes. La codificaci\u00f3n y la decodificaci\u00f3n de hardware de \u00faltima generaci\u00f3n se combinan para que presumas de tus mejores momentos con gran detalle. Y la nueva y completa aplicaci\u00f3n NVIDIA Broadcast te ofrece potentes capacidades de IA para mejorar la calidad de audio y v\u00eddeo con efectos como el fondo virtual, el fotograma autom\u00e1tico de la c\u00e1mara web y la eliminaci\u00f3n de ruido del micr\u00f3fono. As\u00ed, siempre podr\u00e1s dar lo mejor de ti a tu audiencia<\/p>\n<p><strong>ARQUITECTURA NVIDIA AMPERE:\u00a0<\/strong>La nueva arquitectura NVIDIA Ampere ofrece el juego definitivo y presenta los n\u00facleos avanzados de trazado de rayos de segunda generaci\u00f3n y los Tensor Cores de tercera generaci\u00f3n con un rendimiento superior.<\/p>\n<p><strong>ACELERACI\u00d3N POR IA DE DLSS:\u00a0<\/strong>NVIDIA DLSS\u00a0es una renderizaci\u00f3n de IA revolucionaria que aumenta las velocidades de fotogramas con una calidad de imagen sin concesiones utilizando Tensor Cores de procesamiento de IA dedicados en GeForce RTX. Dispondr\u00e1s de margen de rendimiento para establecer los ajustes y las resoluciones necesarias a fin de disfrutar de una experiencia visual incre\u00edble. La revoluci\u00f3n de la IA ha llegado al gaming.<\/p>\n<p><strong>DIRECTX 12 ULTIMATE:\u00a0<\/strong>Los desarrolladores pueden ahora a\u00f1adir efectos gr\u00e1ficos a\u00fan m\u00e1s sorprendentes a los juegos para PC (Microsoft Windows). Las tarjetas gr\u00e1ficas GeForce RTX presentan caracter\u00edsticas avanzadas de DX12 como el trazado de rayos y el sombreado de tasa variable, que dan vida a los juegos con efectos visuales muy realistas y velocidades de fotogramas m\u00e1s r\u00e1pidas.<\/p>\n<p>La tarjeta gr\u00e1fica\u00a0<strong>GeForce RTX \u2122 3070 Ti<\/strong>\u00a0funciona con Ampere, la arquitectura RTX de segunda generaci\u00f3n de NVIDIA. Construido con RT Cores y Tensor Cores mejorados, nuevos multiprocesadores de transmisi\u00f3n y memoria G6X ultrarr\u00e1pida, le brinda la potencia que necesita para atravesar los juegos m\u00e1s exigentes.<\/p>\n","protected":false},"excerpt":{"rendered":"<p>RTX.\u00a0 IT\u2019S ON.\u00a0Disfruta de los mayores \u00e9xitos de ventas de hoy como nunca antes con la fidelidad visual del trazado de rayos en tiempo real y el rendimiento definitivo de DLSS con tecnolog\u00eda de IA. LA VICTORIA SE MIDE EN MILISEGUNDOS:\u00a0NVIDIA\u00a0Reflex ofrece la m\u00e1xima ventaja competitiva. La latencia m\u00e1s baja. La mejor capacidad de respuesta. [&hellip;]<\/p>\n","protected":false},"featured_media":2670,"comment_status":"open","ping_status":"closed","template":"","meta":[],"product_brand":[],"product_cat":[15],"product_tag":[],"class_list":{"0":"post-2667","1":"product","2":"type-product","3":"status-publish","4":"has-post-thumbnail","6":"product_cat-sin-categorizar","8":"first","9":"instock","10":"sale","11":"taxable","12":"shipping-taxable","13":"purchasable","14":"product-type-simple"},"_links":{"self":[{"href":"https:\/\/pruebas.michollo.to\/es_es\/wp-json\/wp\/v2\/product\/2667","targetHints":{"allow":["GET"]}}],"collection":[{"href":"https:\/\/pruebas.michollo.to\/es_es\/wp-json\/wp\/v2\/product"}],"about":[{"href":"https:\/\/pruebas.michollo.to\/es_es\/wp-json\/wp\/v2\/types\/product"}],"replies":[{"embeddable":true,"href":"https:\/\/pruebas.michollo.to\/es_es\/wp-json\/wp\/v2\/comments?post=2667"}],"wp:featuredmedia":[{"embeddable":true,"href":"https:\/\/pruebas.michollo.to\/es_es\/wp-json\/wp\/v2\/media\/2670"}],"wp:attachment":[{"href":"https:\/\/pruebas.michollo.to\/es_es\/wp-json\/wp\/v2\/media?parent=2667"}],"wp:term":[{"taxonomy":"product_brand","embeddable":true,"href":"https:\/\/pruebas.michollo.to\/es_es\/wp-json\/wp\/v2\/product_brand?post=2667"},{"taxonomy":"product_cat","embeddable":true,"href":"https:\/\/pruebas.michollo.to\/es_es\/wp-json\/wp\/v2\/product_cat?post=2667"},{"taxonomy":"product_tag","embeddable":true,"href":"https:\/\/pruebas.michollo.to\/es_es\/wp-json\/wp\/v2\/product_tag?post=2667"}],"curies":[{"name":"wp","href":"https:\/\/api.w.org\/{rel}","templated":true}]}}