{"id":2758,"date":"2023-10-27T08:43:41","date_gmt":"2023-10-27T10:43:41","guid":{"rendered":"https:\/\/www.minandovoy.com\/?post_type=product&#038;p=2758"},"modified":"2025-08-06T17:20:31","modified_gmt":"2025-08-06T15:20:31","slug":"nuevo-bitmain-antminer-t21-186-190th","status":"publish","type":"product","link":"https:\/\/pruebas.michollo.to\/es_es\/producto\/nuevo-bitmain-antminer-t21-186-190th\/","title":{"rendered":"Nuevo Bitmain Antminer T21 186 &#8211; 190TH"},"content":{"rendered":"<p>Nuevo lanzamiento de BITMAIN, el ASIC Antminer T21 190Th con una potencia de minado de 190T .<\/p>\n<p>El consumo de energ\u00eda es de solo 3610w\/h.<\/p>\n<div class=\"asicminer-widget-container\" style=\"width: 100%; min-height: 300px;\">\n            <iframe id=\"asicminer-widget-3343\" \n                    src=\"https:\/\/pruebas.michollo.to\/wp-content\/themes\/minandovoy\/proxy-widget.php?miner=bitmain\/antminer-t21-190th&#038;type=profit&#038;theme=dark\" \n                    width=\"100%\" \n                    height=\"300\" \n                    frameborder=\"0\"\n                    loading=\"lazy\"\n                    style=\"border: none; overflow: hidden;\"\n                    title=\"ASIC Miner Widget\">\n            <\/iframe>\n        <\/div>\n<p><b>\u00bfQu\u00e9 es Bitmain?<\/b><\/p>\n<p><em>Bitmain<\/em>\u00a0es una compa\u00f1\u00eda con sede en Beijing, China. Es considerada una de las compa\u00f1\u00edas m\u00e1s importantes en la industria de criptomonedas al generar hardware de miner\u00eda\u00a0de alta calidad, con enormes capacidades mineras y por sus avances tecnol\u00f3gicos. Es la dise\u00f1adora\u00a0m\u00e1s grande del mundo\u00a0de <a href=\"https:\/\/www.minandovoy.com\/categoria\/mineros\/\">equipos\u00a0<em>ASIC<\/em><\/a>\u00a0para la miner\u00eda\u00a0<em>Bitcoin<\/em>.<\/p>\n<p>Bitmain, es mayormente reconocido por el hardware de Bitcoin, aunque se interesa por aquellos proyectos que le aportan solidez a su empresa, como es en este caso Ethereum\/Ethereum Classic.<\/p>\n<p>En abril del 2021, el gran fabricante anunci\u00f3 el lanzamiento de una m\u00e1quina para la miner\u00eda de Ethreum cuyo nombre ser\u00eda, <a href=\"https:\/\/www.asicminervalue.com\/miners\/bitmain\/antminer-e9-2-4gh\">Antminer E9<\/a>. Esta verdadera bestia tiene el poder equivalente de 25\u00a0 GPU\u2019s Nvidia RTX 3080.<\/p>\n<h4><b>Bitmain, empresa n\u00ba1 en chips.<\/b><\/h4>\n<p><em>Bitmain<\/em>\u00a0es una compa\u00f1\u00eda con sede en Beijing, China. Es considerada una de las compa\u00f1\u00edas m\u00e1s importantes en la industria de criptomonedas al generar hardware de miner\u00eda\u00a0de alta calidad, con enormes capacidades mineras y por sus avances tecnol\u00f3gicos. Es la dise\u00f1adora\u00a0m\u00e1s grande del mundo\u00a0de equipos\u00a0<em>ASIC<\/em>\u00a0para la miner\u00eda\u00a0<em>Bitcoin<\/em>.<\/p>\n<p>Bitmain, es mayormente reconocido por el hardware de Bitcoin, aunque se interesa por aquellos proyectos que le aportan solidez a su empresa, como es en este caso Ethereum\/Ethereum Classic.<\/p>\n<p>En abril del 2021, el gran fabricante anunci\u00f3 el lanzamiento de una m\u00e1quina para la miner\u00eda de Ethreum cuyo nombre ser\u00eda, Antminer E9. Esta verdadera bestia tiene el poder equivalente de 25\u00a0 GPU\u2019s Nvidia RTX 3080.<\/p>\n<p>&nbsp;<\/p>\n<h4>Miner\u00eda del algoritmo SHA-256 para la ANTMINER S19J PRO<\/h4>\n<p>La miner\u00eda del algoritmo SHA-256 se refiere al proceso de validar transacciones y asegurar la red utilizando este algoritmo de hash criptogr\u00e1fico. Aqu\u00ed tienes informaci\u00f3n sobre la miner\u00eda del algoritmo SHA-256:<\/p>\n<ol>\n<li><strong>Algoritmo de hash SHA-256<\/strong>: El SHA-256 (Secure Hash Algorithm 256-bit) es un algoritmo criptogr\u00e1fico ampliamente utilizado en la miner\u00eda de criptomonedas, incluyendo Bitcoin. Es un algoritmo que genera un hash de 256 bits, lo que garantiza una alta seguridad y resistencia a la manipulaci\u00f3n.<\/li>\n<li><strong>Proof-of-Work (Prueba de Trabajo)<\/strong>: La miner\u00eda de SHA-256 se basa en el consenso Proof-of-Work (PoW). Los mineros compiten para resolver un problema matem\u00e1tico complejo utilizando su poder de procesamiento y encontrar un valor hash v\u00e1lido que cumpla con ciertos requisitos establecidos por el algoritmo. Este proceso requiere una gran cantidad de energ\u00eda y poder de c\u00f3mputo.<\/li>\n<li><strong>Hardware de miner\u00eda<\/strong>: La miner\u00eda de SHA-256 requiere hardware especializado conocido como ASICs (Application-Specific Integrated Circuits). Estos dispositivos est\u00e1n dise\u00f1ados espec\u00edficamente para realizar c\u00e1lculos de hash de manera eficiente y tienen una alta capacidad de procesamiento en comparaci\u00f3n con las GPU o las CPU convencionales.<\/li>\n<li><strong>Pools de miner\u00eda<\/strong>: Debido a la creciente dificultad de la miner\u00eda de SHA-256 y la competencia entre los mineros, muchos optan por unirse a pools de miner\u00eda. Estos pools permiten a los mineros combinar su poder de procesamiento y aumentar sus posibilidades de resolver bloques y recibir recompensas de manera m\u00e1s regular. Las recompensas se distribuyen entre los miembros del pool en funci\u00f3n de su contribuci\u00f3n al poder de hash total del pool.<\/li>\n<li><strong>Rentabilidad y consideraciones<\/strong>: La rentabilidad de la miner\u00eda de SHA-256 depende de varios factores, como el costo de la electricidad, el precio del token minado, la dificultad de la red y la eficiencia del hardware utilizado. La miner\u00eda de SHA-256 en redes como Bitcoin es altamente competitiva y requiere una inversi\u00f3n inicial significativa en hardware y electricidad. Es importante realizar c\u00e1lculos de rentabilidad y tener en cuenta los costos asociados antes de involucrarse en la miner\u00eda de SHA-256.<\/li>\n<\/ol>\n<p>&nbsp;<\/p>\n<h4><strong>PRINCIPALES VENTAJAS DE BITCOIN<\/strong><\/h4>\n<ol>\n<li>Rapidez: Enviarse dinero sin importar la cantidad y el destino, en cuesti\u00f3n de minutos.<\/li>\n<li>Econ\u00f3mico: Al realizar una transferencia por tu banco puede costarte mucho dinero, a trav\u00e9s de Bitcoin el coste es gratuito o de pocos c\u00e9ntimos.<\/li>\n<li>Global: Puedes enviar a cualquier parte del mundo, no tiene fronteras.<\/li>\n<li>Descentralizada: Ning\u00fan gobierno\/banco puede controlarlo, ni en su creaci\u00f3n ni mucho menos en su distribuci\u00f3n.<\/li>\n<li>Propiedad: El dinero te pertenece al 100%, no puede ser intervenido por nadie, eres tu propio banco.<\/li>\n<li>Transparente:\u00a0 Todas las transacciones son p\u00fablicas, pero siempre bajo pseud\u00f3nimos.<\/li>\n<li>Emisi\u00f3n limitada: Nadie puede generar miles de Bitcoins porque le apetezca, estos van apareciendo gracias a la miner\u00eda.<\/li>\n<li>Privado: Bitcoin trata de preservar la privacidad, en un grado muy alto, aunque no es completamente an\u00f3nimo trabaja para serlo.<\/li>\n<\/ol>\n","protected":false},"excerpt":{"rendered":"<p>Nuevo lanzamiento de BITMAIN, el ASIC Antminer T21 190Th con una potencia de minado de 190T . El consumo de energ\u00eda es de solo 3610w\/h. \u00bfQu\u00e9 es Bitmain? Bitmain\u00a0es una compa\u00f1\u00eda con sede en Beijing, China. Es considerada una de las compa\u00f1\u00edas m\u00e1s importantes en la industria de criptomonedas al generar hardware de miner\u00eda\u00a0de alta [&hellip;]<\/p>\n","protected":false},"featured_media":2564,"comment_status":"open","ping_status":"closed","template":"","meta":[],"product_brand":[],"product_cat":[19],"product_tag":[138],"class_list":{"0":"post-2758","1":"product","2":"type-product","3":"status-publish","4":"has-post-thumbnail","6":"product_cat-mineros","7":"product_tag-mineros-para-avanzados","9":"first","10":"instock","11":"taxable","12":"shipping-taxable","13":"purchasable","14":"product-type-variable","15":"has-default-attributes"},"_links":{"self":[{"href":"https:\/\/pruebas.michollo.to\/es_es\/wp-json\/wp\/v2\/product\/2758","targetHints":{"allow":["GET"]}}],"collection":[{"href":"https:\/\/pruebas.michollo.to\/es_es\/wp-json\/wp\/v2\/product"}],"about":[{"href":"https:\/\/pruebas.michollo.to\/es_es\/wp-json\/wp\/v2\/types\/product"}],"replies":[{"embeddable":true,"href":"https:\/\/pruebas.michollo.to\/es_es\/wp-json\/wp\/v2\/comments?post=2758"}],"wp:featuredmedia":[{"embeddable":true,"href":"https:\/\/pruebas.michollo.to\/es_es\/wp-json\/wp\/v2\/media\/2564"}],"wp:attachment":[{"href":"https:\/\/pruebas.michollo.to\/es_es\/wp-json\/wp\/v2\/media?parent=2758"}],"wp:term":[{"taxonomy":"product_brand","embeddable":true,"href":"https:\/\/pruebas.michollo.to\/es_es\/wp-json\/wp\/v2\/product_brand?post=2758"},{"taxonomy":"product_cat","embeddable":true,"href":"https:\/\/pruebas.michollo.to\/es_es\/wp-json\/wp\/v2\/product_cat?post=2758"},{"taxonomy":"product_tag","embeddable":true,"href":"https:\/\/pruebas.michollo.to\/es_es\/wp-json\/wp\/v2\/product_tag?post=2758"}],"curies":[{"name":"wp","href":"https:\/\/api.w.org\/{rel}","templated":true}]}}