{"id":2773,"date":"2023-11-02T10:00:47","date_gmt":"2023-11-02T12:00:47","guid":{"rendered":"https:\/\/www.minandovoy.com\/?post_type=product&#038;p=2773"},"modified":"2026-02-23T13:20:44","modified_gmt":"2026-02-23T12:20:44","slug":"bitmain-antminer-z15-pro-840ksol-s","status":"publish","type":"product","link":"https:\/\/pruebas.michollo.to\/es_es\/producto\/bitmain-antminer-z15-pro-840ksol-s\/","title":{"rendered":"Bitmain Antminer Z15 Pro 840KSol\/s"},"content":{"rendered":"<p class=\" translation-block\">El\u00a0<strong>Antminer Z15 Pro<\/strong>\u00a0es fabricado por\u00a0<strong>Bitmain<\/strong>\u00a0y realiza minado con el\u00a0<strong>algoritmo Equihash<\/strong>\u00a0que ejecuta un hashrate m\u00e1ximo de\u00a0<strong>840KSol\/s<\/strong>\u00a0para un consumo de energ\u00eda de s\u00f3lo\u00a0<strong>2650W<\/strong>.<\/p>\n<div class=\"asicminer-widget-container\" style=\"width: 100%; min-height: 300px;\">\n            <iframe id=\"asicminer-widget-9289\" \n                    src=\"https:\/\/pruebas.michollo.to\/wp-content\/themes\/minandovoy\/proxy-widget.php?miner=bitmain\/antminer-z15-pro&#038;type=profit&#038;theme=dark\" \n                    width=\"100%\" \n                    height=\"300\" \n                    frameborder=\"0\"\n                    loading=\"lazy\"\n                    style=\"border: none; overflow: hidden;\"\n                    title=\"ASIC Miner Widget\">\n            <\/iframe>\n        <\/div>\n<h4>M\u00e1quina miner\u00eda de Zcash definitiva<\/h4>\n<p>El Z15 Pro es un robusto minero Equihash con una velocidad de hash m\u00e1xima de 840ksol\/s y una impresionante eficiencia de 3.048j\/ksol con un consumo de energ\u00eda reducido de 2560W. El intrincado dise\u00f1o de chips semiconductores hace que el Z15 Pro sea un avanzado minero Equihash en comparaci\u00f3n con sus predecesores, el Z15, Z11 y Z9.<\/p>\n<p>Lanzado en junio de 2023 con unas dimensiones compactas de 245 x 132 x 290 mm y un peso de 16950 g, el Z15 Pro es ideal para la miner\u00eda en el hogar y profesional. Con numerosas criptomonedas minables utilizando el algoritmo Equihash y diversas opciones de grupos de miner\u00eda, el Antminer Z15 Pro es perfecto para minar Hush, Pirate, Komodo y Horizen o cualquier criptomoneda minable del algoritmo Equihash<\/p>\n","protected":false},"excerpt":{"rendered":"<p>El\u00a0<strong>Antminer Z15 Pro<\/strong>\u00a0es fabricado por\u00a0<strong>Bitmain<\/strong>\u00a0y realiza minado con el\u00a0<strong>algoritmo Equihash<\/strong>\u00a0que ejecuta un hashrate m\u00e1ximo de\u00a0<strong>840KSol\/s<\/strong>\u00a0para un consumo de energ\u00eda de s\u00f3lo\u00a0<strong>2650W<\/strong>.<\/p>\n","protected":false},"featured_media":2557,"comment_status":"open","ping_status":"closed","template":"","meta":[],"product_brand":[],"product_cat":[19],"product_tag":[244,138,137],"class_list":{"0":"post-2773","1":"product","2":"type-product","3":"status-publish","4":"has-post-thumbnail","6":"product_cat-mineros","7":"product_tag-gme","8":"product_tag-mineros-para-avanzados","9":"product_tag-mineros-para-principiantes","11":"first","12":"instock","13":"taxable","14":"shipping-taxable","15":"purchasable","16":"product-type-simple"},"_links":{"self":[{"href":"https:\/\/pruebas.michollo.to\/es_es\/wp-json\/wp\/v2\/product\/2773","targetHints":{"allow":["GET"]}}],"collection":[{"href":"https:\/\/pruebas.michollo.to\/es_es\/wp-json\/wp\/v2\/product"}],"about":[{"href":"https:\/\/pruebas.michollo.to\/es_es\/wp-json\/wp\/v2\/types\/product"}],"replies":[{"embeddable":true,"href":"https:\/\/pruebas.michollo.to\/es_es\/wp-json\/wp\/v2\/comments?post=2773"}],"wp:featuredmedia":[{"embeddable":true,"href":"https:\/\/pruebas.michollo.to\/es_es\/wp-json\/wp\/v2\/media\/2557"}],"wp:attachment":[{"href":"https:\/\/pruebas.michollo.to\/es_es\/wp-json\/wp\/v2\/media?parent=2773"}],"wp:term":[{"taxonomy":"product_brand","embeddable":true,"href":"https:\/\/pruebas.michollo.to\/es_es\/wp-json\/wp\/v2\/product_brand?post=2773"},{"taxonomy":"product_cat","embeddable":true,"href":"https:\/\/pruebas.michollo.to\/es_es\/wp-json\/wp\/v2\/product_cat?post=2773"},{"taxonomy":"product_tag","embeddable":true,"href":"https:\/\/pruebas.michollo.to\/es_es\/wp-json\/wp\/v2\/product_tag?post=2773"}],"curies":[{"name":"wp","href":"https:\/\/api.w.org\/{rel}","templated":true}]}}