{"id":2777,"date":"2023-11-03T08:55:09","date_gmt":"2023-11-03T10:55:09","guid":{"rendered":"https:\/\/www.minandovoy.com\/?post_type=product&#038;p=2777"},"modified":"2025-05-09T14:47:08","modified_gmt":"2025-05-09T12:47:08","slug":"wind-miner-k9-10-5-th-s-kaspa-miner","status":"publish","type":"product","link":"https:\/\/pruebas.michollo.to\/es_es\/producto\/wind-miner-k9-10-5-th-s-kaspa-miner\/","title":{"rendered":"Wind Miner K9 (10.5 TH\/s) Kaspa Miner"},"content":{"rendered":"<p>El ASIC, Wind Miner K9 10.5\u00a0 TH\/s, es un dispositivo especializado en la miner\u00eda de criptomonedas, dise\u00f1ado espec\u00edficamente para minar Kaspa u otras criptomonedas que utilizan el algoritmo kHeavyHash. Tiene un consumo de 3.400 w\/h.<\/p>\n<ul>\n<li>\n<h3>\u00bfQu\u00e9 es Kaspa?<\/h3>\n<p>Kaspa es una criptomoneda que se basa en la tecnolog\u00eda blockchain, al igual que Bitcoin y otras criptomonedas populares. Como principiante, es importante entender que una criptomoneda es un tipo de moneda digital que utiliza criptograf\u00eda para asegurar y verificar las transacciones realizadas en su red.<\/p>\n<p>Kaspa se destaca por ser una red dise\u00f1ada espec\u00edficamente para abordar algunos desaf\u00edos y limitaciones que se han observado en otras criptomonedas. Una de las principales caracter\u00edsticas de Kaspa es su algoritmo de consenso, llamado kPoW (Prueba de Trabajo de Kaspa), que garantiza la seguridad y la confiabilidad de la red.<\/p>\n<p>Una de las diferencias significativas de Kaspa en comparaci\u00f3n con otras criptomonedas es su capacidad para escalar de manera eficiente. Esto significa que Kaspa tiene la capacidad de manejar un mayor n\u00famero de transacciones por segundo y puede crecer de manera m\u00e1s efectiva a medida que m\u00e1s usuarios se unen a la red. Esta escalabilidad mejora la velocidad y la eficiencia de las transacciones, lo que puede ser beneficioso para la adopci\u00f3n generalizada de la criptomoneda.<\/p>\n<p>Adem\u00e1s, Kaspa se considera una red descentralizada y de c\u00f3digo abierto, lo que significa que no est\u00e1 controlada por una autoridad central y que cualquier persona puede acceder a su c\u00f3digo fuente y contribuir al desarrollo de la plataforma.<\/li>\n<\/ul>\n","protected":false},"excerpt":{"rendered":"<p>El ASIC, Wind Miner K9 10.5\u00a0 TH\/s, es un dispositivo especializado en la miner\u00eda de criptomonedas, dise\u00f1ado espec\u00edficamente para minar Kaspa u otras criptomonedas que utilizan el algoritmo kHeavyHash. Tiene un consumo de 3.400 w\/h. \u00bfQu\u00e9 es Kaspa? Kaspa es una criptomoneda que se basa en la tecnolog\u00eda blockchain, al igual que Bitcoin y otras [&hellip;]<\/p>\n","protected":false},"featured_media":2491,"comment_status":"open","ping_status":"closed","template":"","meta":[],"product_brand":[],"product_cat":[19],"product_tag":[244,139],"class_list":{"0":"post-2777","1":"product","2":"type-product","3":"status-publish","4":"has-post-thumbnail","6":"product_cat-mineros","7":"product_tag-gme","8":"product_tag-mineros-para-expertos","10":"first","11":"outofstock","12":"taxable","13":"shipping-taxable","14":"purchasable","15":"product-type-simple"},"_links":{"self":[{"href":"https:\/\/pruebas.michollo.to\/es_es\/wp-json\/wp\/v2\/product\/2777","targetHints":{"allow":["GET"]}}],"collection":[{"href":"https:\/\/pruebas.michollo.to\/es_es\/wp-json\/wp\/v2\/product"}],"about":[{"href":"https:\/\/pruebas.michollo.to\/es_es\/wp-json\/wp\/v2\/types\/product"}],"replies":[{"embeddable":true,"href":"https:\/\/pruebas.michollo.to\/es_es\/wp-json\/wp\/v2\/comments?post=2777"}],"wp:featuredmedia":[{"embeddable":true,"href":"https:\/\/pruebas.michollo.to\/es_es\/wp-json\/wp\/v2\/media\/2491"}],"wp:attachment":[{"href":"https:\/\/pruebas.michollo.to\/es_es\/wp-json\/wp\/v2\/media?parent=2777"}],"wp:term":[{"taxonomy":"product_brand","embeddable":true,"href":"https:\/\/pruebas.michollo.to\/es_es\/wp-json\/wp\/v2\/product_brand?post=2777"},{"taxonomy":"product_cat","embeddable":true,"href":"https:\/\/pruebas.michollo.to\/es_es\/wp-json\/wp\/v2\/product_cat?post=2777"},{"taxonomy":"product_tag","embeddable":true,"href":"https:\/\/pruebas.michollo.to\/es_es\/wp-json\/wp\/v2\/product_tag?post=2777"}],"curies":[{"name":"wp","href":"https:\/\/api.w.org\/{rel}","templated":true}]}}