{"id":2946,"date":"2023-11-30T14:56:45","date_gmt":"2023-11-30T16:56:45","guid":{"rendered":"https:\/\/www.minandovoy.com\/?post_type=product&#038;p=2946"},"modified":"2025-05-09T14:47:07","modified_gmt":"2025-05-09T12:47:07","slug":"microbt-whatsminer-m66s-270-298t-18-5-th-bitcoin-con-equipo-de-inmersion-en-aceite","status":"publish","type":"product","link":"https:\/\/pruebas.michollo.to\/es_es\/producto\/microbt-whatsminer-m66s-270-298t-18-5-th-bitcoin-con-equipo-de-inmersion-en-aceite\/","title":{"rendered":"MicroBT WhatsMiner M66S 270 298T 18.5\/TH Bitcoin Batch Junio Con equipo de inmersion en Aceite"},"content":{"rendered":"<p>&nbsp;<\/p>\n<h2>Whatsminer M66S<\/h2>\n<p>Whatsminer M66S la nueva m\u00e1quina para la<a href=\"https:\/\/www.minandovoy.com\/categoria\/mineros\/?algoritmos=sha-256\"> miner\u00eda de Bitcoin<\/a> (SHA-256) con un poder computacional de 290 y un consumo el\u00e9ctrico de\u00a0 5513W\/Hora.<\/p>\n<p>Las clasificaciones de eficiencia energ\u00e9tica, de 18.5 J\/TH, indican un equilibrio notable entre el hash y el consumo de energ\u00eda. En comparaci\u00f3n con Whatsminer M66S , Whatsminer M66S tiene un menor consumo de energ\u00eda.<\/p>\n<div class=\"currency-container d-inline-block\"><\/div>\n<p><strong>UN POCO SOBRE <a href=\"https:\/\/coinmarketcap.com\/es\/currencies\/bitcoin\/\">BITCOIN<\/a><\/strong><\/p>\n<p>Es la primera criptomoneda desarrollada y por lo tanto, la que ha marcado camino a todas las dem\u00e1s que llegaron despu\u00e9s utilizando su tecnolog\u00eda llamada cadena de bloques o Blockchain.<\/p>\n<p>Hay una cantidad de Bitcoins que se emiten cada a\u00f1o y esta cantidad est\u00e1 determinada por su algoritmo, cada 4 a\u00f1os se reduce por dos su producci\u00f3n, para que solo se emitan un total de 21 millones de Bitcoins.<\/p>\n<p>Aqu\u00ed tenemos la gran diferencia con las monedas convencionales, ya que los bancos modifican el valor . Esto ofrece a que la criptomoneda, en este caso el Bitcoin pueda ofrecer m\u00e1s estabilidad mientras que la convencional se deval\u00faa.<\/p>\n<p>A d\u00eda de hoy, se utiliza como m\u00e9todo de pago en muchas plataformas, las criptomonedas, la moneda de cambio en la mayor\u00eda de casos es Bitcoin, ya que so seguros y privados.<\/p>\n<p>&nbsp;<\/p>\n<p><strong>PRINCIPALES VENTAJAS DE BITCOIN<\/strong><\/p>\n<ol>\n<li>Rapidez: Enviarse dinero sin importar la cantidad y el destino, en cuesti\u00f3n de minutos.<\/li>\n<li>Econ\u00f3mico: Al realizar una transferencia por tu banco puede costarte mucho dinero, a trav\u00e9s de Bitcoin el coste es gratuito o de pocos c\u00e9ntimos.<\/li>\n<li>Global: Puedes enviar a cualquier parte del mundo, no tiene fronteras.<\/li>\n<li>Descentralizada: Ning\u00fan gobierno\/banco puede controlarlo, ni en su creaci\u00f3n ni mucho menos en su distribuci\u00f3n.<\/li>\n<li>Propiedad: El dinero te pertenece al 100%, no puede ser intervenido por nadie, eres tu propio banco.<\/li>\n<li>Transparente:\u00a0 Todas las transacciones son p\u00fablicas, pero siempre bajo pseud\u00f3nimos.<\/li>\n<li>Emisi\u00f3n limitada: Nadie puede generar miles de Bitcoins porque le apetezca, estos van apareciendo gracias a la miner\u00eda.<\/li>\n<li>Privado: Bitcoin trata de preservar la privacidad, en un grado muy alto, aunque no es completamente an\u00f3nimo trabaja para serlo.<\/li>\n<\/ol>\n","protected":false},"excerpt":{"rendered":"<p>&nbsp; Whatsminer M66S Whatsminer M66S la nueva m\u00e1quina para la miner\u00eda de Bitcoin (SHA-256) con un poder computacional de 290 y un consumo el\u00e9ctrico de\u00a0 5513W\/Hora. Las clasificaciones de eficiencia energ\u00e9tica, de 18.5 J\/TH, indican un equilibrio notable entre el hash y el consumo de energ\u00eda. En comparaci\u00f3n con Whatsminer M66S , Whatsminer M66S tiene [&hellip;]<\/p>\n","protected":false},"featured_media":2947,"comment_status":"open","ping_status":"closed","template":"","meta":[],"product_brand":[],"product_cat":[15],"product_tag":[],"class_list":{"0":"post-2946","1":"product","2":"type-product","3":"status-publish","4":"has-post-thumbnail","6":"product_cat-sin-categorizar","8":"first","9":"outofstock","10":"taxable","11":"shipping-taxable","12":"purchasable","13":"product-type-simple"},"_links":{"self":[{"href":"https:\/\/pruebas.michollo.to\/es_es\/wp-json\/wp\/v2\/product\/2946","targetHints":{"allow":["GET"]}}],"collection":[{"href":"https:\/\/pruebas.michollo.to\/es_es\/wp-json\/wp\/v2\/product"}],"about":[{"href":"https:\/\/pruebas.michollo.to\/es_es\/wp-json\/wp\/v2\/types\/product"}],"replies":[{"embeddable":true,"href":"https:\/\/pruebas.michollo.to\/es_es\/wp-json\/wp\/v2\/comments?post=2946"}],"wp:featuredmedia":[{"embeddable":true,"href":"https:\/\/pruebas.michollo.to\/es_es\/wp-json\/wp\/v2\/media\/2947"}],"wp:attachment":[{"href":"https:\/\/pruebas.michollo.to\/es_es\/wp-json\/wp\/v2\/media?parent=2946"}],"wp:term":[{"taxonomy":"product_brand","embeddable":true,"href":"https:\/\/pruebas.michollo.to\/es_es\/wp-json\/wp\/v2\/product_brand?post=2946"},{"taxonomy":"product_cat","embeddable":true,"href":"https:\/\/pruebas.michollo.to\/es_es\/wp-json\/wp\/v2\/product_cat?post=2946"},{"taxonomy":"product_tag","embeddable":true,"href":"https:\/\/pruebas.michollo.to\/es_es\/wp-json\/wp\/v2\/product_tag?post=2946"}],"curies":[{"name":"wp","href":"https:\/\/api.w.org\/{rel}","templated":true}]}}