{"id":305,"date":"2022-10-16T04:24:29","date_gmt":"2022-10-16T06:24:29","guid":{"rendered":"https:\/\/pruebas.michollo.to\/producto\/whatsminer-m50-118t\/"},"modified":"2026-02-23T13:22:32","modified_gmt":"2026-02-23T12:22:32","slug":"whatsminer-m50-122t","status":"publish","type":"product","link":"https:\/\/pruebas.michollo.to\/es_es\/producto\/whatsminer-m50-122t\/","title":{"rendered":"Whatsminer M50 122T"},"content":{"rendered":"<p>Whatsminer M50 la nueva m\u00e1quina para la miner\u00eda de Bitcoin (<a href=\"https:\/\/www.minandovoy.com\/es_es\/categoria\/mineros\/?algoritmos=sha-256\">SHA-256<\/a>) con un poder computacional de 122T y un consumo el\u00e9ctrico de\u00a0 3200W\/Hora.<\/p>\n<p>Este equipo est\u00e1 produciendo a d\u00eda de hoy (31\/10\/2022)\u00a0<span class=\"money-symbol unit\">$<\/span> <span class=\"price-val money-val\" data-usd-per=\"0.06931895\" data-usd=\"0.06931895\" data-rule=\"formatPriceWithoutSeparator\">6.62<\/span><span class=\"price-val money-val\" data-usd-per=\"0.06931895\" data-usd=\"0.06931895\" data-rule=\"formatPriceWithoutSeparator\">, lo que ser\u00eda igual a <span class=\"pl-1 profit-val info-value\" data-profit=\"0.00000341\">0.00040238<\/span>\u00a0<span class=\"pl-1 info-value\">BTC.<\/span><\/span><\/p>\n<p>Si nos movemos de fecha, al pico m\u00e1s alto al que ha estado esta criptomoneda, nos ir\u00edamos a Octubre de 2021\u00a0cuando ten\u00eda un valor de 64.300$, lo que supone que esta<br \/>\nm\u00e1quina estar\u00eda dando 25.87$ al d\u00eda<\/p>\n<p>&nbsp;<\/p>\n<div class=\"currency-container d-inline-block\"><\/div>\n<h3><strong>UN POCO SOBRE BITCOIN<\/strong><\/h3>\n<p>Es la primera criptomoneda desarrollada y por lo tanto, la que ha marcado camino a todas las dem\u00e1s que llegaron despu\u00e9s utilizando su tecnolog\u00eda llamada cadena de bloques o Blockchain.<\/p>\n<p>Hay una cantidad de Bitcoins que se emiten cada a\u00f1o y esta cantidad est\u00e1 determinada por su algoritmo, cada 4 a\u00f1os se reduce por dos su producci\u00f3n, para que solo se emitan un total de 21 millones de Bitcoins.<\/p>\n<p>Aqu\u00ed tenemos la gran diferencia con las monedas convencionales, ya que los bancos modifican el valor . Esto ofrece a que la criptomoneda, en este caso el Bitcoin pueda ofrecer m\u00e1s estabilidad mientras que la convencional se deval\u00faa.<\/p>\n<p>A d\u00eda de hoy, se utiliza como m\u00e9todo de pago en muchas plataformas, las criptomonedas, la moneda de cambio en la mayor\u00eda de casos es Bitcoin, ya que so seguros y privados.<\/p>\n<p>&nbsp;<\/p>\n<h3><strong>PRINCIPALES VENTAJAS DE <a href=\"https:\/\/coinmarketcap.com\/es\/currencies\/bitcoin\/\">BITCOIN<\/a><\/strong><\/h3>\n<ol>\n<li>Rapidez: Enviarse dinero sin importar la cantidad y el destino, en cuesti\u00f3n de minutos.<\/li>\n<li>Econ\u00f3mico: Al realizar una transferencia por tu banco puede costarte mucho dinero, a trav\u00e9s de Bitcoin el coste es gratuito o de pocos c\u00e9ntimos.<\/li>\n<li>Global: Puedes enviar a cualquier parte del mundo, no tiene fronteras.<\/li>\n<li>Descentralizada: Ning\u00fan gobierno\/banco puede controlarlo, ni en su creaci\u00f3n ni mucho menos en su distribuci\u00f3n.<\/li>\n<li>Propiedad: El dinero te pertenece al 100%, no puede ser intervenido por nadie, eres tu propio banco.<\/li>\n<li>Transparente:\u00a0 Todas las transacciones son p\u00fablicas, pero siempre bajo pseud\u00f3nimos.<\/li>\n<li>Emisi\u00f3n limitada: Nadie puede generar miles de Bitcoins porque le apetezca, estos van apareciendo gracias a la miner\u00eda.<\/li>\n<li>Privado: Bitcoin trata de preservar la privacidad, en un grado muy alto, aunque no es completamente an\u00f3nimo trabaja para serlo.<\/li>\n<\/ol>\n","protected":false},"excerpt":{"rendered":"<p>Whatsminer M50 la nueva m\u00e1quina para la miner\u00eda de Bitcoin (SHA-256) con un poder computacional de 122T y un consumo el\u00e9ctrico de\u00a0 3200W\/Hora. Este equipo est\u00e1 produciendo a d\u00eda de hoy (31\/10\/2022)\u00a0$ 6.62, lo que ser\u00eda igual a 0.00040238\u00a0BTC. Si nos movemos de fecha, al pico m\u00e1s alto al que ha estado esta criptomoneda, nos [&hellip;]<\/p>\n","protected":false},"featured_media":306,"comment_status":"open","ping_status":"closed","template":"","meta":[],"product_brand":[],"product_cat":[19],"product_tag":[52,244,138,137],"class_list":{"0":"post-305","1":"product","2":"type-product","3":"status-publish","4":"has-post-thumbnail","6":"product_cat-mineros","7":"product_tag-asic","8":"product_tag-gme","9":"product_tag-mineros-para-avanzados","10":"product_tag-mineros-para-principiantes","12":"first","13":"outofstock","14":"taxable","15":"shipping-taxable","16":"purchasable","17":"product-type-simple"},"_links":{"self":[{"href":"https:\/\/pruebas.michollo.to\/es_es\/wp-json\/wp\/v2\/product\/305","targetHints":{"allow":["GET"]}}],"collection":[{"href":"https:\/\/pruebas.michollo.to\/es_es\/wp-json\/wp\/v2\/product"}],"about":[{"href":"https:\/\/pruebas.michollo.to\/es_es\/wp-json\/wp\/v2\/types\/product"}],"replies":[{"embeddable":true,"href":"https:\/\/pruebas.michollo.to\/es_es\/wp-json\/wp\/v2\/comments?post=305"}],"wp:featuredmedia":[{"embeddable":true,"href":"https:\/\/pruebas.michollo.to\/es_es\/wp-json\/wp\/v2\/media\/306"}],"wp:attachment":[{"href":"https:\/\/pruebas.michollo.to\/es_es\/wp-json\/wp\/v2\/media?parent=305"}],"wp:term":[{"taxonomy":"product_brand","embeddable":true,"href":"https:\/\/pruebas.michollo.to\/es_es\/wp-json\/wp\/v2\/product_brand?post=305"},{"taxonomy":"product_cat","embeddable":true,"href":"https:\/\/pruebas.michollo.to\/es_es\/wp-json\/wp\/v2\/product_cat?post=305"},{"taxonomy":"product_tag","embeddable":true,"href":"https:\/\/pruebas.michollo.to\/es_es\/wp-json\/wp\/v2\/product_tag?post=305"}],"curies":[{"name":"wp","href":"https:\/\/api.w.org\/{rel}","templated":true}]}}