{"id":3068,"date":"2023-12-15T13:07:26","date_gmt":"2023-12-15T15:07:26","guid":{"rendered":"https:\/\/www.minandovoy.com\/?post_type=product&#038;p=3068"},"modified":"2025-05-09T14:47:07","modified_gmt":"2025-05-09T12:47:07","slug":"nuevo-bitmain-antminer-ks3-9-4t-mining-kas","status":"publish","type":"product","link":"https:\/\/pruebas.michollo.to\/es_es\/producto\/nuevo-bitmain-antminer-ks3-9-4t-mining-kas\/","title":{"rendered":"Nuevo Bitmain Antminer KS3 9.4 T Mining KAS Usada!"},"content":{"rendered":"<p>Bitmain, uno de los principales fabricantes de equipos de miner\u00eda de Bitcoin, ha anunciado el lanzamiento de su primer minero dise\u00f1ado espec\u00edficamente para la criptomoneda Kaspa (KAS). Se llama Antminer KS3.<\/p>\n<p>Este nuevo dispositivo alcanza una tasa de hash de 9.4terahashes por segundo (Th\/s). La eficiencia energ\u00e9tica tambi\u00e9n es un aspecto destacado del KS3, con 3,188W (similar al minero de Bitcoin S19 XP). Cabe destacar que Bitmain, que tambi\u00e9n fabrica mineros ASIC para Bitcoin, Litecoin, Ethereum Classic y Zcash, a\u00fan no ha revelado el precio del KS3 para minar Kaspa.<\/p>\n<p>El lanzamiento del KS3 representa un hito importante tanto para Bitmain como para Kaspa. Aunque Kaspa es una criptomoneda relativamente nueva, ha logrado una posici\u00f3n s\u00f3lida en la industria en muy poco tiempo. La tasa de hash de Kaspa se triplic\u00f3 en el primer trimestre de 2023. Hacia finales del a\u00f1o pasado, despu\u00e9s de la fusi\u00f3n de Ethereum, se convirti\u00f3 en una de las criptomonedas m\u00e1s rentables para minar con tarjetas gr\u00e1ficas (GPUs).<\/p>\n<h3>\u00bfQu\u00e9 es Kaspa?<\/h3>\n<p>Kaspa es una criptomoneda que se basa en la tecnolog\u00eda blockchain, al igual que Bitcoin y otras criptomonedas populares. Como principiante, es importante entender que una criptomoneda es un tipo de moneda digital que utiliza criptograf\u00eda para asegurar y verificar las transacciones realizadas en su red.<\/p>\n<p>Kaspa se destaca por ser una red dise\u00f1ada espec\u00edficamente para abordar algunos desaf\u00edos y limitaciones que se han observado en otras criptomonedas. Una de las principales caracter\u00edsticas de Kaspa es su algoritmo de consenso, llamado kPoW (Prueba de Trabajo de Kaspa), que garantiza la seguridad y la confiabilidad de la red.<\/p>\n<p>Una de las diferencias significativas de Kaspa en comparaci\u00f3n con otras criptomonedas es su capacidad para escalar de manera eficiente. Esto significa que Kaspa tiene la capacidad de manejar un mayor n\u00famero de transacciones por segundo y puede crecer de manera m\u00e1s efectiva a medida que m\u00e1s usuarios se unen a la red. Esta escalabilidad mejora la velocidad y la eficiencia de las transacciones, lo que puede ser beneficioso para la adopci\u00f3n generalizada de la criptomoneda.<\/p>\n<p>Adem\u00e1s, Kaspa se considera una red descentralizada y de c\u00f3digo abierto, lo que significa que no est\u00e1 controlada por una autoridad central y que cualquier persona puede acceder a su c\u00f3digo fuente y contribuir al desarrollo de la plataforma.<\/p>\n<p>&nbsp;<\/p>\n<p>&nbsp;<\/p>\n<p>&nbsp;<\/p>\n","protected":false},"excerpt":{"rendered":"<p>Bitmain, uno de los principales fabricantes de equipos de miner\u00eda de Bitcoin, ha anunciado el lanzamiento de su primer minero dise\u00f1ado espec\u00edficamente para la criptomoneda Kaspa (KAS). Se llama Antminer KS3. Este nuevo dispositivo alcanza una tasa de hash de 9.4terahashes por segundo (Th\/s). La eficiencia energ\u00e9tica tambi\u00e9n es un aspecto destacado del KS3, con [&hellip;]<\/p>\n","protected":false},"featured_media":1975,"comment_status":"open","ping_status":"closed","template":"","meta":[],"product_brand":[],"product_cat":[19],"product_tag":[52,244,245,241,138],"class_list":{"0":"post-3068","1":"product","2":"type-product","3":"status-publish","4":"has-post-thumbnail","6":"product_cat-mineros","7":"product_tag-asic","8":"product_tag-gme","9":"product_tag-gmp","10":"product_tag-kaspa","11":"product_tag-mineros-para-avanzados","12":"product_shipping_class-internacional","14":"first","15":"outofstock","16":"taxable","17":"shipping-taxable","18":"purchasable","19":"product-type-simple"},"_links":{"self":[{"href":"https:\/\/pruebas.michollo.to\/es_es\/wp-json\/wp\/v2\/product\/3068","targetHints":{"allow":["GET"]}}],"collection":[{"href":"https:\/\/pruebas.michollo.to\/es_es\/wp-json\/wp\/v2\/product"}],"about":[{"href":"https:\/\/pruebas.michollo.to\/es_es\/wp-json\/wp\/v2\/types\/product"}],"replies":[{"embeddable":true,"href":"https:\/\/pruebas.michollo.to\/es_es\/wp-json\/wp\/v2\/comments?post=3068"}],"wp:featuredmedia":[{"embeddable":true,"href":"https:\/\/pruebas.michollo.to\/es_es\/wp-json\/wp\/v2\/media\/1975"}],"wp:attachment":[{"href":"https:\/\/pruebas.michollo.to\/es_es\/wp-json\/wp\/v2\/media?parent=3068"}],"wp:term":[{"taxonomy":"product_brand","embeddable":true,"href":"https:\/\/pruebas.michollo.to\/es_es\/wp-json\/wp\/v2\/product_brand?post=3068"},{"taxonomy":"product_cat","embeddable":true,"href":"https:\/\/pruebas.michollo.to\/es_es\/wp-json\/wp\/v2\/product_cat?post=3068"},{"taxonomy":"product_tag","embeddable":true,"href":"https:\/\/pruebas.michollo.to\/es_es\/wp-json\/wp\/v2\/product_tag?post=3068"}],"curies":[{"name":"wp","href":"https:\/\/api.w.org\/{rel}","templated":true}]}}