{"id":348,"date":"2022-10-16T04:29:53","date_gmt":"2022-10-16T06:29:53","guid":{"rendered":"https:\/\/pruebas.michollo.to\/producto\/s19j-pro-96t\/"},"modified":"2025-07-07T13:48:18","modified_gmt":"2025-07-07T11:48:18","slug":"s19j-pro-96t","status":"publish","type":"product","link":"https:\/\/pruebas.michollo.to\/es_es\/producto\/s19j-pro-96t\/","title":{"rendered":"S19J PRO 96T"},"content":{"rendered":"<div style=\"text-align: center;\">\n<p><em>\u00bfCUANDO OS DECIMOS BITCOIN, QUE OS VIENE A LA MENTE? MONEDA FIABLE Y CON LA QUE PUEDES GENERAR UN INGRESO EXTRA AL MES.<\/em><\/p>\n<p>&nbsp;<\/p>\n<p><img decoding=\"async\" src=\"https:\/\/cdn.shopify.com\/s\/files\/1\/0531\/4877\/8652\/files\/21ac9370933f172fd4eca7e0b8841d4e_480x480.gif?v=1664198795\" alt=\"\" \/><\/p>\n<p>&nbsp;<\/p>\n<p>Este modelo, Antminer S19J PRO (96T) fue creado por Bitmain en el a\u00f1o 2021 y todav\u00eda sigue en producci\u00f3n debido a su gran acogida en el mercado.<\/p>\n<\/div>\n","protected":false},"excerpt":{"rendered":"<p>\u00bfCUANDO OS DECIMOS BITCOIN, QUE OS VIENE A LA MENTE? MONEDA FIABLE Y CON LA QUE PUEDES GENERAR UN INGRESO EXTRA AL MES. &nbsp; &nbsp; Este modelo, Antminer S19J PRO (96T) fue creado por Bitmain en el a\u00f1o 2021 y todav\u00eda sigue en producci\u00f3n debido a su gran acogida en el mercado.<\/p>\n","protected":false},"featured_media":349,"comment_status":"open","ping_status":"closed","template":"","meta":[],"product_brand":[],"product_cat":[19],"product_tag":[52,244,138,137],"class_list":{"0":"post-348","1":"product","2":"type-product","3":"status-publish","4":"has-post-thumbnail","6":"product_cat-mineros","7":"product_tag-asic","8":"product_tag-gme","9":"product_tag-mineros-para-avanzados","10":"product_tag-mineros-para-principiantes","12":"first","13":"outofstock","14":"taxable","15":"shipping-taxable","16":"purchasable","17":"product-type-simple"},"_links":{"self":[{"href":"https:\/\/pruebas.michollo.to\/es_es\/wp-json\/wp\/v2\/product\/348","targetHints":{"allow":["GET"]}}],"collection":[{"href":"https:\/\/pruebas.michollo.to\/es_es\/wp-json\/wp\/v2\/product"}],"about":[{"href":"https:\/\/pruebas.michollo.to\/es_es\/wp-json\/wp\/v2\/types\/product"}],"replies":[{"embeddable":true,"href":"https:\/\/pruebas.michollo.to\/es_es\/wp-json\/wp\/v2\/comments?post=348"}],"wp:featuredmedia":[{"embeddable":true,"href":"https:\/\/pruebas.michollo.to\/es_es\/wp-json\/wp\/v2\/media\/349"}],"wp:attachment":[{"href":"https:\/\/pruebas.michollo.to\/es_es\/wp-json\/wp\/v2\/media?parent=348"}],"wp:term":[{"taxonomy":"product_brand","embeddable":true,"href":"https:\/\/pruebas.michollo.to\/es_es\/wp-json\/wp\/v2\/product_brand?post=348"},{"taxonomy":"product_cat","embeddable":true,"href":"https:\/\/pruebas.michollo.to\/es_es\/wp-json\/wp\/v2\/product_cat?post=348"},{"taxonomy":"product_tag","embeddable":true,"href":"https:\/\/pruebas.michollo.to\/es_es\/wp-json\/wp\/v2\/product_tag?post=348"}],"curies":[{"name":"wp","href":"https:\/\/api.w.org\/{rel}","templated":true}]}}