{"id":3538,"date":"2024-02-08T15:38:06","date_gmt":"2024-02-08T17:38:06","guid":{"rendered":"https:\/\/www.minandovoy.com\/?post_type=product&#038;p=3538"},"modified":"2025-05-09T14:47:06","modified_gmt":"2025-05-09T12:47:06","slug":"nuevo-asic-ibelink-bm-ks-max-kaspa-kas-10-5-th-s","status":"publish","type":"product","link":"https:\/\/pruebas.michollo.to\/es_es\/producto\/nuevo-asic-ibelink-bm-ks-max-kaspa-kas-10-5-th-s\/","title":{"rendered":"Nuevo iBeLink BM-KS Max KASPA (KAS) \u2013 10.5 TH\/s"},"content":{"rendered":"<p>El <strong>iBeLink BM-KS Max<\/strong> es un minero ASIC especializado dise\u00f1ado espec\u00edficamente para la miner\u00eda de Kaspa (KAS), una criptomoneda reconocida por su innovadora tecnolog\u00eda de cadena de bloques basada en DAG.<\/p>\n<p>Con una tasa de hash m\u00e1xima de<strong> 10.5 Th\/s<\/strong>, el iBeLink BM-KS MAX ofrece un rendimiento excepcional que garantiza una alta rentabilidad en la miner\u00eda de Kaspa. Este dispositivo de miner\u00eda sobresale por su eficiencia energ\u00e9tica y dise\u00f1o compacto, lo que lo convierte en una opci\u00f3n atractiva tanto para mineros principiantes como experimentados.<\/p>\n<p>La combinaci\u00f3n de alta tasa de hash y eficiencia energ\u00e9tica del iBeLink BM-KS Max permite a los mineros maximizar su potencial de miner\u00eda mientras minimizan su consumo de energ\u00eda. Ya sea que est\u00e9s iniciando en la miner\u00eda de criptomonedas o busques mejorar tu infraestructura actual, el iBeLink BM-KS Max ofrece un rendimiento sin precedentes y una rentabilidad excepcional en la miner\u00eda de Kaspa.<\/p>\n","protected":false},"excerpt":{"rendered":"<p>El iBeLink BM-KS Max es un minero ASIC especializado dise\u00f1ado espec\u00edficamente para la miner\u00eda de Kaspa (KAS), una criptomoneda reconocida por su innovadora tecnolog\u00eda de cadena de bloques basada en DAG. Con una tasa de hash m\u00e1xima de 10.5 Th\/s, el iBeLink BM-KS MAX ofrece un rendimiento excepcional que garantiza una alta rentabilidad en la [&hellip;]<\/p>\n","protected":false},"featured_media":3539,"comment_status":"open","ping_status":"closed","template":"","meta":[],"product_brand":[],"product_cat":[19],"product_tag":[54,241,138],"class_list":{"0":"post-3538","1":"product","2":"type-product","3":"status-publish","4":"has-post-thumbnail","6":"product_cat-mineros","7":"product_tag-ibelink","8":"product_tag-kaspa","9":"product_tag-mineros-para-avanzados","11":"first","12":"outofstock","13":"taxable","14":"shipping-taxable","15":"purchasable","16":"product-type-simple"},"_links":{"self":[{"href":"https:\/\/pruebas.michollo.to\/es_es\/wp-json\/wp\/v2\/product\/3538","targetHints":{"allow":["GET"]}}],"collection":[{"href":"https:\/\/pruebas.michollo.to\/es_es\/wp-json\/wp\/v2\/product"}],"about":[{"href":"https:\/\/pruebas.michollo.to\/es_es\/wp-json\/wp\/v2\/types\/product"}],"replies":[{"embeddable":true,"href":"https:\/\/pruebas.michollo.to\/es_es\/wp-json\/wp\/v2\/comments?post=3538"}],"wp:featuredmedia":[{"embeddable":true,"href":"https:\/\/pruebas.michollo.to\/es_es\/wp-json\/wp\/v2\/media\/3539"}],"wp:attachment":[{"href":"https:\/\/pruebas.michollo.to\/es_es\/wp-json\/wp\/v2\/media?parent=3538"}],"wp:term":[{"taxonomy":"product_brand","embeddable":true,"href":"https:\/\/pruebas.michollo.to\/es_es\/wp-json\/wp\/v2\/product_brand?post=3538"},{"taxonomy":"product_cat","embeddable":true,"href":"https:\/\/pruebas.michollo.to\/es_es\/wp-json\/wp\/v2\/product_cat?post=3538"},{"taxonomy":"product_tag","embeddable":true,"href":"https:\/\/pruebas.michollo.to\/es_es\/wp-json\/wp\/v2\/product_tag?post=3538"}],"curies":[{"name":"wp","href":"https:\/\/api.w.org\/{rel}","templated":true}]}}