{"id":382,"date":"2022-10-16T04:31:29","date_gmt":"2022-10-16T06:31:29","guid":{"rendered":"https:\/\/pruebas.michollo.to\/producto\/antminer-e7-800mhs\/"},"modified":"2025-09-04T10:28:54","modified_gmt":"2025-09-04T08:28:54","slug":"antminer-e7-800mhs","status":"publish","type":"product","link":"https:\/\/pruebas.michollo.to\/es_es\/producto\/antminer-e7-800mhs\/","title":{"rendered":"Antminer E7 800Mhs"},"content":{"rendered":"<h4><b>Antminer<\/b> E7 800Mhs<\/h4>\n<div>El <b>Antminer<\/b> E7 800Mhs de <b>Bitmain<\/b>, especializado en minar Ethereum Classic, tiene un rendimiento mayor que cualquier <a href=\"https:\/\/www.minandovoy.com\/categoria\/rigs-de-gpu\/\">GPU<\/a>.\u00a0<b>\u00a0<\/b>Este ASIC dedicado a la miner\u00eda de <a href=\"https:\/\/www.minandovoy.com\/categoria\/mineros\/?algoritmos=ethash\">Ethash<\/a>, tiene una potencia de minado de 800MHs y un consumo de 1.300w\/h.<\/div>\n<div>\n<div class=\"jnews_inline_related_post_wrapper right\">\n<div class=\"jnews_inline_related_post\">\n<div class=\"jeg_postblock_21 jeg_postblock jeg_module_hook jeg_pagination_disable jeg_col_2o3 jnews_module_337080_0_6385e584c0f23 \" data-unique=\"jnews_module_337080_0_6385e584c0f23\">\n<div class=\"jeg_block_heading jeg_block_heading_5 jeg_subcat_right\"><\/div>\n<\/div>\n<\/div>\n<\/div>\n<h3><b>\u00bfQu\u00e9 es Bitmain?<\/b><\/h3>\n<p><em>Bitmain<\/em> es una compa\u00f1\u00eda con sede en Beijing, China. Es considerada una de las compa\u00f1\u00edas m\u00e1s importantes en la industria de criptomonedas al generar hardware de miner\u00eda\u00a0de alta calidad, con enormes capacidades mineras y por sus avances tecnol\u00f3gicos. Es la dise\u00f1adora\u00a0m\u00e1s grande del mundo\u00a0de equipos\u00a0<em>ASIC<\/em>\u00a0para la miner\u00eda\u00a0<em>Bitcoin<\/em>.<\/p>\n<p>Bitmain, es mayormente reconocido por el hardware de Bitcoin, aunque se interesa por aquellos proyectos que le aportan solidez a su empresa, como es en este caso Ethereum\/Ethereum Classic.<\/p>\n<p>En abril del 2021, el gran fabricante anunci\u00f3 el lanzamiento de una m\u00e1quina para la miner\u00eda de Ethreum cuyo nombre ser\u00eda, Antminer E7 800M. Esta verdadera bestia tiene el poder equivalente de 8\u00a0 GPU&#8217;s Nvidia RTX 3080.<\/p>\n<h2><b>Monedas que se pueden minar con Antminer E7 800Mhs<\/b><\/h2>\n<p>Lo ponemos de forma clara para que puedas entenderlo sin complicaciones. A continuaci\u00f3n se puede ver las monedas m\u00e1s importantes para el algoritmo EtHash del minero Antminer E7 800mhs.<\/p>\n<ul>\n<li>Ethereum Classic (ETC)<\/li>\n<li>Musicoin (MUSIC)<\/li>\n<li>Ubiq (UBQ)<\/li>\n<\/ul>\n<h3><strong><a href=\"https:\/\/coinmarketcap.com\/es\/currencies\/ethereum-classic\/\">Ethereum classic<\/a> vs Ethereum:<\/strong><\/h3>\n<p>Esta criptomoneda se lanz\u00f3 en julio de 2016, cuya funci\u00f3n principal es la de red de<br \/>\ncontratos inteligentes, con capacidad para almacenar y dar soporte a Dapps.<br \/>\nDesde que se lanz\u00f3 esta Cripto, ha tratado de diferenciarse de su hermano mayor, ya<br \/>\nque este se propuso preservar la integridad de la cadena de bloques de ETH existente.<\/p>\n<p>&nbsp;<\/p>\n<p>Haz click <a href=\"https:\/\/www.youtube.com\/watch?v=BtF49i6Glnc\">aqu\u00ed<\/a> para conocer la diferencia entre un ASIC y un RIG.<\/p>\n<\/div>\n","protected":false},"excerpt":{"rendered":"<p>Antminer E7 800Mhs El Antminer E7 800Mhs de Bitmain, especializado en minar Ethereum Classic, tiene un rendimiento mayor que cualquier GPU.\u00a0\u00a0Este ASIC dedicado a la miner\u00eda de Ethash, tiene una potencia de minado de 800MHs y un consumo de 1.300w\/h. \u00bfQu\u00e9 es Bitmain? Bitmain es una compa\u00f1\u00eda con sede en Beijing, China. Es considerada una [&hellip;]<\/p>\n","protected":false},"featured_media":383,"comment_status":"open","ping_status":"closed","template":"","meta":[],"product_brand":[],"product_cat":[19],"product_tag":[52],"class_list":{"0":"post-382","1":"product","2":"type-product","3":"status-publish","4":"has-post-thumbnail","6":"product_cat-mineros","7":"product_tag-asic","9":"first","10":"outofstock","11":"taxable","12":"shipping-taxable","13":"purchasable","14":"product-type-simple"},"_links":{"self":[{"href":"https:\/\/pruebas.michollo.to\/es_es\/wp-json\/wp\/v2\/product\/382","targetHints":{"allow":["GET"]}}],"collection":[{"href":"https:\/\/pruebas.michollo.to\/es_es\/wp-json\/wp\/v2\/product"}],"about":[{"href":"https:\/\/pruebas.michollo.to\/es_es\/wp-json\/wp\/v2\/types\/product"}],"replies":[{"embeddable":true,"href":"https:\/\/pruebas.michollo.to\/es_es\/wp-json\/wp\/v2\/comments?post=382"}],"wp:featuredmedia":[{"embeddable":true,"href":"https:\/\/pruebas.michollo.to\/es_es\/wp-json\/wp\/v2\/media\/383"}],"wp:attachment":[{"href":"https:\/\/pruebas.michollo.to\/es_es\/wp-json\/wp\/v2\/media?parent=382"}],"wp:term":[{"taxonomy":"product_brand","embeddable":true,"href":"https:\/\/pruebas.michollo.to\/es_es\/wp-json\/wp\/v2\/product_brand?post=382"},{"taxonomy":"product_cat","embeddable":true,"href":"https:\/\/pruebas.michollo.to\/es_es\/wp-json\/wp\/v2\/product_cat?post=382"},{"taxonomy":"product_tag","embeddable":true,"href":"https:\/\/pruebas.michollo.to\/es_es\/wp-json\/wp\/v2\/product_tag?post=382"}],"curies":[{"name":"wp","href":"https:\/\/api.w.org\/{rel}","templated":true}]}}