{"id":384,"date":"2022-10-16T04:31:36","date_gmt":"2022-10-16T06:31:36","guid":{"rendered":"https:\/\/pruebas.michollo.to\/producto\/ledger-nano-s\/"},"modified":"2025-05-09T14:47:29","modified_gmt":"2025-05-09T12:47:29","slug":"ledger-nano-s","status":"publish","type":"product","link":"https:\/\/pruebas.michollo.to\/es_es\/producto\/ledger-nano-s\/","title":{"rendered":"Ledger nano s"},"content":{"rendered":"<p><span data-mce-fragment=\"1\">Son monederos f\u00edsicos donde podemos almacenar una enorme cantidad de criptomonedas y tokens diferentes. <\/span><\/p>\n<p><span data-mce-fragment=\"1\">Ledger Wallet son unas carteras fr\u00edas donde \u00fanicamente el propietario de la misma tiene acceso a la informaci\u00f3n almacenada. Este tipo de carteras lo que nos ofrece es proteger m\u00e1s nuestras claves privadas y contrase\u00f1as ante posibles intentos de hackeos.<\/span><br data-mce-fragment=\"1\"><span data-mce-fragment=\"1\">Ledger cuenta con varias capas de seguridad para proteger nuestros activos ante cualquier tipo de amenaza, entre ellas:<\/span><br data-mce-fragment=\"1\"><span data-mce-fragment=\"1\">&#8211; N\u00famero PIN: En caso de robo o p\u00e9rdida, se garantiza que nadie pueda acceder si no sabe este c\u00f3digo. Cuando se introduce de manera incorrecta tres veces, la informaci\u00f3n se borra autom\u00e1ticamente.<\/span><br data-mce-fragment=\"1\"><span data-mce-fragment=\"1\">&#8211; BackUp: Cuando se inicia el dispositivo nos aparecen las palabras de recuperaci\u00f3n \u00abrecovery phrase\u00bb. Esta frase nos permite restaurar los datos almacenados en otro dispositivo en caso de p\u00e9rdida o robo.<\/span><\/p>\n<p>&nbsp;<\/p>\n<p><span data-mce-fragment=\"1\"><img loading=\"lazy\" decoding=\"async\" alt=\"Ledger Nano S - CoinCustody\" src=\"https:\/\/cdn.shopify.com\/s\/files\/1\/0576\/3380\/0307\/products\/LedgerNanoS_orbital.gif?v=1658928513\" width=\"415\" height=\"233\" style=\"margin-left: auto;margin-right: auto\"><\/span><\/p>\n","protected":false},"excerpt":{"rendered":"<p>Son monederos f\u00edsicos donde podemos almacenar una enorme cantidad de criptomonedas y tokens diferentes. Ledger Wallet son unas carteras fr\u00edas donde \u00fanicamente el propietario de la misma tiene acceso a la informaci\u00f3n almacenada. Este tipo de carteras lo que nos ofrece es proteger m\u00e1s nuestras claves privadas y contrase\u00f1as ante posibles intentos de hackeos.Ledger cuenta [&hellip;]<\/p>\n","protected":false},"featured_media":385,"comment_status":"open","ping_status":"closed","template":"","meta":[],"product_brand":[],"product_cat":[133],"product_tag":[52,244,138,137],"class_list":{"0":"post-384","1":"product","2":"type-product","3":"status-publish","4":"has-post-thumbnail","6":"product_cat-accesorios","7":"product_tag-asic","8":"product_tag-gme","9":"product_tag-mineros-para-avanzados","10":"product_tag-mineros-para-principiantes","12":"first","13":"instock","14":"taxable","15":"shipping-taxable","16":"purchasable","17":"product-type-simple"},"_links":{"self":[{"href":"https:\/\/pruebas.michollo.to\/es_es\/wp-json\/wp\/v2\/product\/384","targetHints":{"allow":["GET"]}}],"collection":[{"href":"https:\/\/pruebas.michollo.to\/es_es\/wp-json\/wp\/v2\/product"}],"about":[{"href":"https:\/\/pruebas.michollo.to\/es_es\/wp-json\/wp\/v2\/types\/product"}],"replies":[{"embeddable":true,"href":"https:\/\/pruebas.michollo.to\/es_es\/wp-json\/wp\/v2\/comments?post=384"}],"wp:featuredmedia":[{"embeddable":true,"href":"https:\/\/pruebas.michollo.to\/es_es\/wp-json\/wp\/v2\/media\/385"}],"wp:attachment":[{"href":"https:\/\/pruebas.michollo.to\/es_es\/wp-json\/wp\/v2\/media?parent=384"}],"wp:term":[{"taxonomy":"product_brand","embeddable":true,"href":"https:\/\/pruebas.michollo.to\/es_es\/wp-json\/wp\/v2\/product_brand?post=384"},{"taxonomy":"product_cat","embeddable":true,"href":"https:\/\/pruebas.michollo.to\/es_es\/wp-json\/wp\/v2\/product_cat?post=384"},{"taxonomy":"product_tag","embeddable":true,"href":"https:\/\/pruebas.michollo.to\/es_es\/wp-json\/wp\/v2\/product_tag?post=384"}],"curies":[{"name":"wp","href":"https:\/\/api.w.org\/{rel}","templated":true}]}}