{"id":5202,"date":"2024-07-03T13:08:46","date_gmt":"2024-07-03T15:08:46","guid":{"rendered":"https:\/\/www.minandovoy.com\/?post_type=product&#038;p=5202"},"modified":"2025-09-04T10:29:05","modified_gmt":"2025-09-04T08:29:05","slug":"antminer-hs3-8-55th","status":"publish","type":"product","link":"https:\/\/pruebas.michollo.to\/es_es\/producto\/antminer-hs3-8-55th\/","title":{"rendered":"Antminer HS3 8.55Th"},"content":{"rendered":"<p>\u00bfConoces la miner\u00eda de HANDSHAKE? Seguro que alguna vez has escuchado hablar de ella, el nuevo lanzamiento, Antminer HS3 8.55Th te convencer\u00e1 de querer minar esta criptomoneda.<\/p>\n<p>Pues esta m\u00e1quina es la m\u00e1s rentable para la miner\u00eda del algoritmo <a href=\"https:\/\/coinmarketcap.com\/es\/currencies\/handshake\/\"><b>Handshake<\/b><\/a>, con una potencia de minado de 8.55Th por segundo y un consumo de 2.079W\/Hora.<\/p>\n<p>Se trata de la ANTMINER HS3 8.55Th<\/p>\n<h3><b>\u00bfQu\u00e9 es Bitmain?<\/b><\/h3>\n<p><em>Bitmain<\/em>\u00a0es una compa\u00f1\u00eda con sede en Beijing, China. Es considerada una de las compa\u00f1\u00edas m\u00e1s importantes en la industria de criptomonedas al generar hardware de miner\u00eda\u00a0de alta calidad, con enormes capacidades mineras y por sus avances tecnol\u00f3gicos. Es la dise\u00f1adora\u00a0m\u00e1s grande del mundo\u00a0de\u00a0<a href=\"https:\/\/www.minandovoy.com\/categoria\/mineros\/\">equipos\u00a0<em>ASIC<\/em><\/a>\u00a0para la miner\u00eda\u00a0<em>Bitcoin<\/em>.<\/p>\n<p>Bitmain, es mayormente reconocido por el hardware de Bitcoin, aunque se interesa por aquellos proyectos que le aportan solidez a su empresa, como es en este caso Ethereum\/Ethereum Classic.<\/p>\n<p>En abril del 2021, el gran fabricante anunci\u00f3 el lanzamiento de una m\u00e1quina para la miner\u00eda de Ethreum cuyo nombre ser\u00eda,\u00a0<a href=\"https:\/\/www.asicminervalue.com\/miners\/bitmain\/antminer-e9-2-4gh\" target=\"_blank\" rel=\"noopener\">Antminer E9<\/a>. Esta verdadera bestia tiene el poder equivalente de 25\u00a0 GPU\u2019s Nvidia RTX 3080.<\/p>\n<p>&nbsp;<\/p>\n<h2>UN POCO SOBRE <a href=\"https:\/\/www.minandovoy.com\/tienda\/?algoritmos=handshake\">HANDSHAKE<\/a> y la miner\u00eda con la nueva antminer HS3 9T:<\/h2>\n<p>Handshake es un proyecto blockchain al que el equipo define como un \u00ab<strong>protocolo de nomenclatura descentralizado y sin permiso compatible con DNS<\/strong>\u00a0donde cada par est\u00e1 validando y a cargo de administrar la zona ra\u00edz con el objetivo de crear una alternativa a las autoridades de certificaci\u00f3n existentes\u00bb.<\/p>\n<p>Lo que pretende Handshake es <strong>remplazar el archivo de la zona ra\u00edz y los servidores ra\u00edz con un bien p\u00fablico<\/strong>. De esta forma, su protocolo mantiene el archivo de la zona ra\u00edz de manera descentralizada.<\/p>\n<p>Handshake pretende <strong>reemplazar las entidades digitales que actualmente autentican los pagos web<\/strong>. Adem\u00e1s, pretende recompensar a aquellos que contribuyan a la infraestructura esencial para Internet.<\/p>\n<p>&nbsp;<\/p>\n","protected":false},"excerpt":{"rendered":"<p>\u00bfConoces la miner\u00eda de HANDSHAKE? Seguro que alguna vez has escuchado hablar de ella, el nuevo lanzamiento, Antminer HS3 8.55Th te convencer\u00e1 de querer minar esta criptomoneda. Pues esta m\u00e1quina es la m\u00e1s rentable para la miner\u00eda del algoritmo Handshake, con una potencia de minado de 8.55Th por segundo y un consumo de 2.079W\/Hora. Se [&hellip;]<\/p>\n","protected":false},"featured_media":1269,"comment_status":"open","ping_status":"closed","template":"","meta":[],"product_brand":[],"product_cat":[19],"product_tag":[244],"class_list":{"0":"post-5202","1":"product","2":"type-product","3":"status-publish","4":"has-post-thumbnail","6":"product_cat-mineros","7":"product_tag-gme","9":"first","10":"outofstock","11":"taxable","12":"shipping-taxable","13":"purchasable","14":"product-type-simple"},"_links":{"self":[{"href":"https:\/\/pruebas.michollo.to\/es_es\/wp-json\/wp\/v2\/product\/5202","targetHints":{"allow":["GET"]}}],"collection":[{"href":"https:\/\/pruebas.michollo.to\/es_es\/wp-json\/wp\/v2\/product"}],"about":[{"href":"https:\/\/pruebas.michollo.to\/es_es\/wp-json\/wp\/v2\/types\/product"}],"replies":[{"embeddable":true,"href":"https:\/\/pruebas.michollo.to\/es_es\/wp-json\/wp\/v2\/comments?post=5202"}],"wp:featuredmedia":[{"embeddable":true,"href":"https:\/\/pruebas.michollo.to\/es_es\/wp-json\/wp\/v2\/media\/1269"}],"wp:attachment":[{"href":"https:\/\/pruebas.michollo.to\/es_es\/wp-json\/wp\/v2\/media?parent=5202"}],"wp:term":[{"taxonomy":"product_brand","embeddable":true,"href":"https:\/\/pruebas.michollo.to\/es_es\/wp-json\/wp\/v2\/product_brand?post=5202"},{"taxonomy":"product_cat","embeddable":true,"href":"https:\/\/pruebas.michollo.to\/es_es\/wp-json\/wp\/v2\/product_cat?post=5202"},{"taxonomy":"product_tag","embeddable":true,"href":"https:\/\/pruebas.michollo.to\/es_es\/wp-json\/wp\/v2\/product_tag?post=5202"}],"curies":[{"name":"wp","href":"https:\/\/api.w.org\/{rel}","templated":true}]}}