{"id":5300,"date":"2024-07-11T06:26:27","date_gmt":"2024-07-11T08:26:27","guid":{"rendered":"https:\/\/www.minandovoy.com\/?post_type=product&#038;p=5300"},"modified":"2026-02-23T13:18:13","modified_gmt":"2026-02-23T12:18:13","slug":"btc-luckyminer-lv07-hashrate-1th","status":"publish","type":"product","link":"https:\/\/pruebas.michollo.to\/es_es\/producto\/btc-luckyminer-lv07-hashrate-1th\/","title":{"rendered":"BTC Luckyminer lv07  Hashrate 1 th"},"content":{"rendered":"<h2 class=\"product-title-text\" data-spm-anchor-id=\"a2g0o.detail.1000016.i1.513c6c5dRhBZc0\">Luckyminer lv07<\/h2>\n<p>&nbsp;<\/p>\n<h2>Luckyminer lv07: mina menos, gana m\u00e1s. La oportunidad de un bitcoin est\u00e1 a solo un clic de distancia. \u00bfTe atreves a probar la suerte?<\/h2>\n<p>Presentamos Luckyminer <span class=\"a-list-item\">LV07 <\/span>: \u00a1un minero de loter\u00eda de Bitcoin plug-and-play que te brinda la oportunidad de ganar una recompensa de bloque completo cada 10 minutos! este modelo ofrece la opci\u00f3n de Minar en pool o en solitario .<\/p>\n<p>Consume 30 W<\/p>\n<p>Este modelo cuenta con ventilador y cable de conexi\u00f3n europeo .<\/p>\n<ul class=\"a-unordered-list a-vertical a-spacing-mini\">\n<li class=\"a-spacing-mini\"><span class=\"a-list-item\">[ Lucky miner LV07 ] es una m\u00e1quina de miner\u00eda de criptomonedas compacta, segura y port\u00e1til, que utiliza chip ASIC de 5 nm, dise\u00f1ada para la miner\u00eda personal y familiar. Esta m\u00e1quina minera utiliza tecnolog\u00eda avanzada y componentes de alta calidad para garantizar una alta eficiencia y un funcionamiento estable a largo plazo. La m\u00e1quina minera Lucky miner LV07 admite m\u00faltiples criptomonedas del algoritmo SHA-256 (BTC, BCH, BSV, DGB&#8230; y hasta 42 tipos), y es adecuada para m\u00faltiples modos de miner\u00eda (SOLO, PPLNS, PPS, PROP&#8230; .<\/span><\/li>\n<li class=\"a-spacing-mini\"><span class=\"a-list-item\">La m\u00e1quina minera LV07 es peque\u00f1a y exquisita, f\u00e1cil de transportar; adopta un dise\u00f1o de interfaz de CC y con un adaptador, se puede conectar f\u00e1cilmente a un enchufe de CA (100-240V), lo que le permite minar en cualquier momento y en cualquier lugar.<\/span><\/li>\n<li class=\"a-spacing-mini\"><span class=\"a-list-item\">La m\u00e1quina minera LV07 adopta algoritmos de miner\u00eda eficientes y chips ASIC profesionales de alta tecnolog\u00eda, que pueden proporcionar una tasa de hash estable (Hashrate) y una relaci\u00f3n de eficiencia energ\u00e9tica (Eficiencia energ\u00e9tica), ayudando a los mineros a obtener m\u00e1s beneficios de criptomonedas.<\/span><\/li>\n<li class=\"a-spacing-mini\"><span class=\"a-list-item\">La m\u00e1quina minera LV07 utiliza tecnolog\u00eda de cifrado de hardware para proteger sus datos de miner\u00eda y privacidad.<\/span><\/li>\n<li class=\"a-spacing-mini\"><span class=\"a-list-item\">La m\u00e1quina de miner\u00eda LV07 admite 42 criptomonedas del algoritmo SHA-256, como BTC, BCH, BSV, DGB&#8230; etc. ; es m\u00e1s adecuado para una variedad de modos de miner\u00eda (SOLO, PPLNS, PPS, PROP&#8230;), los usuarios pueden elegir diferentes monedas y diferentes modos de miner\u00eda para la miner\u00eda de acuerdo a sus propias necesidades, con un juego ilimitado y diversi\u00f3n sin fin.<\/span><\/li>\n<li class=\"a-spacing-mini\"><span class=\"a-list-item\">La m\u00e1quina minera LV07 no requiere configuraciones y administraci\u00f3n adicionales, solo plug and play. Los usuarios solo necesitan conectar la m\u00e1quina minera al enchufe de CA, configurar WiFi y comenzar a minar. Al mismo tiempo, la configuraci\u00f3n de la m\u00e1quina de miner\u00eda es adecuada para computadoras, tel\u00e9fonos m\u00f3viles y otros dispositivos que pueden conectarse a WIFI, por lo que es conveniente para los usuarios establecer par\u00e1metros y monitorear.<\/span><\/li>\n<\/ul>\n","protected":false},"excerpt":{"rendered":"<p>Luckyminer lv07 &nbsp; Luckyminer lv07: mina menos, gana m\u00e1s. La oportunidad de un bitcoin est\u00e1 a solo un clic de distancia. \u00bfTe atreves a probar la suerte? Presentamos Luckyminer LV07 : \u00a1un minero de loter\u00eda de Bitcoin plug-and-play que te brinda la oportunidad de ganar una recompensa de bloque completo cada 10 minutos! este modelo [&hellip;]<\/p>\n","protected":false},"featured_media":5724,"comment_status":"open","ping_status":"closed","template":"","meta":[],"product_brand":[],"product_cat":[19],"product_tag":[244,138,137],"class_list":{"0":"post-5300","1":"product","2":"type-product","3":"status-publish","4":"has-post-thumbnail","6":"product_cat-mineros","7":"product_tag-gme","8":"product_tag-mineros-para-avanzados","9":"product_tag-mineros-para-principiantes","10":"product_shipping_class-especial","12":"first","13":"instock","14":"taxable","15":"shipping-taxable","16":"purchasable","17":"product-type-simple"},"_links":{"self":[{"href":"https:\/\/pruebas.michollo.to\/es_es\/wp-json\/wp\/v2\/product\/5300","targetHints":{"allow":["GET"]}}],"collection":[{"href":"https:\/\/pruebas.michollo.to\/es_es\/wp-json\/wp\/v2\/product"}],"about":[{"href":"https:\/\/pruebas.michollo.to\/es_es\/wp-json\/wp\/v2\/types\/product"}],"replies":[{"embeddable":true,"href":"https:\/\/pruebas.michollo.to\/es_es\/wp-json\/wp\/v2\/comments?post=5300"}],"wp:featuredmedia":[{"embeddable":true,"href":"https:\/\/pruebas.michollo.to\/es_es\/wp-json\/wp\/v2\/media\/5724"}],"wp:attachment":[{"href":"https:\/\/pruebas.michollo.to\/es_es\/wp-json\/wp\/v2\/media?parent=5300"}],"wp:term":[{"taxonomy":"product_brand","embeddable":true,"href":"https:\/\/pruebas.michollo.to\/es_es\/wp-json\/wp\/v2\/product_brand?post=5300"},{"taxonomy":"product_cat","embeddable":true,"href":"https:\/\/pruebas.michollo.to\/es_es\/wp-json\/wp\/v2\/product_cat?post=5300"},{"taxonomy":"product_tag","embeddable":true,"href":"https:\/\/pruebas.michollo.to\/es_es\/wp-json\/wp\/v2\/product_tag?post=5300"}],"curies":[{"name":"wp","href":"https:\/\/api.w.org\/{rel}","templated":true}]}}