{"id":5361,"date":"2024-07-17T10:15:39","date_gmt":"2024-07-17T08:15:39","guid":{"rendered":"https:\/\/www.minandovoy.com\/?post_type=product&#038;p=5361"},"modified":"2025-05-09T14:47:00","modified_gmt":"2025-05-09T12:47:00","slug":"goldshell-ka-box-pro-alph-miner2-720","status":"publish","type":"product","link":"https:\/\/pruebas.michollo.to\/es_es\/producto\/goldshell-ka-box-pro-alph-miner2-720\/","title":{"rendered":"Goldshell AL BOX II 720GH\/S 360W Minero de Alephium ALPH Miner\u00eda"},"content":{"rendered":"<p>El<strong> Goldshell AL BOX II<\/strong> representa una actualizaci\u00f3n de su predecesor, el <strong>Goldshell AL BOX<\/strong>, que cuenta con el doble de hashrate y, en consecuencia, duplica las ganancias. Dise\u00f1ado para la miner\u00eda de monedas<strong> ALPH<\/strong>, el minero ASIC Goldshell AL Box <strong>720G 360W<\/strong> destaca por su eficiencia para las operaciones mineras dom\u00e9sticas. Su combinaci\u00f3n de rendimiento potente y eficiencia energ\u00e9tica lo convierte en una opci\u00f3n excelente para quienes buscan mejorar la rentabilidad y al mismo tiempo reducir los gastos operativos.<\/p>\n<p>Especificaciones<br \/>\nFabricante: Goldshell<br \/>\nModelo: AL-BOX II<br \/>\nTambi\u00e9n conocido como: Goldshell AL-BOX ALPH (Alephium) Minero 720Gh<br \/>\nFecha de lanzamiento: Agosto 2024<br \/>\nTama\u00f1o: 198 x 150 x 95 mm<br \/>\nPeso: 2300 g<br \/>\nNivel de ruido: 35 db<br \/>\nVentiladores: 2<br \/>\nTasa de hash: 720 GH<br \/>\nConsumo: 360 W<br \/>\nConexi\u00f3n: Ethernet<br \/>\nTemperatura de operaci\u00f3n: 5 &#8211; 35 \u00b0C<br \/>\nHumedad: 5 &#8211; 65%<\/p>\n","protected":false},"excerpt":{"rendered":"<p>El Goldshell AL BOX II representa una actualizaci\u00f3n de su predecesor, el Goldshell AL BOX, que cuenta con el doble de hashrate y, en consecuencia, duplica las ganancias. Dise\u00f1ado para la miner\u00eda de monedas ALPH, el minero ASIC Goldshell AL Box 720G 360W destaca por su eficiencia para las operaciones mineras dom\u00e9sticas. Su combinaci\u00f3n de [&hellip;]<\/p>\n","protected":false},"featured_media":3936,"comment_status":"open","ping_status":"closed","template":"","meta":[],"product_brand":[],"product_cat":[19],"product_tag":[53,138,137],"class_list":{"0":"post-5361","1":"product","2":"type-product","3":"status-publish","4":"has-post-thumbnail","6":"product_cat-mineros","7":"product_tag-goldshell-miner","8":"product_tag-mineros-para-avanzados","9":"product_tag-mineros-para-principiantes","11":"first","12":"outofstock","13":"taxable","14":"shipping-taxable","15":"purchasable","16":"product-type-simple"},"_links":{"self":[{"href":"https:\/\/pruebas.michollo.to\/es_es\/wp-json\/wp\/v2\/product\/5361","targetHints":{"allow":["GET"]}}],"collection":[{"href":"https:\/\/pruebas.michollo.to\/es_es\/wp-json\/wp\/v2\/product"}],"about":[{"href":"https:\/\/pruebas.michollo.to\/es_es\/wp-json\/wp\/v2\/types\/product"}],"replies":[{"embeddable":true,"href":"https:\/\/pruebas.michollo.to\/es_es\/wp-json\/wp\/v2\/comments?post=5361"}],"wp:featuredmedia":[{"embeddable":true,"href":"https:\/\/pruebas.michollo.to\/es_es\/wp-json\/wp\/v2\/media\/3936"}],"wp:attachment":[{"href":"https:\/\/pruebas.michollo.to\/es_es\/wp-json\/wp\/v2\/media?parent=5361"}],"wp:term":[{"taxonomy":"product_brand","embeddable":true,"href":"https:\/\/pruebas.michollo.to\/es_es\/wp-json\/wp\/v2\/product_brand?post=5361"},{"taxonomy":"product_cat","embeddable":true,"href":"https:\/\/pruebas.michollo.to\/es_es\/wp-json\/wp\/v2\/product_cat?post=5361"},{"taxonomy":"product_tag","embeddable":true,"href":"https:\/\/pruebas.michollo.to\/es_es\/wp-json\/wp\/v2\/product_tag?post=5361"}],"curies":[{"name":"wp","href":"https:\/\/api.w.org\/{rel}","templated":true}]}}