{"id":5938,"date":"2024-08-26T12:01:21","date_gmt":"2024-08-26T10:01:21","guid":{"rendered":"https:\/\/www.minandovoy.com\/?post_type=product&#038;p=5938"},"modified":"2026-02-23T13:17:39","modified_gmt":"2026-02-23T12:17:39","slug":"antminer-s19-xp-134th","status":"publish","type":"product","link":"https:\/\/pruebas.michollo.to\/es_es\/producto\/antminer-s19-xp-134th\/","title":{"rendered":"ANTMINER S19 XP 134TH"},"content":{"rendered":"<h3>ANTMINER S19 PRO<\/h3>\n<h3><b>\u00bfQu\u00e9 es Bitmain?<\/b><\/h3>\n<p><em>Bitmain<\/em>\u00a0es una compa\u00f1\u00eda con sede en Beijing, China. Es considerada una de las compa\u00f1\u00edas m\u00e1s importantes en la industria de criptomonedas al generar hardware de miner\u00eda\u00a0de alta calidad, con enormes capacidades mineras y por sus avances tecnol\u00f3gicos. Es la dise\u00f1adora\u00a0m\u00e1s grande del mundo\u00a0de equipos\u00a0<em>ASIC<\/em>\u00a0para la miner\u00eda\u00a0<em>Bitcoin<\/em>.<\/p>\n<p>Bitmain, es mayormente reconocido por el hardware de Bitcoin..<\/p>\n<p>&nbsp;<\/p>\n<h3><strong>UN POCO SOBRE BITCOIN<\/strong><\/h3>\n<p>Es la primera criptomoneda desarrollada y por lo tanto, la que ha marcado camino a todas las dem\u00e1s que llegaron despu\u00e9s utilizando su tecnolog\u00eda llamada cadena de bloques o Blockchain.<\/p>\n<p>Hay una cantidad de Bitcoins que se emiten cada a\u00f1o y esta cantidad est\u00e1 determinada por su algoritmo, cada 4 a\u00f1os se reduce por dos su producci\u00f3n, para que solo se emitan un total de 21 millones de Bitcoins.<\/p>\n<p>Aqu\u00ed tenemos la gran diferencia con las monedas convencionales, ya que los bancos modifican el valor . Esto ofrece a que la criptomoneda, en este caso el Bitcoin pueda ofrecer m\u00e1s estabilidad mientras que la convencional se deval\u00faa.<\/p>\n<p>A d\u00eda de hoy, se utiliza como m\u00e9todo de pago en muchas plataformas, las criptomonedas, la moneda de cambio en la mayor\u00eda de casos es Bitcoin, ya que so seguros y privados.<\/p>\n<p>&nbsp;<\/p>\n<h3><strong>PRINCIPALES VENTAJAS DE <a href=\"https:\/\/coinmarketcap.com\/es\/currencies\/bitcoin\/\">BITCOIN<\/a><\/strong><\/h3>\n<ol>\n<li>Rapidez: Enviarse dinero sin importar la cantidad y el destino, en cuesti\u00f3n de minutos.<\/li>\n<li>Econ\u00f3mico: Al realizar una transferencia por tu banco puede costarte mucho dinero, a trav\u00e9s de Bitcoin el coste es gratuito o de pocos c\u00e9ntimos.<\/li>\n<li>Global: Puedes enviar a cualquier parte del mundo, no tiene fronteras.<\/li>\n<li>Descentralizada: Ning\u00fan gobierno\/banco puede controlarlo, ni en su creaci\u00f3n ni mucho menos en su distribuci\u00f3n.<\/li>\n<li>Propiedad: El dinero te pertenece al 100%, no puede ser intervenido por nadie, eres tu propio banco.<\/li>\n<li>Transparente:\u00a0 Todas las transacciones son p\u00fablicas, pero siempre bajo pseud\u00f3nimos.<\/li>\n<li>Emisi\u00f3n limitada: Nadie puede generar miles de Bitcoins porque le apetezca, estos van apareciendo gracias a la miner\u00eda.<\/li>\n<li>Privado: Bitcoin trata de preservar la privacidad, en un grado muy alto, aunque no es completamente an\u00f3nimo trabaja para serlo.<\/li>\n<\/ol>\n<p>&nbsp;<\/p>\n<div><\/div>\n","protected":false},"excerpt":{"rendered":"<p>ANTMINER S19 PRO \u00bfQu\u00e9 es Bitmain? Bitmain\u00a0es una compa\u00f1\u00eda con sede en Beijing, China. Es considerada una de las compa\u00f1\u00edas m\u00e1s importantes en la industria de criptomonedas al generar hardware de miner\u00eda\u00a0de alta calidad, con enormes capacidades mineras y por sus avances tecnol\u00f3gicos. Es la dise\u00f1adora\u00a0m\u00e1s grande del mundo\u00a0de equipos\u00a0ASIC\u00a0para la miner\u00eda\u00a0Bitcoin. Bitmain, es mayormente [&hellip;]<\/p>\n","protected":false},"featured_media":464,"comment_status":"open","ping_status":"closed","template":"","meta":[],"product_brand":[],"product_cat":[19],"product_tag":[244,138,137],"class_list":{"0":"post-5938","1":"product","2":"type-product","3":"status-publish","4":"has-post-thumbnail","6":"product_cat-mineros","7":"product_tag-gme","8":"product_tag-mineros-para-avanzados","9":"product_tag-mineros-para-principiantes","11":"first","12":"instock","13":"featured","14":"taxable","15":"shipping-taxable","16":"purchasable","17":"product-type-simple"},"_links":{"self":[{"href":"https:\/\/pruebas.michollo.to\/es_es\/wp-json\/wp\/v2\/product\/5938","targetHints":{"allow":["GET"]}}],"collection":[{"href":"https:\/\/pruebas.michollo.to\/es_es\/wp-json\/wp\/v2\/product"}],"about":[{"href":"https:\/\/pruebas.michollo.to\/es_es\/wp-json\/wp\/v2\/types\/product"}],"replies":[{"embeddable":true,"href":"https:\/\/pruebas.michollo.to\/es_es\/wp-json\/wp\/v2\/comments?post=5938"}],"wp:featuredmedia":[{"embeddable":true,"href":"https:\/\/pruebas.michollo.to\/es_es\/wp-json\/wp\/v2\/media\/464"}],"wp:attachment":[{"href":"https:\/\/pruebas.michollo.to\/es_es\/wp-json\/wp\/v2\/media?parent=5938"}],"wp:term":[{"taxonomy":"product_brand","embeddable":true,"href":"https:\/\/pruebas.michollo.to\/es_es\/wp-json\/wp\/v2\/product_brand?post=5938"},{"taxonomy":"product_cat","embeddable":true,"href":"https:\/\/pruebas.michollo.to\/es_es\/wp-json\/wp\/v2\/product_cat?post=5938"},{"taxonomy":"product_tag","embeddable":true,"href":"https:\/\/pruebas.michollo.to\/es_es\/wp-json\/wp\/v2\/product_tag?post=5938"}],"curies":[{"name":"wp","href":"https:\/\/api.w.org\/{rel}","templated":true}]}}