{"id":6047,"date":"2024-09-06T12:34:08","date_gmt":"2024-09-06T10:34:08","guid":{"rendered":"https:\/\/www.minandovoy.com\/?post_type=product&#038;p=6047"},"modified":"2025-07-15T11:53:22","modified_gmt":"2025-07-15T09:53:22","slug":"goldshell-al-box-ii-plus-batch-september","status":"publish","type":"product","link":"https:\/\/pruebas.michollo.to\/es_es\/producto\/goldshell-al-box-ii-plus-batch-september\/","title":{"rendered":"Goldshell AL BOX II PLUS"},"content":{"rendered":"<p>El<strong> Goldshell AL BOX II<\/strong> <strong>PLUS<\/strong> representa una actualizaci\u00f3n de su predecesor, el <strong>Goldshell AL BOX<\/strong>, que cuenta con el doble de hashrate y, en consecuencia, duplica las ganancias. Dise\u00f1ado para la miner\u00eda de monedas<strong> ALPH<\/strong>, el minero ASIC Goldshell AL Box <strong>1Th\/s 480W<\/strong> destaca por su eficiencia para las operaciones mineras dom\u00e9sticas. Su combinaci\u00f3n de rendimiento potente y eficiencia energ\u00e9tica lo convierte en una opci\u00f3n excelente para quienes buscan mejorar la rentabilidad y al mismo tiempo reducir los gastos operativos.<\/p>\n<p>Especificaciones<br \/>\nFabricante: Goldshell<br \/>\nModelo: AL-BOX II PLUS<br \/>\nTambi\u00e9n conocido como: Goldshell AL-BOX II PLUS &#8211; ALPH (Alephium) Miner<br \/>\nFecha de lanzamiento: Septiembre 2024<br \/>\nTama\u00f1o: 198 x 150 x 87mm<br \/>\nPeso: 2200 g<br \/>\nNivel de ruido: 35 db<br \/>\nVentiladores: 2<br \/>\nTasa de hash: 720 GH<br \/>\nConsumo: 480 W<br \/>\nConexi\u00f3n: Ethernet<br \/>\nTemperatura de operaci\u00f3n: 5 &#8211; 45 \u00b0C<br \/>\nHumedad: 5 &#8211; 95%<\/p>\n","protected":false},"excerpt":{"rendered":"<p>El Goldshell AL BOX II PLUS representa una actualizaci\u00f3n de su predecesor, el Goldshell AL BOX, que cuenta con el doble de hashrate y, en consecuencia, duplica las ganancias. Dise\u00f1ado para la miner\u00eda de monedas ALPH, el minero ASIC Goldshell AL Box 1Th\/s 480W destaca por su eficiencia para las operaciones mineras dom\u00e9sticas. Su combinaci\u00f3n [&hellip;]<\/p>\n","protected":false},"featured_media":3936,"comment_status":"open","ping_status":"closed","template":"","meta":[],"product_brand":[],"product_cat":[19],"product_tag":[244,53,138,137],"class_list":{"0":"post-6047","1":"product","2":"type-product","3":"status-publish","4":"has-post-thumbnail","6":"product_cat-mineros","7":"product_tag-gme","8":"product_tag-goldshell-miner","9":"product_tag-mineros-para-avanzados","10":"product_tag-mineros-para-principiantes","12":"first","13":"outofstock","14":"sale","15":"taxable","16":"shipping-taxable","17":"purchasable","18":"product-type-simple"},"_links":{"self":[{"href":"https:\/\/pruebas.michollo.to\/es_es\/wp-json\/wp\/v2\/product\/6047","targetHints":{"allow":["GET"]}}],"collection":[{"href":"https:\/\/pruebas.michollo.to\/es_es\/wp-json\/wp\/v2\/product"}],"about":[{"href":"https:\/\/pruebas.michollo.to\/es_es\/wp-json\/wp\/v2\/types\/product"}],"replies":[{"embeddable":true,"href":"https:\/\/pruebas.michollo.to\/es_es\/wp-json\/wp\/v2\/comments?post=6047"}],"wp:featuredmedia":[{"embeddable":true,"href":"https:\/\/pruebas.michollo.to\/es_es\/wp-json\/wp\/v2\/media\/3936"}],"wp:attachment":[{"href":"https:\/\/pruebas.michollo.to\/es_es\/wp-json\/wp\/v2\/media?parent=6047"}],"wp:term":[{"taxonomy":"product_brand","embeddable":true,"href":"https:\/\/pruebas.michollo.to\/es_es\/wp-json\/wp\/v2\/product_brand?post=6047"},{"taxonomy":"product_cat","embeddable":true,"href":"https:\/\/pruebas.michollo.to\/es_es\/wp-json\/wp\/v2\/product_cat?post=6047"},{"taxonomy":"product_tag","embeddable":true,"href":"https:\/\/pruebas.michollo.to\/es_es\/wp-json\/wp\/v2\/product_tag?post=6047"}],"curies":[{"name":"wp","href":"https:\/\/api.w.org\/{rel}","templated":true}]}}