{"id":620,"date":"2022-10-25T10:32:03","date_gmt":"2022-10-25T14:32:03","guid":{"rendered":"https:\/\/pruebas.michollo.to\/?post_type=product&#038;p=620"},"modified":"2025-05-09T14:47:22","modified_gmt":"2025-05-09T12:47:22","slug":"cable-alimentacion-para-cpu-superior-a-1-500w","status":"publish","type":"product","link":"https:\/\/pruebas.michollo.to\/es_es\/producto\/cable-alimentacion-para-cpu-superior-a-1-500w\/","title":{"rendered":"Cable alimentaci\u00f3n para CPU superior a 1.500W"},"content":{"rendered":"<p>Cable de alimentaci\u00f3n compatible con Fuentes de ASICs y fuente de RIGs, de gran potencia.<\/p>\n<p><strong>Especificaciones:<\/strong><\/p>\n<ul>\n<li>Conexi\u00f3n A: Schuko Macho<\/li>\n<li>Conexi\u00f3n B: IEC-320-C19<\/li>\n<li>Di\u00e1metro de conductor 3x 1.00 mm\u00b2<\/li>\n<li>Dise\u00f1o del conector &#8211; lado A: Angular<\/li>\n<li>Dise\u00f1o del conector &#8211; lado B: Recto<\/li>\n<li>Longitud de cable: 2.0 m<\/li>\n<li>Material del conductor: Cobre<\/li>\n<li>Material exterior: PVC<\/li>\n<\/ul>\n","protected":false},"excerpt":{"rendered":"<p>Cable de alimentaci\u00f3n compatible con Fuentes de ASICs y fuente de RIGs, de gran potencia. Especificaciones: Conexi\u00f3n A: Schuko Macho Conexi\u00f3n B: IEC-320-C19 Di\u00e1metro de conductor 3x 1.00 mm\u00b2 Dise\u00f1o del conector &#8211; lado A: Angular Dise\u00f1o del conector &#8211; lado B: Recto Longitud de cable: 2.0 m Material del conductor: Cobre Material exterior: PVC<\/p>\n","protected":false},"featured_media":621,"comment_status":"open","ping_status":"closed","template":"","meta":[],"product_brand":[],"product_cat":[20],"product_tag":[52,135],"class_list":{"0":"post-620","1":"product","2":"type-product","3":"status-publish","4":"has-post-thumbnail","6":"product_cat-componentes","7":"product_tag-asic","8":"product_tag-rig","10":"first","11":"instock","12":"taxable","13":"shipping-taxable","14":"purchasable","15":"product-type-simple"},"_links":{"self":[{"href":"https:\/\/pruebas.michollo.to\/es_es\/wp-json\/wp\/v2\/product\/620","targetHints":{"allow":["GET"]}}],"collection":[{"href":"https:\/\/pruebas.michollo.to\/es_es\/wp-json\/wp\/v2\/product"}],"about":[{"href":"https:\/\/pruebas.michollo.to\/es_es\/wp-json\/wp\/v2\/types\/product"}],"replies":[{"embeddable":true,"href":"https:\/\/pruebas.michollo.to\/es_es\/wp-json\/wp\/v2\/comments?post=620"}],"wp:featuredmedia":[{"embeddable":true,"href":"https:\/\/pruebas.michollo.to\/es_es\/wp-json\/wp\/v2\/media\/621"}],"wp:attachment":[{"href":"https:\/\/pruebas.michollo.to\/es_es\/wp-json\/wp\/v2\/media?parent=620"}],"wp:term":[{"taxonomy":"product_brand","embeddable":true,"href":"https:\/\/pruebas.michollo.to\/es_es\/wp-json\/wp\/v2\/product_brand?post=620"},{"taxonomy":"product_cat","embeddable":true,"href":"https:\/\/pruebas.michollo.to\/es_es\/wp-json\/wp\/v2\/product_cat?post=620"},{"taxonomy":"product_tag","embeddable":true,"href":"https:\/\/pruebas.michollo.to\/es_es\/wp-json\/wp\/v2\/product_tag?post=620"}],"curies":[{"name":"wp","href":"https:\/\/api.w.org\/{rel}","templated":true}]}}