{"id":642,"date":"2022-10-25T10:27:08","date_gmt":"2022-10-25T12:27:08","guid":{"rendered":"https:\/\/pruebas.michollo.to\/?post_type=product&#038;p=642"},"modified":"2026-02-23T13:53:36","modified_gmt":"2026-02-23T12:53:36","slug":"aceite-dielectrico-para-sistema-de-refrigeracion","status":"publish","type":"product","link":"https:\/\/pruebas.michollo.to\/es_es\/producto\/aceite-dielectrico-para-sistema-de-refrigeracion\/","title":{"rendered":"Aceite diel\u00e9ctrico para sistema de refrigeraci\u00f3n"},"content":{"rendered":"<p>Con este aceite podr\u00e1s sumergir las m\u00e1quinas en el sistema de refrigeraci\u00f3n.<\/p>\n<p>Tenemos varios packs de Litros de Aceite Diel\u00e9ctrico para que elijas el que mejor se adapta a lo que buscas.<\/p>\n<ul>\n<li>Act\u00faa como medio de refrigeraci\u00f3n y aislante.<\/li>\n<li>Estabilidad frente a la luz y al calor.<\/li>\n<li>Alta resistencia diel\u00e9ctrica.<\/li>\n<li>Bajo punto de congelaci\u00f3n.<\/li>\n<\/ul>\n","protected":false},"excerpt":{"rendered":"<p>Con este aceite podr\u00e1s sumergir las m\u00e1quinas en el sistema de refrigeraci\u00f3n. Tenemos varios packs de Litros de Aceite Diel\u00e9ctrico para que elijas el que mejor se adapta a lo que buscas. Act\u00faa como medio de refrigeraci\u00f3n y aislante. Estabilidad frente a la luz y al calor. Alta resistencia diel\u00e9ctrica. Bajo punto de congelaci\u00f3n.<\/p>\n","protected":false},"featured_media":651,"comment_status":"open","ping_status":"closed","template":"","meta":[],"product_brand":[],"product_cat":[133],"product_tag":[],"class_list":{"0":"post-642","1":"product","2":"type-product","3":"status-publish","4":"has-post-thumbnail","6":"product_cat-accesorios","8":"first","9":"instock","10":"taxable","11":"shipping-taxable","12":"purchasable","13":"product-type-simple"},"_links":{"self":[{"href":"https:\/\/pruebas.michollo.to\/es_es\/wp-json\/wp\/v2\/product\/642","targetHints":{"allow":["GET"]}}],"collection":[{"href":"https:\/\/pruebas.michollo.to\/es_es\/wp-json\/wp\/v2\/product"}],"about":[{"href":"https:\/\/pruebas.michollo.to\/es_es\/wp-json\/wp\/v2\/types\/product"}],"replies":[{"embeddable":true,"href":"https:\/\/pruebas.michollo.to\/es_es\/wp-json\/wp\/v2\/comments?post=642"}],"wp:featuredmedia":[{"embeddable":true,"href":"https:\/\/pruebas.michollo.to\/es_es\/wp-json\/wp\/v2\/media\/651"}],"wp:attachment":[{"href":"https:\/\/pruebas.michollo.to\/es_es\/wp-json\/wp\/v2\/media?parent=642"}],"wp:term":[{"taxonomy":"product_brand","embeddable":true,"href":"https:\/\/pruebas.michollo.to\/es_es\/wp-json\/wp\/v2\/product_brand?post=642"},{"taxonomy":"product_cat","embeddable":true,"href":"https:\/\/pruebas.michollo.to\/es_es\/wp-json\/wp\/v2\/product_cat?post=642"},{"taxonomy":"product_tag","embeddable":true,"href":"https:\/\/pruebas.michollo.to\/es_es\/wp-json\/wp\/v2\/product_tag?post=642"}],"curies":[{"name":"wp","href":"https:\/\/api.w.org\/{rel}","templated":true}]}}