{"id":643,"date":"2022-10-25T10:27:36","date_gmt":"2022-10-25T12:27:36","guid":{"rendered":"https:\/\/pruebas.michollo.to\/?post_type=product&#038;p=643"},"modified":"2025-05-09T14:47:24","modified_gmt":"2025-05-09T12:47:24","slug":"caja-de-insonorizacion-asic","status":"publish","type":"product","link":"https:\/\/pruebas.michollo.to\/es_es\/producto\/caja-de-insonorizacion-asic\/","title":{"rendered":"Caja de insonorizaci\u00f3n ASIC"},"content":{"rendered":"<p>Este reductor de sonido es perfecto para una o dos m\u00e1quinas de miner\u00eda de criptomonedas (ASICs).<\/p>\n<p>Puede utilizarse en todo tipo de m\u00e1quinas Antminer, adem\u00e1s de eso tambi\u00e9n enfr\u00eda el minero, por lo que reduce su temperatura y el ruido y por supuesto tambi\u00e9n podemos aislar el polvo y conseguir que la placa y la m\u00e1quina no se da\u00f1en, y tener de esta manera conservar el estado del ASIC.<\/p>\n<ul>\n<li>Caja hecha de PVC de alta densidad, ign\u00edfuga.<\/li>\n<li>Reducci\u00f3n del ruido desde\u00a0 30dB.<\/li>\n<\/ul>\n","protected":false},"excerpt":{"rendered":"<p>Este reductor de sonido es perfecto para una o dos m\u00e1quinas de miner\u00eda de criptomonedas (ASICs). Puede utilizarse en todo tipo de m\u00e1quinas Antminer, adem\u00e1s de eso tambi\u00e9n enfr\u00eda el minero, por lo que reduce su temperatura y el ruido y por supuesto tambi\u00e9n podemos aislar el polvo y conseguir que la placa y la [&hellip;]<\/p>\n","protected":false},"featured_media":644,"comment_status":"open","ping_status":"closed","template":"","meta":[],"product_brand":[],"product_cat":[133],"product_tag":[],"class_list":{"0":"post-643","1":"product","2":"type-product","3":"status-publish","4":"has-post-thumbnail","6":"product_cat-accesorios","7":"product_shipping_class-especial","9":"first","10":"outofstock","11":"taxable","12":"shipping-taxable","13":"purchasable","14":"product-type-simple"},"_links":{"self":[{"href":"https:\/\/pruebas.michollo.to\/es_es\/wp-json\/wp\/v2\/product\/643","targetHints":{"allow":["GET"]}}],"collection":[{"href":"https:\/\/pruebas.michollo.to\/es_es\/wp-json\/wp\/v2\/product"}],"about":[{"href":"https:\/\/pruebas.michollo.to\/es_es\/wp-json\/wp\/v2\/types\/product"}],"replies":[{"embeddable":true,"href":"https:\/\/pruebas.michollo.to\/es_es\/wp-json\/wp\/v2\/comments?post=643"}],"wp:featuredmedia":[{"embeddable":true,"href":"https:\/\/pruebas.michollo.to\/es_es\/wp-json\/wp\/v2\/media\/644"}],"wp:attachment":[{"href":"https:\/\/pruebas.michollo.to\/es_es\/wp-json\/wp\/v2\/media?parent=643"}],"wp:term":[{"taxonomy":"product_brand","embeddable":true,"href":"https:\/\/pruebas.michollo.to\/es_es\/wp-json\/wp\/v2\/product_brand?post=643"},{"taxonomy":"product_cat","embeddable":true,"href":"https:\/\/pruebas.michollo.to\/es_es\/wp-json\/wp\/v2\/product_cat?post=643"},{"taxonomy":"product_tag","embeddable":true,"href":"https:\/\/pruebas.michollo.to\/es_es\/wp-json\/wp\/v2\/product_tag?post=643"}],"curies":[{"name":"wp","href":"https:\/\/api.w.org\/{rel}","templated":true}]}}