{"id":8628,"date":"2024-09-30T16:33:50","date_gmt":"2024-09-30T14:33:50","guid":{"rendered":"https:\/\/www.minandovoy.com\/?post_type=product&#038;p=8628"},"modified":"2025-08-07T11:21:00","modified_gmt":"2025-08-07T09:21:00","slug":"asic-iceriver-ks2-lite-kaspa-kas-2-th-sv-preorder-noviembre","status":"publish","type":"product","link":"https:\/\/pruebas.michollo.to\/es_es\/producto\/asic-iceriver-ks2-lite-kaspa-kas-2-th-sv-preorder-noviembre\/","title":{"rendered":"ASIC ICERIVER KS2 LITE KASPA (KAS) \u2013 2 TH\/s"},"content":{"rendered":"<p>El\u00a0<strong>Iceriver Ks2 Lite(2Th) de Iceriver\u00a0 <\/strong>es un minero ASIC de alta gama, dise\u00f1ado espec\u00edficamente para el algoritmo <b>kHeavyHash<\/b>\u00a0. Con un hashrate m\u00e1ximo de\u00a0<strong>2 Th\/s<\/strong>\u00a0y un consumo de energ\u00eda de\u00a0<strong>500w<\/strong>, esta m\u00e1quina se posiciona como una de las m\u00e1s eficientes y rentables del mercado. Ideal para quienes buscan maximizar sus ingresos en la miner\u00eda de criptomonedas. Este modelo estar\u00e1 disponible por primera vez en<strong> Noviembre de 2024.<br \/>\n<\/strong><\/p>\n<div class=\"asicminer-widget-container\" style=\"width: 100%; min-height: 300px;\">\n            <iframe id=\"asicminer-widget-6998\" \n                    src=\"https:\/\/pruebas.michollo.to\/wp-content\/themes\/minandovoy\/proxy-widget.php?miner=iceriver\/ks2-lite&#038;type=profit&#038;theme=dark\" \n                    width=\"100%\" \n                    height=\"300\" \n                    frameborder=\"0\"\n                    loading=\"lazy\"\n                    style=\"border: none; overflow: hidden;\"\n                    title=\"ASIC Miner Widget\">\n            <\/iframe>\n        <\/div>\n<h4>Especificaciones<\/h4>\n<ul>\n<li><strong>Fabricante:<\/strong> Iceriver<\/li>\n<li><strong>Modelo:<\/strong> \u00a0Iceriver Ks2 Lite(2Th Kaspa Miner (2Th\/s)<\/li>\n<li><strong>Tambi\u00e9n conocido como:<\/strong> IceRiver KS2 Lite<\/li>\n<li><strong>Lanzamiento:<\/strong> Octubre2024<\/li>\n<li><strong>Tama\u00f1o:<\/strong> 198 x 201 x 110 (mm)<\/li>\n<li><strong>Peso:<\/strong> 5000g<\/li>\n<li><strong>Nivel de ruido:<\/strong> 75 db<\/li>\n<li><strong>Refrigeraci\u00f3n:<\/strong> Aire<\/li>\n<li><strong>Ventiladores:<\/strong> 4<\/li>\n<li><strong>Consumo de energ\u00eda:<\/strong> 500W<\/li>\n<li><strong>Interfaz:<\/strong> Ethernet<\/li>\n<li><strong>Temperatura de operaci\u00f3n:<\/strong> 5 &#8211; 45 \u00b0C<\/li>\n<li><strong>Humedad:<\/strong> 5 &#8211; 95%<\/li>\n<\/ul>\n<p>\u00a1Optimiza tus operaciones mineras con el <strong>Iceriver Ks2 Lite(2Th) <\/strong> y aprovecha al m\u00e1ximo su potencia y eficiencia!<\/p>\n","protected":false},"excerpt":{"rendered":"<p>El\u00a0Iceriver Ks2 Lite(2Th) de Iceriver\u00a0 es un minero ASIC de alta gama, dise\u00f1ado espec\u00edficamente para el algoritmo kHeavyHash\u00a0. Con un hashrate m\u00e1ximo de\u00a02 Th\/s\u00a0y un consumo de energ\u00eda de\u00a0500w, esta m\u00e1quina se posiciona como una de las m\u00e1s eficientes y rentables del mercado. Ideal para quienes buscan maximizar sus ingresos en la miner\u00eda de criptomonedas. [&hellip;]<\/p>\n","protected":false},"featured_media":8616,"comment_status":"open","ping_status":"closed","template":"","meta":[],"product_brand":[],"product_cat":[19],"product_tag":[52,244,137],"class_list":{"0":"post-8628","1":"product","2":"type-product","3":"status-publish","4":"has-post-thumbnail","6":"product_cat-mineros","7":"product_tag-asic","8":"product_tag-gme","9":"product_tag-mineros-para-principiantes","10":"product_shipping_class-internacional","12":"first","13":"outofstock","14":"taxable","15":"shipping-taxable","16":"purchasable","17":"product-type-simple"},"_links":{"self":[{"href":"https:\/\/pruebas.michollo.to\/es_es\/wp-json\/wp\/v2\/product\/8628","targetHints":{"allow":["GET"]}}],"collection":[{"href":"https:\/\/pruebas.michollo.to\/es_es\/wp-json\/wp\/v2\/product"}],"about":[{"href":"https:\/\/pruebas.michollo.to\/es_es\/wp-json\/wp\/v2\/types\/product"}],"replies":[{"embeddable":true,"href":"https:\/\/pruebas.michollo.to\/es_es\/wp-json\/wp\/v2\/comments?post=8628"}],"wp:featuredmedia":[{"embeddable":true,"href":"https:\/\/pruebas.michollo.to\/es_es\/wp-json\/wp\/v2\/media\/8616"}],"wp:attachment":[{"href":"https:\/\/pruebas.michollo.to\/es_es\/wp-json\/wp\/v2\/media?parent=8628"}],"wp:term":[{"taxonomy":"product_brand","embeddable":true,"href":"https:\/\/pruebas.michollo.to\/es_es\/wp-json\/wp\/v2\/product_brand?post=8628"},{"taxonomy":"product_cat","embeddable":true,"href":"https:\/\/pruebas.michollo.to\/es_es\/wp-json\/wp\/v2\/product_cat?post=8628"},{"taxonomy":"product_tag","embeddable":true,"href":"https:\/\/pruebas.michollo.to\/es_es\/wp-json\/wp\/v2\/product_tag?post=8628"}],"curies":[{"name":"wp","href":"https:\/\/api.w.org\/{rel}","templated":true}]}}