{"id":938,"date":"2022-11-15T09:32:09","date_gmt":"2022-11-15T11:32:09","guid":{"rendered":"https:\/\/www.minandovoy.com\/?post_type=product&#038;p=938"},"modified":"2025-05-09T14:47:21","modified_gmt":"2025-05-09T12:47:21","slug":"blackminer-l1","status":"publish","type":"product","link":"https:\/\/pruebas.michollo.to\/es_es\/producto\/blackminer-l1\/","title":{"rendered":"Bluestar Blackminer L1"},"content":{"rendered":"<p>Esta m\u00e1quina, se encuentra dentro del <a href=\"https:\/\/www.asicminervalue.com\/\">TOP 10<\/a> de m\u00e1quinas m\u00e1s rentables, ocupando de<br \/>\nel puesto n\u00famero 9 siendo este puesto correspondiente a la Blackminer L1\u00a0 de 4.3 Gh Por encima est\u00e1 la Antminer S19 Pro Hyd\u00a0 177Th de Bitcoin, por lo que podemos decir que<br \/>\ndentro del TOP 10 se encuentra esta m\u00e1quina.<br \/>\nVamos a hablar en general sobre las caracter\u00edsticas de la Blackminer L1.<br \/>\nPor ahora, es uno de los ASIC de miner\u00eda combinada m\u00e1s potentes del mercado, hablamos de<br \/>\nLITECOIN + DOGECOIN.<\/p>\n<h4><em><strong>\u00bfA todos nos suena Bitcoin verdad? Pues quiz\u00e1s esto te interese.<\/strong><\/em><\/h4>\n<p>LiteCoin en un primer momento, fue una bifurcaci\u00f3n de Bitcoin, y es una de las<br \/>\ncriptomonedas que, a trav\u00e9s de la miner\u00eda con ASIC, puede garantizar rentabilidad al<br \/>\noperador.<\/p>\n<h3><strong>MINER\u00cdA DE SCRYPT:<\/strong><\/h3>\n<p><a href=\"https:\/\/www.minandovoy.com\/categoria\/mineros\/?algoritmos=scrypt\">Scrypt<\/a> realiza un hash utilizado un clave y una serie de puntos marcados en el algoritmo,<br \/>\nagregando mucho ruido. El ruido son n\u00fameros aleatorios generados por el propio<br \/>\nalgoritmo y almacenados en la memoria.<br \/>\nEl prop\u00f3sito de estos n\u00fameros es camuflar los datos claves para hacer m\u00e1s dif\u00edcil romper<br \/>\nlos bloques hash. En definitiva, es una medida protectora que evita que personas<br \/>\nmaliciosas puedan acceder a los datos protegidos con Scrypt.<\/p>\n<h3><strong>LITECOIN:<\/strong><\/h3>\n<p>LiteCoin es una cripto creada para proporcionar pagos seguros, baratos y r\u00e1pidos,<br \/>\ngracias a la tecnolog\u00eda de cadena de bloques.<br \/>\nCuando decimos que es una bifurcaci\u00f3n de Bitcoin, es que literalmente fue pensada, as\u00ed<br \/>\ncomo una versi\u00f3n \u201clite\u201d, peque\u00f1a, de la gran criptomoneda.<br \/>\nEsta red fue puesta en marcha el pasado 13 de octubre de 2011.<br \/>\nCon 11 a\u00f1os de trayectoria ha conseguido tener la aceptaci\u00f3n entre los comerciantes y<br \/>\nha sido incluida entre las diez criptomonedas principales por capitalizaci\u00f3n de mercado<br \/>\npara la mayor parte de su existencia.<\/p>\n<h3><strong>DOGECOIN:<\/strong><\/h3>\n<p>Esta criptomoneda naci\u00f3 en el mercado como parte de un meme en 2013, pero m\u00e1s<br \/>\ntarde su comunidad tom\u00f3 la decisi\u00f3n de cambiar la red al AUXPOW, fusion\u00e1ndose as\u00ed<br \/>\ncon la red de LTC en septiembre de 2014. Esta medida supuso que el valor de Dogecoin<br \/>\nincrementara m\u00e1s de un 180% en tan s\u00f3lo unas pocas semanas.<br \/>\nLiteCoin es la criptomoneda n\u00famero 7 m\u00e1s empleada por la capitalizaci\u00f3n de mercado,<br \/>\nlo que ha permitido a Doge mejorar significativamente su seguridad, al contar con un<br \/>\npoder de c\u00f3mputo mucho mayor.<\/p>\n<p>BLACKMINER L1 4.3GH:<br \/>\nEl modelo de 4.3GH\u00a0 mina el algoritmo Scrypt, con un consumo de 3.450W\/Hora.<br \/>\nAdem\u00e1s, se considera de categor\u00eda industrial por su nivel de ruido que supera los 70 db.<br \/>\n18\/10\/22 Actualmente, genera al d\u00eda: 0.06443292 LTC + 112.6541 DOGE<\/p>\n<p><iframe loading=\"lazy\" title=\"YouTube video player\" src=\"https:\/\/www.youtube.com\/embed\/RbVABNdXT1c\" width=\"560\" height=\"315\" frameborder=\"0\" allowfullscreen=\"allowfullscreen\"><\/iframe><\/p>\n","protected":false},"excerpt":{"rendered":"<p>Esta m\u00e1quina, se encuentra dentro del TOP 10 de m\u00e1quinas m\u00e1s rentables, ocupando de el puesto n\u00famero 9 siendo este puesto correspondiente a la Blackminer L1\u00a0 de 4.3 Gh Por encima est\u00e1 la Antminer S19 Pro Hyd\u00a0 177Th de Bitcoin, por lo que podemos decir que dentro del TOP 10 se encuentra esta m\u00e1quina. Vamos [&hellip;]<\/p>\n","protected":false},"featured_media":939,"comment_status":"open","ping_status":"closed","template":"","meta":[],"product_brand":[],"product_cat":[19],"product_tag":[138],"class_list":{"0":"post-938","1":"product","2":"type-product","3":"status-publish","4":"has-post-thumbnail","6":"product_cat-mineros","7":"product_tag-mineros-para-avanzados","9":"first","10":"outofstock","11":"sold-individually","12":"taxable","13":"shipping-taxable","14":"purchasable","15":"product-type-simple"},"_links":{"self":[{"href":"https:\/\/pruebas.michollo.to\/es_es\/wp-json\/wp\/v2\/product\/938","targetHints":{"allow":["GET"]}}],"collection":[{"href":"https:\/\/pruebas.michollo.to\/es_es\/wp-json\/wp\/v2\/product"}],"about":[{"href":"https:\/\/pruebas.michollo.to\/es_es\/wp-json\/wp\/v2\/types\/product"}],"replies":[{"embeddable":true,"href":"https:\/\/pruebas.michollo.to\/es_es\/wp-json\/wp\/v2\/comments?post=938"}],"wp:featuredmedia":[{"embeddable":true,"href":"https:\/\/pruebas.michollo.to\/es_es\/wp-json\/wp\/v2\/media\/939"}],"wp:attachment":[{"href":"https:\/\/pruebas.michollo.to\/es_es\/wp-json\/wp\/v2\/media?parent=938"}],"wp:term":[{"taxonomy":"product_brand","embeddable":true,"href":"https:\/\/pruebas.michollo.to\/es_es\/wp-json\/wp\/v2\/product_brand?post=938"},{"taxonomy":"product_cat","embeddable":true,"href":"https:\/\/pruebas.michollo.to\/es_es\/wp-json\/wp\/v2\/product_cat?post=938"},{"taxonomy":"product_tag","embeddable":true,"href":"https:\/\/pruebas.michollo.to\/es_es\/wp-json\/wp\/v2\/product_tag?post=938"}],"curies":[{"name":"wp","href":"https:\/\/api.w.org\/{rel}","templated":true}]}}