{"id":994,"date":"2022-11-21T14:06:51","date_gmt":"2022-11-21T16:06:51","guid":{"rendered":"https:\/\/www.minandovoy.com\/?post_type=product&#038;p=994"},"modified":"2026-02-23T13:21:53","modified_gmt":"2026-02-23T12:21:53","slug":"antminer-k7-63-5t","status":"publish","type":"product","link":"https:\/\/pruebas.michollo.to\/es_es\/producto\/antminer-k7-63-5t\/","title":{"rendered":"Bitmain Antminer K7 63.5T"},"content":{"rendered":"<h2 id=\"h-consecuencias-del-merge-de-ethereum\">Apuesta segura para Bitmain, Antminer K7.<\/h2>\n<p>\u00bfCrees que no podemos sorprenderte? \u00a1Espera, qu\u00e9date a leer todo sobre esta<br \/>\nnueva m\u00e1quina de <a href=\"https:\/\/www.minandovoy.com\/antminer-k7-nuevo-lanzamiento-de-bitmain\/\">Bitmain ANTMINER K7<\/a>!<\/p>\n<p>Se trata de la Antminer K7, que cuenta con una potencia de minado de 63.5T y un consumo el\u00e9ctrico de 3.080w\/h. Esta m\u00e1quina mina el algoritmo EAGLESONG, cuya \u00fanica moneda es Nervos.<\/p>\n<p>Cuentan con un consumo de 3080W a la hora,\u00a0 est\u00e1 generando <strong>40$<\/strong> al d\u00eda.<br \/>\nEste ASIC mina el algoritmo EAGLESONG, cuya \u00fanica moneda es la conocida Nervos.<\/p>\n<div class=\"asicminer-widget-container\" style=\"width: 100%; min-height: 300px;\">\n            <iframe id=\"asicminer-widget-5825\" \n                    src=\"https:\/\/pruebas.michollo.to\/wp-content\/themes\/minandovoy\/proxy-widget.php?miner=bitmain\/antminer-k7-63-5th&#038;type=profit&#038;theme=dark\" \n                    width=\"100%\" \n                    height=\"300\" \n                    frameborder=\"0\"\n                    loading=\"lazy\"\n                    style=\"border: none; overflow: hidden;\"\n                    title=\"ASIC Miner Widget\">\n            <\/iframe>\n        <\/div>\n<p>Os contamos un poco m\u00e1s sobre ella:<\/p>\n<p><b>Nervos, y su red de miner\u00eda:<\/b><\/p>\n<p>La miner\u00eda de Nervos (CKB) se refiere al proceso de validar transacciones y asegurar la red de la plataforma blockchain de Nervos, que utiliza el algoritmo de consenso Proof-of-Work (PoW).<\/p>\n<ol>\n<li><strong>Algoritmo de consenso<\/strong>: Nervos utiliza el algoritmo de consenso Proof-of-Work (PoW) para garantizar la seguridad y la integridad de la red. El PoW implica que los mineros resuelvan complejos problemas criptogr\u00e1ficos utilizando su poder de procesamiento y compitan para encontrar la soluci\u00f3n correcta.<\/li>\n<li><strong>Algoritmo de hash:<\/strong> El algoritmo de hash utilizado en la miner\u00eda de Nervos es el Eaglesong. Eaglesong es un algoritmo de hash criptogr\u00e1fico dise\u00f1ado espec\u00edficamente para Nervos y se utiliza para calcular los bloques de la cadena de bloques y asegurar la integridad de las transacciones.<\/li>\n<li><strong>Recompensas de miner\u00eda<\/strong>: Los mineros de Nervos reciben recompensas por su participaci\u00f3n en el proceso de miner\u00eda. Las recompensas incluyen tanto las nuevas monedas CKB reci\u00e9n creadas como las tarifas de transacci\u00f3n pagadas por los usuarios. Las recompensas se distribuyen entre los mineros en funci\u00f3n de su poder de hash y su contribuci\u00f3n al proceso de miner\u00eda.<\/li>\n<li><strong>Equipo de miner\u00eda<\/strong>: La miner\u00eda de Nervos se puede realizar utilizando hardware ASIC, como la nueva m\u00e1quina que ha sacado Bitmain, que se trata de la Antminer K7 63.5T.<\/li>\n<li><strong>Pools de miner\u00eda<\/strong>: Al igual que en otras criptomonedas, los mineros de Nervos tienen la opci\u00f3n de unirse a pools de miner\u00eda. Los pools de miner\u00eda permiten que los mineros combinen su poder de hash y aumenten sus posibilidades de resolver bloques y recibir recompensas de manera m\u00e1s regular. Las recompensas se distribuyen entre los miembros del pool en funci\u00f3n de su contribuci\u00f3n relativa al poder de hash total del pool.<\/li>\n<li><strong>Rentabilidad y factores a considerar<\/strong>: La rentabilidad de la miner\u00eda de Nervos depende de varios factores, como el costo de la electricidad, el precio de las criptomonedas, la dificultad de la red y la eficiencia del hardware utilizado. Es importante considerar estos factores y realizar c\u00e1lculos de rentabilidad antes de embarcarse en la miner\u00eda.<\/li>\n<\/ol>\n<p><strong>Token CKB<\/strong><\/p>\n<p>El token CKB es la criptomoneda nativa de la plataforma blockchain de Nervos Network.<\/p>\n<ol>\n<li>F<strong>unci\u00f3n y utilidad<\/strong>: CKB, abreviatura de &#8220;Common Knowledge Base&#8221;, se utiliza como la moneda nativa en la red de Nervos. Tiene varias funciones y utilidades dentro del ecosistema de Nervos:\n<ul>\n<li>Pago de tarifas: Los usuarios de la red de Nervos deben pagar una peque\u00f1a cantidad de CKB como tarifa por enviar transacciones o ejecutar contratos inteligentes en la red.<\/li>\n<li>Incentivos para mineros: Los mineros que aseguran la red y validan transacciones tambi\u00e9n reciben recompensas en forma de nuevas monedas CKB. Estas recompensas son una combinaci\u00f3n de bloques reci\u00e9n generados y las tarifas de transacci\u00f3n recolectadas.<\/li>\n<li>Participaci\u00f3n en gobernanza: Los titulares de CKB pueden participar en la gobernanza de la red, como votar en propuestas de mejora y participar en la toma de decisiones relacionadas con la evoluci\u00f3n y desarrollo de la red de Nervos.<\/li>\n<\/ul>\n<\/li>\n<li><strong>Suministro y emisi\u00f3n<\/strong>: El suministro total de CKB es de aproximadamente 33,6 mil millones de tokens. A diferencia de algunas criptomonedas con suministro fijo, Nervos tiene un modelo de emisi\u00f3n inflacionario que est\u00e1 dise\u00f1ado para incentivar la participaci\u00f3n de los mineros y asegurar la seguridad de la red a largo plazo. La emisi\u00f3n de CKB est\u00e1 programada para disminuir gradualmente con el tiempo.<\/li>\n<li><strong>Interoperabilidad<\/strong>: El token CKB es compatible con los est\u00e1ndares de interoperabilidad, lo que significa que se puede utilizar en aplicaciones y servicios tanto dentro como fuera del ecosistema de Nervos. Esto permite la transferencia de valor entre diferentes blockchains y promueve la integraci\u00f3n de Nervos con otros proyectos y plataformas.<\/li>\n<li><strong>Almacenamiento de valor<\/strong>: Adem\u00e1s de su utilidad dentro del ecosistema de Nervos, el token CKB tambi\u00e9n se puede utilizar como una forma de almacenamiento de valor. Los usuarios pueden mantener CKB como una inversi\u00f3n a largo plazo, aprovechando la adopci\u00f3n creciente de Nervos y la demanda de la criptomoneda.<\/li>\n<li><strong>Mercados y exchanges<\/strong>: El token CKB se encuentra listado en varios exchanges de criptomonedas, lo que permite a los usuarios comprar, vender y negociar con \u00e9l. Al igual que otras criptomonedas, el precio del CKB est\u00e1 sujeto a la oferta y demanda del mercado, as\u00ed como a otros factores externos que pueden influir en su valor.<\/li>\n<\/ol>\n<p>&nbsp;<\/p>\n<p>&nbsp;<\/p>\n","protected":false},"excerpt":{"rendered":"<p>Apuesta segura para Bitmain, Antminer K7. \u00bfCrees que no podemos sorprenderte? \u00a1Espera, qu\u00e9date a leer todo sobre esta nueva m\u00e1quina de Bitmain ANTMINER K7! Se trata de la Antminer K7, que cuenta con una potencia de minado de 63.5T y un consumo el\u00e9ctrico de 3.080w\/h. Esta m\u00e1quina mina el algoritmo EAGLESONG, cuya \u00fanica moneda es [&hellip;]<\/p>\n","protected":false},"featured_media":995,"comment_status":"open","ping_status":"closed","template":"","meta":[],"product_brand":[],"product_cat":[19],"product_tag":[138],"class_list":{"0":"post-994","1":"product","2":"type-product","3":"status-publish","4":"has-post-thumbnail","6":"product_cat-mineros","7":"product_tag-mineros-para-avanzados","9":"first","10":"instock","11":"taxable","12":"shipping-taxable","13":"purchasable","14":"product-type-simple"},"_links":{"self":[{"href":"https:\/\/pruebas.michollo.to\/es_es\/wp-json\/wp\/v2\/product\/994","targetHints":{"allow":["GET"]}}],"collection":[{"href":"https:\/\/pruebas.michollo.to\/es_es\/wp-json\/wp\/v2\/product"}],"about":[{"href":"https:\/\/pruebas.michollo.to\/es_es\/wp-json\/wp\/v2\/types\/product"}],"replies":[{"embeddable":true,"href":"https:\/\/pruebas.michollo.to\/es_es\/wp-json\/wp\/v2\/comments?post=994"}],"wp:featuredmedia":[{"embeddable":true,"href":"https:\/\/pruebas.michollo.to\/es_es\/wp-json\/wp\/v2\/media\/995"}],"wp:attachment":[{"href":"https:\/\/pruebas.michollo.to\/es_es\/wp-json\/wp\/v2\/media?parent=994"}],"wp:term":[{"taxonomy":"product_brand","embeddable":true,"href":"https:\/\/pruebas.michollo.to\/es_es\/wp-json\/wp\/v2\/product_brand?post=994"},{"taxonomy":"product_cat","embeddable":true,"href":"https:\/\/pruebas.michollo.to\/es_es\/wp-json\/wp\/v2\/product_cat?post=994"},{"taxonomy":"product_tag","embeddable":true,"href":"https:\/\/pruebas.michollo.to\/es_es\/wp-json\/wp\/v2\/product_tag?post=994"}],"curies":[{"name":"wp","href":"https:\/\/api.w.org\/{rel}","templated":true}]}}