{"id":173,"date":"2022-10-14T06:23:03","date_gmt":"2022-10-14T10:23:03","guid":{"rendered":"https:\/\/pruebas.michollo.to\/?page_id=173"},"modified":"2022-10-14T06:23:04","modified_gmt":"2022-10-14T10:23:04","slug":"garantia-de-nuestros-productos","status":"publish","type":"page","link":"https:\/\/pruebas.michollo.to\/fr\/garantie-de-nos-produits\/","title":{"rendered":"Garantie de nos produits"},"content":{"rendered":"<p>Tous nos produits sont soumis \u00e0 une garantie. Nos produits (\u00e0 l'exception d'Asics) de la collection composants b\u00e9n\u00e9ficient d'une garantie de 2 ans.&nbsp;<\/p>\n\n\n\n<p>Garantie Asic Miners Nos Asic Miners vendus comme \"reconditionn\u00e9s\" ont une garantie de 6 mois \u00e0 partir de la date d'achat.<\/p>\n\n\n\n<p>Garantie Asic Miners Nos Asic Miners vendus \u00e0 l'\u00e9tat neuf b\u00e9n\u00e9ficient d'une garantie de 1 an \u00e0 compter de la date d'achat.<\/p>\n\n\n\n<p>Pour nous faire part d'un probl\u00e8me concernant votre produit ou pour toute autre question, veuillez nous contacter. Nous nous ferons un plaisir de vous aider !<\/p>\n\n\n\n<p>\ud83d\udce9 contacto@minandovoy.com<\/p>\n\n\n\n<p>\ud83d\udcde +34 919601881<\/p>","protected":false},"excerpt":{"rendered":"<p>Todos nuestros productos est\u00e1n sujetos a garant\u00eda. Nuestros productos ( Asics est\u00e1n exentos) de la colecci\u00f3n componentes est\u00e1n sujetos a una garant\u00eda de 2 a\u00f1os.&nbsp; Garant\u00eda mineros Asic nuestros mineros Asic vendidos como &#8220;reacondicionados&#8221; tienen 6 meses de garant\u00eda&nbsp;desde su compra. Garant\u00eda mineros Asic nuestros mineros Asic vendidos como nuevos tienen&nbsp;una garant\u00eda de 1 a\u00f1o [&hellip;]<\/p>\n","protected":false},"author":1,"featured_media":0,"parent":0,"menu_order":0,"comment_status":"closed","ping_status":"closed","template":"","meta":{"footnotes":""},"class_list":["post-173","page","type-page","status-publish","hentry"],"_links":{"self":[{"href":"https:\/\/pruebas.michollo.to\/fr\/wp-json\/wp\/v2\/pages\/173","targetHints":{"allow":["GET"]}}],"collection":[{"href":"https:\/\/pruebas.michollo.to\/fr\/wp-json\/wp\/v2\/pages"}],"about":[{"href":"https:\/\/pruebas.michollo.to\/fr\/wp-json\/wp\/v2\/types\/page"}],"author":[{"embeddable":true,"href":"https:\/\/pruebas.michollo.to\/fr\/wp-json\/wp\/v2\/users\/1"}],"replies":[{"embeddable":true,"href":"https:\/\/pruebas.michollo.to\/fr\/wp-json\/wp\/v2\/comments?post=173"}],"version-history":[{"count":0,"href":"https:\/\/pruebas.michollo.to\/fr\/wp-json\/wp\/v2\/pages\/173\/revisions"}],"wp:attachment":[{"href":"https:\/\/pruebas.michollo.to\/fr\/wp-json\/wp\/v2\/media?parent=173"}],"curies":[{"name":"wp","href":"https:\/\/api.w.org\/{rel}","templated":true}]}}