{"id":176,"date":"2022-10-14T06:26:27","date_gmt":"2022-10-14T10:26:27","guid":{"rendered":"https:\/\/pruebas.michollo.to\/?page_id=176"},"modified":"2022-10-14T06:29:34","modified_gmt":"2022-10-14T10:29:34","slug":"preguntas-frecuentes","status":"publish","type":"page","link":"https:\/\/pruebas.michollo.to\/fr\/questions-frequemment-posees\/","title":{"rendered":"Questions fr\u00e9quemment pos\u00e9es"},"content":{"rendered":"<h2 class=\"wp-block-heading\"><strong>Qu'est-ce qu'une plate-forme mini\u00e8re ?<\/strong><\/h2>\n\n\n\n<p>Une plateforme de minage est un ordinateur compos\u00e9 de plusieurs cartes graphiques (GPU) qui travaillent ensemble en utilisant leur VRAM et leur CPU pour valider les transferts au sein du r\u00e9seau d'une crypto-monnaie afin d'obtenir une r\u00e9compense.<\/p>\n\n\n\n<p>Le nombre de cartes graphiques et leur puissance sont limit\u00e9s par les autres composants de la plate-forme : carte m\u00e8re, blocs d'alimentation. Il est possible d'installer jusqu'\u00e0 13 cartes graphiques.<\/p>\n\n\n\n<p>Leurs principaux avantages par rapport aux ASIC sont : une consommation d'\u00e9nergie plus faible, un niveau de bruit plus faible qui leur permet d'\u00eatre install\u00e9s \u00e0 la maison et la possibilit\u00e9 de miner une vari\u00e9t\u00e9 de crypto-monnaies.<\/p>\n\n\n\n<h2 class=\"wp-block-heading\"><strong>O\u00f9 et dans quelles conditions installer une plate-forme mini\u00e8re ?<\/strong><\/h2>\n\n\n\n<p>Avant d'installer une plate-forme, nous devons r\u00e9fl\u00e9chir aux conditions dans lesquelles elle doit \u00eatre plac\u00e9e. Une plateforme d'exploitation mini\u00e8re est bas\u00e9e sur plusieurs cartes graphiques et autres composants informatiques qui g\u00e9n\u00e8rent de la chaleur, plus nous installons de cartes graphiques, plus la chaleur sera importante.<\/p>\n\n\n\n<p>Il faut tenir compte du fait qu'un appareil dans un appartement ou une maison doit se trouver dans une pi\u00e8ce dont la temp\u00e9rature est comprise entre 9\u00ba et 27\u00ba et disposer d'un c\u00e2ble internet avec une connexion stable directement au routeur ou \u00e0 un commutateur.<\/p>\n\n\n\n<p>La chaleur d\u00e9gag\u00e9e par la plate-forme peut \u00eatre utilis\u00e9e en partie pour chauffer un appartement ou une maison, car elle constitue une source de chaleur \u00e9quivalente \u00e0 une cuisini\u00e8re de 1500W \u00e0 2500W.<\/p>\n\n\n\n<h2 class=\"wp-block-heading\">Quelles crypto-monnaies et quels algorithmes puis-je miner avec Minando Voy rigs ?<\/h2>\n\n\n\n<p>Vous pouvez miner ces crypto-monnaies parmi d'autres :<\/p>\n\n\n\n<ul class=\"wp-block-list\"><li>RVN - RavenCOIN<\/li><li>ERGO<\/li><li>Bitcoin Gold.<\/li><li>Ethereum et Ethereum Classic.<\/li><li>Zcash<\/li><li>Monero<\/li><li>ZenClass et ZClassic<\/li><li>Pascal Coin.<\/li><li>D\u00e9cr\u00e9t\u00e9<\/li><li>Pirl<\/li><li>L'ella\u00efsme<\/li><li>Ubiq<\/li><li>L'\u00e9tendue<\/li><li>Musicoin<\/li><li>M\u00e9tavers<\/li><li>Zencash<\/li><li>Electroneum<\/li><li>Bytecoin<\/li><li>Siacoin<\/li><li>LBRY<\/li><\/ul>\n\n\n\n<p><\/p>\n\n\n\n<p>Et des algorithmes :<\/p>\n\n\n\n<ul class=\"wp-block-list\"><li>NeoScrypt<\/li><li>CryptoNight<\/li><li>Equihash<\/li><li>Ethash<\/li><li>Pascal<\/li><li>Lyra2REv2<\/li><li>Blake<\/li><\/ul>\n\n\n\n<h2 class=\"wp-block-heading\">Dois-je me mettre \u00e0 mon compte pour extraire des crypto-monnaies ?<\/h2>\n\n\n\n<p><strong>L'achat de crypto-monnaies n'implique pas l'obligation de les d\u00e9clarer.\u00a0<\/strong>dans le revenu. Elles ne doivent \u00eatre d\u00e9clar\u00e9es que lorsqu'elles sont vendues, de sorte que si aucun mouvement n'est effectu\u00e9 avec les devises acquises, il n'y a pas d'imp\u00f4t \u00e0 payer, puisqu'il n'y a pas de gain ou de perte.<\/p>\n\n\n\n<p>Les transactions en crypto-monnaies doivent \u00eatre incluses dans le&nbsp;<strong>bo\u00eete 389<\/strong>&nbsp;de la d\u00e9claration d'imp\u00f4t.<\/p>\n\n\n\n<p>Les&nbsp;<strong>pertes<\/strong>&nbsp;dans la vente de crypto-monnaies pourront&nbsp;<strong>\u00e0 compenser jusqu'\u00e0 25%<\/strong>. Si la vente de crypto-monnaies entra\u00eene une perte, celle-ci est compens\u00e9e par les gains provenant d'autres transferts, et si le r\u00e9sultat global est une perte, elle peut \u00eatre compens\u00e9e jusqu'\u00e0 25% par les gains en capital (s'il n'y a pas de gains, ils ne peuvent pas \u00eatre compens\u00e9s).<\/p>\n\n\n\n<p>Les&nbsp;<strong>le minage de crypto-monnaies n'implique pas de travail ind\u00e9pendant<\/strong>. Extraire des crypto-monnaies signifie fournir la puissance de traitement de l'ordinateur, aider \u00e0 effectuer des calculs et v\u00e9rifier les transactions en monnaie num\u00e9rique. Comme il s'agit d'une activit\u00e9 \u00e9conomique assimil\u00e9e \u00e0 toute autre activit\u00e9 salari\u00e9e, m\u00eame si elle est r\u00e9mun\u00e9r\u00e9e en crypto-monnaies, il est obligatoire de respecter les obligations qui s'appliquent \u00e0 ce type de travailleurs et de d\u00e9clarer les revenus en remplissant le formulaire 720.<\/p>\n\n\n\n<p><strong>Il est recommand\u00e9 de remplir le formulaire 720<\/strong>&nbsp;dans le cas o\u00f9 la valeur des crypto-monnaies (ou la somme des crypto-monnaies et des fonds ou titres d\u00e9pos\u00e9s dans des institutions financi\u00e8res situ\u00e9es \u00e0 l'\u00e9tranger) d\u00e9passe 50 000 euros.<\/p>\n\n\n\n<p>Dans le cas o\u00f9 l'on est oblig\u00e9 de d\u00e9clarer l'imp\u00f4t sur la fortune, la valeur des crypto-monnaies doit \u00eatre incluse au moment de la d\u00e9claration d'imp\u00f4t et payer selon le taux applicable. Cet imp\u00f4t a une exemption minimale de 500 000 euros (qui varie selon les communaut\u00e9s autonomes), ce qui signifie que vous n'avez pas \u00e0 le d\u00e9clarer \u00e0 moins d'avoir une valeur nette plus \u00e9lev\u00e9e.Que se passe-t-il apr\u00e8s l'entr\u00e9e de l'Etherum 2.0 ?<\/p>\n\n\n\n<p>Lorsque Etherum passera de la preuve de travail (PoW) \u00e0 la preuve d'enjeu (PoS),<\/p>\n\n\n\n<p>n'aura pas d'autre cons\u00e9quence qu'un simple changement dans la configuration des plates-formes.<\/p>\n\n\n\n<p>L'exploitation mini\u00e8re des autres cryptomonnaies est identique et leurs performances sont parfois m\u00eame sup\u00e9rieures.<\/p>\n\n\n\n<p>Il existe de nombreuses alternatives \u00e0 l'exploitation de l'Etherum et la fin de l'exploitation de l'Etherum ne devrait pas nous affecter lorsque nous consid\u00e9rons une plateforme comme un investissement \u00e0 long terme.<\/p>\n\n\n\n<p>Quelques exemples de minage : TonCoin, Alephium, Ergo, Ravencoin, Flux, etc.<\/p>\n\n\n\n<p>En plus des options de double exploitation mini\u00e8re.<\/p>\n\n\n\n<h2 class=\"wp-block-heading\">Qu'est-ce que le Dual Mining ?<\/h2>\n\n\n\n<p>Le nom \"dual mining\" parle de lui-m\u00eame : il s'agit d'une forme de minage parall\u00e8le de deux crypto-monnaies diff\u00e9rentes. Le mineur doit choisir la premi\u00e8re, la pi\u00e8ce principale, et une pi\u00e8ce secondaire. La charge de travail des GPU est donc plus \u00e9lev\u00e9e, mais les gains augmentent tr\u00e8s sensiblement entre un 25% et un 40%. Ce qui diminue consid\u00e9rablement le temps de retour sur investissement (ROI) du Rig en plus de diversifier notre pari dans le monde de la cryptographie.<\/p>\n\n\n\n<p>Il est possible d'obtenir deux monnaies diff\u00e9rentes en m\u00eame temps en utilisant un seul gr\u00e9ement, et c'est le principal avantage de cette m\u00e9thode qui la rend tr\u00e8s attrayante pour maximiser les performances des gr\u00e9ements.<\/p>\n\n\n\n<p>Les combinaisons les plus rentables sont actuellement le double minage Etherum+Toncoin et Etherum+Alephium.<br>\u00a0<\/p>","protected":false},"excerpt":{"rendered":"<p>\u00bfQu\u00e9 es un rig de miner\u00eda? Esencialmente un rig de miner\u00eda es un ordenador compuesto por varias tarjetas gr\u00e1ficas ( GPU\u00b4s) que trabajan en conjunto utilizando su memoria VRAM y CPU para validar las transferencias dentro de la red de una criptomoneda y obtener as\u00ed una recompensa. La cantidad de tarjetas gr\u00e1ficas y su potencia [&hellip;]<\/p>\n","protected":false},"author":1,"featured_media":0,"parent":0,"menu_order":0,"comment_status":"closed","ping_status":"closed","template":"page-faq.php","meta":{"footnotes":""},"class_list":["post-176","page","type-page","status-publish","hentry"],"_links":{"self":[{"href":"https:\/\/pruebas.michollo.to\/fr\/wp-json\/wp\/v2\/pages\/176","targetHints":{"allow":["GET"]}}],"collection":[{"href":"https:\/\/pruebas.michollo.to\/fr\/wp-json\/wp\/v2\/pages"}],"about":[{"href":"https:\/\/pruebas.michollo.to\/fr\/wp-json\/wp\/v2\/types\/page"}],"author":[{"embeddable":true,"href":"https:\/\/pruebas.michollo.to\/fr\/wp-json\/wp\/v2\/users\/1"}],"replies":[{"embeddable":true,"href":"https:\/\/pruebas.michollo.to\/fr\/wp-json\/wp\/v2\/comments?post=176"}],"version-history":[{"count":0,"href":"https:\/\/pruebas.michollo.to\/fr\/wp-json\/wp\/v2\/pages\/176\/revisions"}],"wp:attachment":[{"href":"https:\/\/pruebas.michollo.to\/fr\/wp-json\/wp\/v2\/media?parent=176"}],"curies":[{"name":"wp","href":"https:\/\/api.w.org\/{rel}","templated":true}]}}